{"id":723334,"date":"2025-08-27T19:17:17","date_gmt":"2025-08-27T16:17:17","guid":{"rendered":"https:\/\/roveyayinevi.com.tr\/index.php\/urun\/tanri-isadan-tavr-i-isaya\/"},"modified":"2026-04-16T02:31:06","modified_gmt":"2026-04-15T23:31:06","slug":"tanri-isadan-tavr-i-isaya","status":"publish","type":"product","link":"https:\/\/roveyayinevi.com.tr\/index.php\/urun\/tanri-isadan-tavr-i-isaya\/","title":{"rendered":"Tanr\u0131 \u0130sa\u2019dan Tavr-\u0131 \u0130sa\u2019ya"},"content":{"rendered":"<p>Zeytin Da\u011f\u0131 Sohbetleri   G\u00fcncel H\u0131ristiyanl\u0131k, Hz. \u00ces\u00e2\u2019n\u0131n hak\u00eekatinden tamamen uzakla\u015ft\u0131r\u0131larak, Pavlus\u2019un elinde \u00e2ment\u00fcleri yeniden \u015fekillenen be\u015fer\u00ee bir dine d\u00f6n\u00fc\u015fm\u00fc\u015ft\u00fcr. Halbuki Hz. \u00ces\u00e2\u2019n\u0131n ve do\u011fal olarak Hz. Meryem\u2019in hak\u00eekati dinimiz taraf\u0131ndan \u00e7ok farkl\u0131 vaz edilmektedir. Elinizdeki \u00e7al\u0131\u015fman\u0131n \u201cTanr\u0131 \u00ces\u00e2\u2019dan Tavr-\u0131 \u00ces\u00e2\u2019ya\u201d ba\u015fl\u0131kl\u0131 birinci b\u00f6l\u00fcm\u00fcnde Kur\u2019\u00e2n-\u0131 Kerim\u2019in irf\u00e2n\u00ee bak\u0131\u015f a\u00e7\u0131s\u0131ndan feyz alarak, h\u0131ristiyanlar taraf\u0131ndan \u201cTanr\u0131 \u00ces\u00e2\u201d olarak vaz edilen Hz. \u00ces\u00e2\u2019n\u0131n hak\u00eekatindeki \u201cTavr-\u0131 \u00ces\u00e2\u201d ortaya konmaya gayret edilmi\u015ftir. Gayemiz Hz. Meryem ve Hz. \u00ces\u00e2 \u00fczerinde Kur\u2019\u00e2n merkezli yeniden d\u00fc\u015f\u00fcnmeye \u00e7al\u0131\u015fmakt\u0131r.   Bilindi\u011fi \u00fczere kimi kitaplar vard\u0131r; ne hikmettir bilinmez bas\u0131l\u0131p okuyucuyla bulu\u015ftuklar\u0131 zamanlarda ger\u00e7ek de\u011ferleri anla\u015f\u0131lmaz. Merhum Prof. Dr. Ahmed Y\u00fcksel \u00d6zemre\u2019nin \u00e7evirisini yapt\u0131\u011f\u0131 ve kendine \u00f6zg\u00fc irf\u00e2n\u00ee yorumlar\u0131yla 2002 y\u0131l\u0131nda yay\u0131nlad\u0131\u011f\u0131 ve i\u00e7erisinde Hz. \u00ces\u00e2\u2019n\u0131n 114 s\u00f6z\u00fc bulunan Az\u00eez Toma\u2019ya G\u00f6re \u0130nc\u00eel de i\u015fte b\u00f6yle bir kitapt\u0131r. Merhum Prof. Dr. \u00d6zemre bu s\u00f6zleri, \u0130sl\u00e2m\u2019\u0131n irf\u00e2n\u00ee vechesi ve bu vecheye has terminoloji ile yorumlam\u0131\u015ft\u0131r. Az\u00eez Toma\u2019ya G\u00f6re \u0130nc\u00eel\u2019de yer alan Hz. \u00ces\u00e2\u2019n\u0131n irf\u00e2n\u00ee \u00f6\u011fretisinin\/mesaj\u0131n\u0131n ana \u00e7izgileri b\u00fct\u00fcn\u00fcyle ele al\u0131nd\u0131\u011f\u0131nda bu mesaj, insan\u0131: a) kendi z\u00e2t\u0131n\u0131n esr\u00e2r\u0131na v\u00e2k\u0131f k\u0131lacak, b) d\u00fcnyev\u00ee hayat\u0131n \u015fartlar\u0131ndan hal\u00e2s edip ikinci bir do\u011fu\u015f gibi telakk\u00ee edilebilecek \u00e7ok \u00fcst\u00fcn bir idr\u00e2ke eri\u015ftirecek ve c) bu \u00c2lem\u2019e hem z\u00e2hir\u00ee ve hem de b\u00e2t\u0131n\u00ee a\u00e7\u0131dan bakabilmesini sa\u011flayacak olan k\u00f6kl\u00fc bir de\u011fi\u015fimin m\u00fcjdesini vermekte olmas\u0131ndan dolay\u0131 ger\u00e7ekten de bir inc\u00eel\/hayrl\u0131 haber olarak kabul edilmelidir.   \u0130\u015fte elinizdeki kitab\u0131n ikinci b\u00f6l\u00fcm\u00fc; Az\u00eez Toma\u2019ya G\u00f6re \u0130nc\u00eel\u2019de yer alan 114 s\u00f6zden baz\u0131lar\u0131n\u0131n sanki Hz. \u00ces\u00e2 ile kar\u015f\u0131l\u0131kl\u0131 konu\u015fuyormu\u015f gibi haz\u0131rlanm\u0131\u015f hayali bir kurgusundan ibarettir. Umar\u0131z bu metod; s\u00f6z konusu kitab\u0131n daha iyi anla\u015f\u0131lmas\u0131na ve Hz. \u00ces\u00e2\u2019n\u0131n irf\u00e2n\u00ee \u00f6\u011fretisinin daha geni\u015f bir kesime ula\u015fmas\u0131na vesile olacakt\u0131r. <\/p>\n","protected":false},"excerpt":{"rendered":"<p>Zeytin Da\u011f\u0131 Sohbetleri G\u00fcncel H\u0131ristiyanl\u0131k, Hz. \u00ces\u00e2\u2019n\u0131n hak\u00eekatinden tamamen uzakla\u015ft\u0131r\u0131larak, Pavlus\u2019un elinde \u00e2ment\u00fcleri yeniden \u015fekillenen be\u015fer\u00ee bir dine d\u00f6n\u00fc\u015fm\u00fc\u015ft\u00fcr. Halbuki Hz. \u00ces\u00e2\u2019n\u0131n ve do\u011fal olarak Hz.<span class=\"excerpt-hellip\"> [\u2026]<\/span><\/p>\n","protected":false},"featured_media":0,"template":"","meta":{"_monsterinsights_skip_tracking":false,"_monsterinsights_sitenote_active":false,"_monsterinsights_sitenote_note":"","_monsterinsights_sitenote_category":0},"product_brand":[],"product_cat":[12718,12719,15238],"product_tag":[],"class_list":{"0":"post-723334","1":"product","2":"type-product","3":"status-publish","5":"product_cat-din","6":"product_cat-islam","7":"product_cat-tasavvuf","8":"pa_cilt-ciltsiz","9":"pa_tur-kitap","10":"pa_yayinevi-hayykitap","11":"pa_yazar-necmettin-sahinler","13":"first","14":"instock","15":"sale","16":"shipping-taxable","17":"purchasable","18":"product-type-simple"},"_links":{"self":[{"href":"https:\/\/roveyayinevi.com.tr\/index.php\/wp-json\/wp\/v2\/product\/723334","targetHints":{"allow":["GET"]}}],"collection":[{"href":"https:\/\/roveyayinevi.com.tr\/index.php\/wp-json\/wp\/v2\/product"}],"about":[{"href":"https:\/\/roveyayinevi.com.tr\/index.php\/wp-json\/wp\/v2\/types\/product"}],"wp:attachment":[{"href":"https:\/\/roveyayinevi.com.tr\/index.php\/wp-json\/wp\/v2\/media?parent=723334"}],"wp:term":[{"taxonomy":"product_brand","embeddable":true,"href":"https:\/\/roveyayinevi.com.tr\/index.php\/wp-json\/wp\/v2\/product_brand?post=723334"},{"taxonomy":"product_cat","embeddable":true,"href":"https:\/\/roveyayinevi.com.tr\/index.php\/wp-json\/wp\/v2\/product_cat?post=723334"},{"taxonomy":"product_tag","embeddable":true,"href":"https:\/\/roveyayinevi.com.tr\/index.php\/wp-json\/wp\/v2\/product_tag?post=723334"}],"curies":[{"name":"wp","href":"https:\/\/api.w.org\/{rel}","templated":true}]}}