{"id":723333,"date":"2025-08-27T19:17:16","date_gmt":"2025-08-27T16:17:16","guid":{"rendered":"https:\/\/roveyayinevi.com.tr\/index.php\/urun\/icimizdeki-seytan-19\/"},"modified":"2026-04-16T02:31:06","modified_gmt":"2026-04-15T23:31:06","slug":"icimizdeki-seytan-19","status":"publish","type":"product","link":"https:\/\/roveyayinevi.com.tr\/index.php\/urun\/icimizdeki-seytan-19\/","title":{"rendered":"\u0130\u00e7imizdeki \u015eeytan"},"content":{"rendered":"<p>\u201c\u2026bazen b\u00fct\u00fcn insanlar\u0131 boyunlar\u0131na sar\u0131l\u0131p \u00f6pecek kadar seviyorum, bazen de hi\u00e7birinin y\u00fcz\u00fcn\u00fc g\u00f6rmek istemiyorum. Bu nefret filan de\u011fil&#8230; \u0130nsanlardan nefret etmeyi d\u00fc\u015f\u00fcnmedim bile&#8230; Sadece bir yaln\u0131zl\u0131k ihtiyac\u0131. \u00d6yle g\u00fcnlerim oluyor ki etraf\u0131mda k\u00fc\u00e7\u00fck bir hareket, en hafif bir ses bile istemiyorum. Ta\u015f\u0131p d\u00f6k\u00fclecek kadar kendi kendimi doyurdu\u011fumu hissediyorum. Kafamda, hi\u00e7bir \u015feyle de\u011fi\u015filmesi m\u00fcmk\u00fcn olmayan b\u00fcy\u00fck hayaller, bana her \u015feyden daha g\u00fc\u00e7l\u00fc g\u00f6r\u00fcnen fikirler birbirini koval\u0131yor&#8230; Ama sonra birdenbire etraf\u0131mda bana yak\u0131n birini ar\u0131yorum. B\u00fct\u00fcn bu beynimde ge\u00e7en \u015feyleri teker teker, uzun uzun anlatacak birini. O zaman ne kadar hazin bir h\u00e2l ald\u0131\u011f\u0131m\u0131 hayal edemezsiniz.\u201dSabahattin Ali\u2019nin en \u00e7ok okunan kitaplar\u0131 aras\u0131nda yer alan \u201c\u0130\u00e7imizdeki \u015eeytan\u201d adl\u0131 roman\u0131 realist bir eserdir. \u00d6mer ve Macide\u2019nin a\u015fk\u0131 \u00e7er\u00e7evesinde geleneksellikle modernlik o d\u00f6nemin ko\u015fullar\u0131nda kar\u015f\u0131la\u015ft\u0131r\u0131lm\u0131\u015ft\u0131r.<\/p>\n","protected":false},"excerpt":{"rendered":"<p>\u201c\u2026bazen b\u00fct\u00fcn insanlar\u0131 boyunlar\u0131na sar\u0131l\u0131p \u00f6pecek kadar seviyorum, bazen de hi\u00e7birinin y\u00fcz\u00fcn\u00fc g\u00f6rmek istemiyorum. Bu nefret filan de\u011fil&#8230; \u0130nsanlardan nefret etmeyi d\u00fc\u015f\u00fcnmedim bile&#8230; Sadece bir yaln\u0131zl\u0131k<span class=\"excerpt-hellip\"> [\u2026]<\/span><\/p>\n","protected":false},"featured_media":0,"template":"","meta":{"_monsterinsights_skip_tracking":false,"_monsterinsights_sitenote_active":false,"_monsterinsights_sitenote_note":"","_monsterinsights_sitenote_category":0},"product_brand":[],"product_cat":[12291,12711],"product_tag":[],"class_list":{"0":"post-723333","1":"product","2":"type-product","3":"status-publish","5":"product_cat-edebiyat","6":"product_cat-roman-oyku","7":"pa_cilt-ciltsiz","8":"pa_tur-kitap","9":"pa_yayinevi-vaveyla-yayincilik","10":"pa_yazar-sabahattin-ali","12":"first","13":"instock","14":"sale","15":"shipping-taxable","16":"purchasable","17":"product-type-simple"},"_links":{"self":[{"href":"https:\/\/roveyayinevi.com.tr\/index.php\/wp-json\/wp\/v2\/product\/723333","targetHints":{"allow":["GET"]}}],"collection":[{"href":"https:\/\/roveyayinevi.com.tr\/index.php\/wp-json\/wp\/v2\/product"}],"about":[{"href":"https:\/\/roveyayinevi.com.tr\/index.php\/wp-json\/wp\/v2\/types\/product"}],"wp:attachment":[{"href":"https:\/\/roveyayinevi.com.tr\/index.php\/wp-json\/wp\/v2\/media?parent=723333"}],"wp:term":[{"taxonomy":"product_brand","embeddable":true,"href":"https:\/\/roveyayinevi.com.tr\/index.php\/wp-json\/wp\/v2\/product_brand?post=723333"},{"taxonomy":"product_cat","embeddable":true,"href":"https:\/\/roveyayinevi.com.tr\/index.php\/wp-json\/wp\/v2\/product_cat?post=723333"},{"taxonomy":"product_tag","embeddable":true,"href":"https:\/\/roveyayinevi.com.tr\/index.php\/wp-json\/wp\/v2\/product_tag?post=723333"}],"curies":[{"name":"wp","href":"https:\/\/api.w.org\/{rel}","templated":true}]}}