{"id":723330,"date":"2025-08-27T19:17:14","date_gmt":"2025-08-27T16:17:14","guid":{"rendered":"https:\/\/roveyayinevi.com.tr\/index.php\/urun\/kod-adi-insan\/"},"modified":"2026-04-16T02:31:06","modified_gmt":"2026-04-15T23:31:06","slug":"kod-adi-insan","status":"publish","type":"product","link":"https:\/\/roveyayinevi.com.tr\/index.php\/urun\/kod-adi-insan\/","title":{"rendered":"Kod Ad\u0131 &#8211; \u0130nsan"},"content":{"rendered":"<p>Bir\u00e7ok ki\u015fi ya\u015fam\u0131n\u0131 her \u015feye \u201cevet\u201d diyerek kolayla\u015ft\u0131rd\u0131\u011f\u0131n\u0131 zanneder. Ancak, sizin i\u00e7in gerekli olan durumlarda ve zamanlarda \u201chay\u0131r\u201d demeyi \u00f6\u011frendi\u011finizde ya\u015fam\u0131n \u00e7ok daha kolayla\u015ft\u0131\u011f\u0131n\u0131 g\u00f6receksiniz. Ya\u015fam\u0131 bazen fark\u0131nda olmadan bizler zorla\u015ft\u0131r\u0131yoruz. Ya da ya\u015fam\u0131 daha \u00e7ok kolayla\u015ft\u0131rmak ad\u0131na yapt\u0131\u011f\u0131m\u0131z bir\u00e7ok \u015fey ya\u015fam\u0131m\u0131z\u0131 daha da zorla\u015ft\u0131rabiliyor.  Bug\u00fcne kadar ya\u015fam\u0131n\u0131zda \u201chay\u0131r\u201d demekte \u00e7ok zorland\u0131ysan\u0131z ya da bir \u015feyleri kaybetmemek ad\u0131na \u201chay\u0131r\u201d demekten hep ka\u00e7\u0131nd\u0131ysan\u0131z art\u0131k \u201chay\u0131r\u201d demeyi \u00f6\u011frenmenin tam zaman\u0131\u2026 <\/p>\n","protected":false},"excerpt":{"rendered":"<p>Bir\u00e7ok ki\u015fi ya\u015fam\u0131n\u0131 her \u015feye \u201cevet\u201d diyerek kolayla\u015ft\u0131rd\u0131\u011f\u0131n\u0131 zanneder. Ancak, sizin i\u00e7in gerekli olan durumlarda ve zamanlarda \u201chay\u0131r\u201d demeyi \u00f6\u011frendi\u011finizde ya\u015fam\u0131n \u00e7ok daha kolayla\u015ft\u0131\u011f\u0131n\u0131 g\u00f6receksiniz. Ya\u015fam\u0131<span class=\"excerpt-hellip\"> [\u2026]<\/span><\/p>\n","protected":false},"featured_media":0,"template":"","meta":{"_monsterinsights_skip_tracking":false,"_monsterinsights_sitenote_active":false,"_monsterinsights_sitenote_note":"","_monsterinsights_sitenote_category":0},"product_brand":[],"product_cat":[12358,12357],"product_tag":[],"class_list":{"0":"post-723330","1":"product","2":"type-product","3":"status-publish","5":"product_cat-genel-psikoloji","6":"product_cat-psikoloji","7":"pa_cilt-ciltsiz","8":"pa_tur-kitap","9":"pa_yayinevi-inkilap-kitabevi","10":"pa_yazar-cagatay-ozturk","12":"first","13":"instock","14":"sale","15":"shipping-taxable","16":"purchasable","17":"product-type-simple"},"_links":{"self":[{"href":"https:\/\/roveyayinevi.com.tr\/index.php\/wp-json\/wp\/v2\/product\/723330","targetHints":{"allow":["GET"]}}],"collection":[{"href":"https:\/\/roveyayinevi.com.tr\/index.php\/wp-json\/wp\/v2\/product"}],"about":[{"href":"https:\/\/roveyayinevi.com.tr\/index.php\/wp-json\/wp\/v2\/types\/product"}],"wp:attachment":[{"href":"https:\/\/roveyayinevi.com.tr\/index.php\/wp-json\/wp\/v2\/media?parent=723330"}],"wp:term":[{"taxonomy":"product_brand","embeddable":true,"href":"https:\/\/roveyayinevi.com.tr\/index.php\/wp-json\/wp\/v2\/product_brand?post=723330"},{"taxonomy":"product_cat","embeddable":true,"href":"https:\/\/roveyayinevi.com.tr\/index.php\/wp-json\/wp\/v2\/product_cat?post=723330"},{"taxonomy":"product_tag","embeddable":true,"href":"https:\/\/roveyayinevi.com.tr\/index.php\/wp-json\/wp\/v2\/product_tag?post=723330"}],"curies":[{"name":"wp","href":"https:\/\/api.w.org\/{rel}","templated":true}]}}