{"id":723325,"date":"2025-08-27T19:17:10","date_gmt":"2025-08-27T16:17:10","guid":{"rendered":"https:\/\/roveyayinevi.com.tr\/index.php\/urun\/islami-perspektiften-iktisadi-paradigmalar\/"},"modified":"2026-04-16T02:31:06","modified_gmt":"2026-04-15T23:31:06","slug":"islami-perspektiften-iktisadi-paradigmalar","status":"publish","type":"product","link":"https:\/\/roveyayinevi.com.tr\/index.php\/urun\/islami-perspektiften-iktisadi-paradigmalar\/","title":{"rendered":"\u0130slami Perspektiften \u0130ktisadi Paradigmalar"},"content":{"rendered":"<p>Bu kitapta, islam ekonomisi ekseninde bir\u00e7ok konuya; farkl\u0131l\u0131klar\u0131 birle\u015ftiren, \u00f6zl\u00fc ve b\u00fct\u00fcnc\u00fcl bir y\u00f6ntem ile analiz ve \u00e7\u00f6z\u00fcmlemeler sunma, hem \u0130slam ekonomisi ve hem de kamu y\u00f6netimi disiplinler-ini birlikte ele alma gayreti g\u00f6sterilmi\u015ftir.\u00d6zellikle \u0130slam\u2019da iktisat politikas\u0131 ve kamu maliyesi ulusal ve yerel \u00f6l\u00e7ekte politika, strateji ve planlama yakla\u015f\u0131m\u0131n\u0131n da dikkate al\u0131nmas\u0131n\u0131 gerektirmektedir. Ekonomik akt\u00f6rler ve t\u00fcketici terci-hleri kadar devlet idarecilerinin ve politika yap\u0131c\u0131lar\u0131n\u0131n da d\u00fcnya hayat\u0131 ile ahiret i\u015flerine yakla\u015f\u0131m ve kabulleri T\u00fcrkiye\u2019de ve benzer \u00fclkelerde b\u00fcy\u00fck \u00f6nem arz etmektedir. Bu alanda yaz\u0131lm\u0131\u015f eserlerin hulasas\u0131n\u0131n tevhid nokta-i nazar\u0131yla yeniden yorumlamas\u0131n\u0131 i\u00e7eren bu \u00e7al\u0131\u015fmam\u0131z, on sekiz ana b\u00f6l\u00fcm-den m\u00fcte\u015fekkildir. Her bir b\u00f6l\u00fcm bir ara\u015ft\u0131rma yakla\u015f\u0131m\u0131yla tespit edici, betimleyici, kar\u015f\u0131la\u015ft\u0131r\u0131c\u0131 ve \u00e7\u00f6z\u00fcmleyici bir y\u00f6ntemle ortaya konulmaktad\u0131r. \u0130slam ekonomisinin bilimsel disiplin olarak ili\u015fkili oldu\u011fu alanlar g\u00f6sterilmektedir. Bu, \u0130slam ekonomisinin bilimsel disiplin olarak kabul edilebilirli\u011fi ve di\u011fer alanlarla ne derecede ili\u015fkili oldu\u011funun ortaya konulmas\u0131 a\u00e7\u0131s\u0131ndan \u00f6nem arz etmektedir.<\/p>\n","protected":false},"excerpt":{"rendered":"<p>Bu kitapta, islam ekonomisi ekseninde bir\u00e7ok konuya; farkl\u0131l\u0131klar\u0131 birle\u015ftiren, \u00f6zl\u00fc ve b\u00fct\u00fcnc\u00fcl bir y\u00f6ntem ile analiz ve \u00e7\u00f6z\u00fcmlemeler sunma, hem \u0130slam ekonomisi ve hem de kamu<span class=\"excerpt-hellip\"> [\u2026]<\/span><\/p>\n","protected":false},"featured_media":0,"template":"","meta":{"_monsterinsights_skip_tracking":false,"_monsterinsights_sitenote_active":false,"_monsterinsights_sitenote_note":"","_monsterinsights_sitenote_category":0},"product_brand":[],"product_cat":[20333,13043],"product_tag":[],"class_list":{"0":"post-723325","1":"product","2":"type-product","3":"status-publish","5":"product_cat-diger-ekonomi","6":"product_cat-ekonomi","7":"pa_cilt-ciltsiz","8":"pa_tur-kitap","9":"pa_yayinevi-astana-yayinlari","10":"pa_yazar-ahmet-efe","12":"first","13":"instock","14":"sale","15":"shipping-taxable","16":"purchasable","17":"product-type-simple"},"_links":{"self":[{"href":"https:\/\/roveyayinevi.com.tr\/index.php\/wp-json\/wp\/v2\/product\/723325","targetHints":{"allow":["GET"]}}],"collection":[{"href":"https:\/\/roveyayinevi.com.tr\/index.php\/wp-json\/wp\/v2\/product"}],"about":[{"href":"https:\/\/roveyayinevi.com.tr\/index.php\/wp-json\/wp\/v2\/types\/product"}],"wp:attachment":[{"href":"https:\/\/roveyayinevi.com.tr\/index.php\/wp-json\/wp\/v2\/media?parent=723325"}],"wp:term":[{"taxonomy":"product_brand","embeddable":true,"href":"https:\/\/roveyayinevi.com.tr\/index.php\/wp-json\/wp\/v2\/product_brand?post=723325"},{"taxonomy":"product_cat","embeddable":true,"href":"https:\/\/roveyayinevi.com.tr\/index.php\/wp-json\/wp\/v2\/product_cat?post=723325"},{"taxonomy":"product_tag","embeddable":true,"href":"https:\/\/roveyayinevi.com.tr\/index.php\/wp-json\/wp\/v2\/product_tag?post=723325"}],"curies":[{"name":"wp","href":"https:\/\/api.w.org\/{rel}","templated":true}]}}