{"id":723323,"date":"2025-08-27T19:17:09","date_gmt":"2025-08-27T16:17:09","guid":{"rendered":"https:\/\/roveyayinevi.com.tr\/index.php\/urun\/gercekligin-olumlu-kurabiyesi\/"},"modified":"2026-04-16T02:31:06","modified_gmt":"2026-04-15T23:31:06","slug":"gercekligin-olumlu-kurabiyesi","status":"publish","type":"product","link":"https:\/\/roveyayinevi.com.tr\/index.php\/urun\/gercekligin-olumlu-kurabiyesi\/","title":{"rendered":"Ger\u00e7ekli\u011fin \u00d6l\u00fcml\u00fc Kurabiyesi"},"content":{"rendered":"<p>\u201cD\u00fcnya, i\u00e7inde sinek olan bir tabak yemekten \u00e7ok daha korkun\u00e7 bir yer. Hatta bir dolu kurt\u00e7u\u011fun kemirdi\u011fi, \u00e7\u00fcr\u00fcyen bir yer buras\u0131. Ama buna ra\u011fmen her sabah kalk\u0131yoruz ve g\u00fcne\u015fin do\u011fu\u015funda ya da bat\u0131\u015f\u0131nda romantik anlamlar bulup mutlu olmaya \u00e7al\u0131\u015f\u0131yoruz. \u00c7imenlerin kokusunu, yeni a\u00e7m\u0131\u015f \u00e7i\u00e7ekleri ya da bir \u00e7ocuk g\u00fcl\u00fc\u015f\u00fcn\u00fc bahane ederek hayat\u0131n g\u00fczelliklerinden bahsetmeye c\u00fcret ediyoruz. H\u00e2lbuki olup biten ortada. D\u00fcnyan\u0131n g\u00fczel oldu\u011funun, hayat\u0131n ya\u015fan\u0131labilir oldu\u011funun s\u00f6ylendi\u011fi her dakikaya kar\u015f\u0131l\u0131k ba\u015fka yerlerde bir zul\u00fcm ger\u00e7ekle\u015fiyor. Bunu g\u00f6rm\u00fcyor ya da duymuyor olu\u015fumuz onu yok etmiyor. Diyece\u011fim \u015fu ki: d\u00fcnyada yaln\u0131zca tek bir k\u00f6t\u00fcl\u00fck dahi olsa ve ben onu g\u00f6rm\u00fcyor bile olsam ama yine de varl\u0131\u011f\u0131ndan haberdarsam, o d\u00fcnya g\u00fczel de\u011fildir.\u201d<\/p>\n","protected":false},"excerpt":{"rendered":"<p>\u201cD\u00fcnya, i\u00e7inde sinek olan bir tabak yemekten \u00e7ok daha korkun\u00e7 bir yer. Hatta bir dolu kurt\u00e7u\u011fun kemirdi\u011fi, \u00e7\u00fcr\u00fcyen bir yer buras\u0131. Ama buna ra\u011fmen her sabah<span class=\"excerpt-hellip\"> [\u2026]<\/span><\/p>\n","protected":false},"featured_media":0,"template":"","meta":{"_monsterinsights_skip_tracking":false,"_monsterinsights_sitenote_active":false,"_monsterinsights_sitenote_note":"","_monsterinsights_sitenote_category":0},"product_brand":[],"product_cat":[12291,12711],"product_tag":[],"class_list":{"0":"post-723323","1":"product","2":"type-product","3":"status-publish","5":"product_cat-edebiyat","6":"product_cat-roman-oyku","7":"pa_cilt-ciltsiz","8":"pa_tur-kitap","9":"pa_yayinevi-perseus","10":"pa_yazar-arman-kal","12":"first","13":"instock","14":"sale","15":"shipping-taxable","16":"purchasable","17":"product-type-simple"},"_links":{"self":[{"href":"https:\/\/roveyayinevi.com.tr\/index.php\/wp-json\/wp\/v2\/product\/723323","targetHints":{"allow":["GET"]}}],"collection":[{"href":"https:\/\/roveyayinevi.com.tr\/index.php\/wp-json\/wp\/v2\/product"}],"about":[{"href":"https:\/\/roveyayinevi.com.tr\/index.php\/wp-json\/wp\/v2\/types\/product"}],"wp:attachment":[{"href":"https:\/\/roveyayinevi.com.tr\/index.php\/wp-json\/wp\/v2\/media?parent=723323"}],"wp:term":[{"taxonomy":"product_brand","embeddable":true,"href":"https:\/\/roveyayinevi.com.tr\/index.php\/wp-json\/wp\/v2\/product_brand?post=723323"},{"taxonomy":"product_cat","embeddable":true,"href":"https:\/\/roveyayinevi.com.tr\/index.php\/wp-json\/wp\/v2\/product_cat?post=723323"},{"taxonomy":"product_tag","embeddable":true,"href":"https:\/\/roveyayinevi.com.tr\/index.php\/wp-json\/wp\/v2\/product_tag?post=723323"}],"curies":[{"name":"wp","href":"https:\/\/api.w.org\/{rel}","templated":true}]}}