{"id":723318,"date":"2025-08-27T19:17:05","date_gmt":"2025-08-27T16:17:05","guid":{"rendered":"https:\/\/roveyayinevi.com.tr\/index.php\/urun\/tyt-felsefe-40-deneme\/"},"modified":"2026-04-05T02:37:45","modified_gmt":"2026-04-04T23:37:45","slug":"tyt-felsefe-40-deneme","status":"publish","type":"product","link":"https:\/\/roveyayinevi.com.tr\/index.php\/urun\/tyt-felsefe-40-deneme\/","title":{"rendered":"TYT Felsefe 40 Deneme"},"content":{"rendered":"<p>TYT s\u0131nav\u0131na haz\u0131rl\u0131k amac\u0131yla bug\u00fcne kadar edindi\u011finiz kazan\u0131mlar\u0131 s\u0131navda en \u00fcst d\u00fczeyde yans\u0131tabilmeniz i\u00e7in, tamam\u0131 \u00d6SYM tarz\u0131nda ve yeni nesil sorulardan olu\u015fan 40 deneme haz\u0131rlad\u0131k.          S\u0131nav sorular\u0131n\u0131n da\u011f\u0131l\u0131m\u0131n\u0131 ve i\u00e7eri\u011fini g\u00f6rmeniz i\u00e7in de denemelerin soru say\u0131s\u0131n\u0131, TYT s\u0131nav\u0131yla uyumlu \u015fekilde belirledik. Bu 40 deneme, hem kendinizi s\u0131naman\u0131za hem de TYT konular\u0131n\u0131 ba\u015ftan itibaren tekrarlayarak eksik kalan kazan\u0131mlar\u0131 g\u00f6r\u00fcp tamamlaman\u0131za f\u0131rsat  \u00d6zg\u00fcn ve yeni nesil sorularla haz\u0131rlanan bu 40 denemeyle rakiplerinize fark ataca\u011f\u0131n\u0131za inan\u0131yoruz.           Girece\u011finiz t\u00fcm s\u0131navlarda ba\u015far\u0131lar dileriz.<\/p>\n","protected":false},"excerpt":{"rendered":"<p>TYT s\u0131nav\u0131na haz\u0131rl\u0131k amac\u0131yla bug\u00fcne kadar edindi\u011finiz kazan\u0131mlar\u0131 s\u0131navda en \u00fcst d\u00fczeyde yans\u0131tabilmeniz i\u00e7in, tamam\u0131 \u00d6SYM tarz\u0131nda ve yeni nesil sorulardan olu\u015fan 40 deneme haz\u0131rlad\u0131k. S\u0131nav<span class=\"excerpt-hellip\"> [\u2026]<\/span><\/p>\n","protected":false},"featured_media":0,"template":"","meta":{"_monsterinsights_skip_tracking":false,"_monsterinsights_sitenote_active":false,"_monsterinsights_sitenote_note":"","_monsterinsights_sitenote_category":0},"product_brand":[],"product_cat":[12566,13473,70247,70248,51999,51998],"product_tag":[],"class_list":{"0":"post-723318","1":"product","2":"type-product","3":"status-publish","5":"product_cat-egitim","6":"product_cat-sinavlara-hazirlik-okula-yardimci-kaynaklar","7":"product_cat-tyt-denemeler","8":"product_cat-tyt-felsefe-deneme","9":"product_cat-tyt-kitaplari","10":"product_cat-yks-kitaplari","11":"pa_cilt-ciltsiz","12":"pa_tur-kitap","13":"pa_yayinevi-delta-kultur-yayinevi","14":"pa_yazar-baris-koksoy","16":"first","17":"instock","18":"sale","19":"shipping-taxable","20":"purchasable","21":"product-type-simple"},"_links":{"self":[{"href":"https:\/\/roveyayinevi.com.tr\/index.php\/wp-json\/wp\/v2\/product\/723318","targetHints":{"allow":["GET"]}}],"collection":[{"href":"https:\/\/roveyayinevi.com.tr\/index.php\/wp-json\/wp\/v2\/product"}],"about":[{"href":"https:\/\/roveyayinevi.com.tr\/index.php\/wp-json\/wp\/v2\/types\/product"}],"wp:attachment":[{"href":"https:\/\/roveyayinevi.com.tr\/index.php\/wp-json\/wp\/v2\/media?parent=723318"}],"wp:term":[{"taxonomy":"product_brand","embeddable":true,"href":"https:\/\/roveyayinevi.com.tr\/index.php\/wp-json\/wp\/v2\/product_brand?post=723318"},{"taxonomy":"product_cat","embeddable":true,"href":"https:\/\/roveyayinevi.com.tr\/index.php\/wp-json\/wp\/v2\/product_cat?post=723318"},{"taxonomy":"product_tag","embeddable":true,"href":"https:\/\/roveyayinevi.com.tr\/index.php\/wp-json\/wp\/v2\/product_tag?post=723318"}],"curies":[{"name":"wp","href":"https:\/\/api.w.org\/{rel}","templated":true}]}}