{"id":723315,"date":"2025-08-27T19:17:03","date_gmt":"2025-08-27T16:17:03","guid":{"rendered":"https:\/\/roveyayinevi.com.tr\/index.php\/urun\/castaranin-mevsimleri\/"},"modified":"2026-04-13T02:38:03","modified_gmt":"2026-04-12T23:38:03","slug":"castaranin-mevsimleri","status":"publish","type":"product","link":"https:\/\/roveyayinevi.com.tr\/index.php\/urun\/castaranin-mevsimleri\/","title":{"rendered":"\u00c7astara&#8217;n\u0131n Mevsimleri"},"content":{"rendered":"<p>\u0130lk hik\u00e2yesinde 3\u2019\u00fc arayan \u00c7astara, bu hik\u00e2yede, annesiyle birlikte mevsimler aras\u0131nda bir tren yolculu\u011funa \u00e7\u0131k\u0131yor. \u0130lkbahardan yaza, sonbahardan k\u0131\u015fa uzanan bu keyifli maceraya ortak olmak ister misiniz? Hadi o zaman atlay\u0131n vagonlardan birinin i\u00e7ine, d\u00fc\u015f\u00fcn ard\u0131 s\u0131ra maceran\u0131n pe\u015fine!   Senem Dicle \u00d6zler taraf\u0131ndan yaz\u0131lan ve Erhan G\u00fcnem taraf\u0131ndan resimlenen bu hik\u00e2yede, \u00c7astara annesiyle birlikte mevsimler aras\u0131nda bir yolculu\u011fa \u00e7\u0131k\u0131yor.<\/p>\n","protected":false},"excerpt":{"rendered":"<p>\u0130lk hik\u00e2yesinde 3\u2019\u00fc arayan \u00c7astara, bu hik\u00e2yede, annesiyle birlikte mevsimler aras\u0131nda bir tren yolculu\u011funa \u00e7\u0131k\u0131yor. \u0130lkbahardan yaza, sonbahardan k\u0131\u015fa uzanan bu keyifli maceraya ortak olmak ister<span class=\"excerpt-hellip\"> [\u2026]<\/span><\/p>\n","protected":false},"featured_media":0,"template":"","meta":{"_monsterinsights_skip_tracking":false,"_monsterinsights_sitenote_active":false,"_monsterinsights_sitenote_note":"","_monsterinsights_sitenote_category":0},"product_brand":[],"product_cat":[12274,12284],"product_tag":[],"class_list":{"0":"post-723315","1":"product","2":"type-product","3":"status-publish","5":"product_cat-cocuk-ve-genclik-kitaplari","6":"product_cat-hikayeler","7":"pa_cilt-ciltsiz","8":"pa_tur-kitap","9":"pa_yayinevi-potikare-yayincilik","10":"pa_yazar-senem-dicle-ozler","12":"first","13":"instock","14":"sale","15":"shipping-taxable","16":"purchasable","17":"product-type-simple"},"_links":{"self":[{"href":"https:\/\/roveyayinevi.com.tr\/index.php\/wp-json\/wp\/v2\/product\/723315","targetHints":{"allow":["GET"]}}],"collection":[{"href":"https:\/\/roveyayinevi.com.tr\/index.php\/wp-json\/wp\/v2\/product"}],"about":[{"href":"https:\/\/roveyayinevi.com.tr\/index.php\/wp-json\/wp\/v2\/types\/product"}],"wp:attachment":[{"href":"https:\/\/roveyayinevi.com.tr\/index.php\/wp-json\/wp\/v2\/media?parent=723315"}],"wp:term":[{"taxonomy":"product_brand","embeddable":true,"href":"https:\/\/roveyayinevi.com.tr\/index.php\/wp-json\/wp\/v2\/product_brand?post=723315"},{"taxonomy":"product_cat","embeddable":true,"href":"https:\/\/roveyayinevi.com.tr\/index.php\/wp-json\/wp\/v2\/product_cat?post=723315"},{"taxonomy":"product_tag","embeddable":true,"href":"https:\/\/roveyayinevi.com.tr\/index.php\/wp-json\/wp\/v2\/product_tag?post=723315"}],"curies":[{"name":"wp","href":"https:\/\/api.w.org\/{rel}","templated":true}]}}