{"id":723311,"date":"2025-08-27T19:17:00","date_gmt":"2025-08-27T16:17:00","guid":{"rendered":"https:\/\/roveyayinevi.com.tr\/index.php\/urun\/histerinin-ana-septomlari\/"},"modified":"2026-04-16T02:31:06","modified_gmt":"2026-04-15T23:31:06","slug":"histerinin-ana-septomlari","status":"publish","type":"product","link":"https:\/\/roveyayinevi.com.tr\/index.php\/urun\/histerinin-ana-septomlari\/","title":{"rendered":"Histerinin Ana Septomlar\u0131"},"content":{"rendered":"<p>20. y\u00fczy\u0131l ba\u015f\u0131nda Fransa\u2019da psikoloji alan\u0131ndaki en \u00f6nemli \u015fahsiyetlerden biri olan Pierre Janet, Harvard \u00dcniversitesi T\u0131p Fak\u00fcltesi&#8217;nin yeni ve g\u00f6rkemli binalar\u0131n\u0131n a\u00e7\u0131l\u0131\u015f\u0131 vesilesiyle, patolojik psikoloji dersleri vermek \u00fczere Amerika\u2019ya davet edilir. \u201cBilin\u00e7alt\u0131\u201d kavram\u0131n\u0131n yarat\u0131c\u0131s\u0131 olan ve hem filozof, hem psikolog hem de doktor kimlikleri bulunan Janet, \u201chastan\u0131n zihinsel durumunu incelemenin kimi zaman bir\u00e7ok bozuklu\u011fu izah etmede nas\u0131l yararl\u0131 olabildi\u011fini g\u00f6stermek i\u00e7in ve g\u00f6r\u00fcn\u00fcrde uyu\u015fmayan semptomlara bir b\u00fct\u00fcnl\u00fck kazand\u0131rmak maksad\u0131yla iyi bilinen bir hastal\u0131k olan histeriye dair baz\u0131 temel psikolojik ara\u015ft\u0131rmalar\u0131\u201d \u00f6zetler. \u201cBu hastalar \u00fczerine \u00e7al\u0131\u015fmak, \u015fans\u0131m\u0131za nispeten kolay bir \u00e7al\u0131\u015fma olsa da ayn\u0131 zamanda hem felsefi hem bilimsel hem t\u0131bbi hem de pratik bak\u0131mlardan \u00e7ok \u00f6nemlidir. G\u00fcn\u00fcm\u00fczde ruhsal ve felsefi problemlere dair bir fikir sahibi olmak isteyen iyi e\u011fitimli her insan\u0131n bu m\u00fcstesna zihin hastal\u0131\u011f\u0131 ile alakal\u0131 bir \u015feyler bilmesi gerekti\u011fi kanaatindeyim; zira bu hastal\u0131k t\u00fcm dinlerin ve bat\u0131l inan\u00e7lar\u0131n tarihinde kayda de\u011fer bir yer tutar ve h\u00e2l\u00e2 en cezbedici ruhsal sorunlarda m\u00fchim bir rol oynamaktad\u0131r.\u201d    \u201cBir histeri vakas\u0131n\u0131 tan\u0131mamak ya da tedavi etmemek belki de o kadar m\u00fchim de\u011fildir; ancak daima \u00e7ok m\u00fchim olan \u015fey histerik vakay\u0131 ba\u015fka bir \u015feyle kar\u0131\u015ft\u0131rmak ve olmad\u0131\u011f\u0131 bir \u015fey i\u00e7in tedavi etmektir. Bu \u015fekilde yap\u0131lan t\u0131bbi hatalar\u0131 ve s\u0131kl\u0131kla i\u015flenen t\u0131bbi su\u00e7lar\u0131 hayal bile edemezsiniz. \u2026 Kesilen kollar\u0131, kas\u0131lmalar y\u00fcz\u00fcnden yar\u0131lan boyun kaslar\u0131n\u0131, yaln\u0131zca kramplar y\u00fcz\u00fcnden k\u0131r\u0131lan kemikleri, hayalet t\u00fcm\u00f6rler y\u00fcz\u00fcnden kesip a\u00e7\u0131lan kar\u0131nlar\u0131 ve \u00f6zellikle sahte yumurtal\u0131k t\u00fcm\u00f6rleri y\u00fcz\u00fcnden k\u0131s\u0131r b\u0131rak\u0131lan kad\u0131nlar\u0131 saymakla bitiremezsiniz.\u201d<\/p>\n","protected":false},"excerpt":{"rendered":"<p>20. y\u00fczy\u0131l ba\u015f\u0131nda Fransa\u2019da psikoloji alan\u0131ndaki en \u00f6nemli \u015fahsiyetlerden biri olan Pierre Janet, Harvard \u00dcniversitesi T\u0131p Fak\u00fcltesi&#8217;nin yeni ve g\u00f6rkemli binalar\u0131n\u0131n a\u00e7\u0131l\u0131\u015f\u0131 vesilesiyle, patolojik psikoloji dersleri<span class=\"excerpt-hellip\"> [\u2026]<\/span><\/p>\n","protected":false},"featured_media":0,"template":"","meta":{"_monsterinsights_skip_tracking":false,"_monsterinsights_sitenote_active":false,"_monsterinsights_sitenote_note":"","_monsterinsights_sitenote_category":0},"product_brand":[],"product_cat":[12358,12357],"product_tag":[],"class_list":{"0":"post-723311","1":"product","2":"type-product","3":"status-publish","5":"product_cat-genel-psikoloji","6":"product_cat-psikoloji","7":"pa_cilt-ciltsiz","8":"pa_tur-kitap","9":"pa_yayinevi-pinhan-yayincilik","10":"pa_yazar-pierre-janet","12":"first","13":"instock","14":"sale","15":"shipping-taxable","16":"purchasable","17":"product-type-simple"},"_links":{"self":[{"href":"https:\/\/roveyayinevi.com.tr\/index.php\/wp-json\/wp\/v2\/product\/723311","targetHints":{"allow":["GET"]}}],"collection":[{"href":"https:\/\/roveyayinevi.com.tr\/index.php\/wp-json\/wp\/v2\/product"}],"about":[{"href":"https:\/\/roveyayinevi.com.tr\/index.php\/wp-json\/wp\/v2\/types\/product"}],"wp:attachment":[{"href":"https:\/\/roveyayinevi.com.tr\/index.php\/wp-json\/wp\/v2\/media?parent=723311"}],"wp:term":[{"taxonomy":"product_brand","embeddable":true,"href":"https:\/\/roveyayinevi.com.tr\/index.php\/wp-json\/wp\/v2\/product_brand?post=723311"},{"taxonomy":"product_cat","embeddable":true,"href":"https:\/\/roveyayinevi.com.tr\/index.php\/wp-json\/wp\/v2\/product_cat?post=723311"},{"taxonomy":"product_tag","embeddable":true,"href":"https:\/\/roveyayinevi.com.tr\/index.php\/wp-json\/wp\/v2\/product_tag?post=723311"}],"curies":[{"name":"wp","href":"https:\/\/api.w.org\/{rel}","templated":true}]}}