{"id":723310,"date":"2025-08-27T19:17:00","date_gmt":"2025-08-27T16:17:00","guid":{"rendered":"https:\/\/roveyayinevi.com.tr\/index.php\/urun\/psikofelsefe\/"},"modified":"2026-04-16T02:31:06","modified_gmt":"2026-04-15T23:31:06","slug":"psikofelsefe","status":"publish","type":"product","link":"https:\/\/roveyayinevi.com.tr\/index.php\/urun\/psikofelsefe\/","title":{"rendered":"Psikofelsefe"},"content":{"rendered":"<p>\u201cAntik Yunan\u2019dan g\u00fcn\u00fcm\u00fcze pratik felsefe ile psikoterapiler aras\u0131ndaki ortak noktalardan hareketle, ya\u015fam krizleri ile ba\u015f etmede psikofelsefenin olanaklar\u0131n\u0131 ara\u015ft\u0131rma \u00e7al\u0131\u015fmalar\u0131n \u00fcr\u00fcn\u00fc olan elinizdeki bu kitap, ba\u015flang\u0131\u00e7ta Antik Yunan\u2019dan g\u00fcn\u00fcm\u00fcze filozoflar\u0131n \u201c\u00f6l\u00fcm kayg\u0131s\u0131\u201d ve \u201chayat\u0131n anlam\u0131\u201d \u00fczerine d\u00fc\u015f\u00fcncelerini \u00f6zetlemekle yetinirken, zamanla ayn\u0131 konularla u\u011fra\u015fan h\u00fcmanistik psikologlar ve varolu\u015f\u00e7u terapistler olmak \u00fczere, \u201cfilozof-terapistler\u201d demeyi uygun buldu\u011fum d\u00fc\u015f\u00fcn\u00fcrlerin g\u00f6r\u00fc\u015fleri ile b\u00fct\u00fcnle\u015fti. Teknik \u00e7a\u011fda yeni bir h\u00fcmanizma aray\u0131\u015f\u0131na dair g\u00f6r\u00fc\u015flerimi de eklemenin uygun olaca\u011f\u0131n\u0131 d\u00fc\u015f\u00fcnerek felsefe ve psikoterapiler aras\u0131nda \u00e7a\u011fda\u015f bir k\u00f6pr\u00fc kurman\u0131n olana\u011f\u0131na dair d\u00fc\u015f\u00fcncelerimi okurla payla\u015fmay\u0131 uygun buldum.\u201d Prof. Dr. Cengiz G\u00fcle\u00e7Felsefe Ruha \u015e\u0130fa Olabilir mi?Prof. Dr. Cengiz G\u00fcle\u00e7\u2019in ruha \u015fifa sunma ara\u00e7lar\u0131 olarak felsefe ve terapilerin i\u015flevi ve de\u011feri hakk\u0131nda engin deneyimlerinin \u0131\u015f\u0131\u011f\u0131ndaki g\u00f6r\u00fc\u015flerini sundu\u011fu\u201cPsikofelsefe\u201d, psikoloji ile felsefe aras\u0131nda k\u00f6pr\u00fc kurmaya y\u00f6nelik \u00e7abalar\u0131yla \u00fcnl\u00fc filozof-terapistlerin d\u00fc\u015f\u00fcncelerinden hareketle, \u201cYa\u015fam\u0131n anlam\u0131 ve de\u011feri nedir?\u201d, \u201c\u00d6zg\u00fcr ve sevin\u00e7 dolu ya\u015fam\u0131 engelleyen sorunlarla nas\u0131l ba\u015f edilir?\u201d, \u201cRuhsal ac\u0131lar\u0131m\u0131z\u0131n k\u00f6kenleri ve bunlar\u0131 a\u015fman\u0131n ak\u0131lc\u0131 yollar\u0131 nelerdir?\u201d, \u201cYa\u015fam krizlerimizin \u00fcstesinden nas\u0131l gelebiliriz?\u201d gibi ontik sorular\u0131n yan\u0131tlar\u0131n\u0131 irdeleyen ve modernitenin bilimsel bilgiyi kutsayarak y\u00fcceltti\u011fi \u00e7a\u011f\u0131m\u0131zda, felsefe-psikoloji ayr\u0131\u015fmas\u0131n\u0131 a\u015fman\u0131n yararlar\u0131n\u0131 g\u00f6zler \u00f6n\u00fcne seren benzersiz bir eser\u2026 Psikoterapi ve Psikoterapistler Derne\u011fi (PS\u0130KODER)\u0130insan\u0131n Anlam Anlay\u0131\u015f\u0131na Psikofelsefik Bir Bak\u0131\u015fProf. Dr. Cengiz G\u00fcle\u00e7, gerek psikoloji gerekse felsefe alan\u0131ndaki yetkin g\u00f6r\u00fc\u015f ve deneyimlerinin e\u015fsiz bir \u00fcr\u00fcn\u00fc olan \u201cPsikofelsefe\u201d adl\u0131 eserinde, \u00f6l\u00fcms\u00fcz \u00f6l\u00fcme kadim bir bak\u0131\u015f sunarken, psikoloji ve felsefe bilimlerinin \u201cNas\u0131l ya\u015famal\u0131y\u0131m?\u201d sorusuna verdi\u011fi yan\u0131tlar\u0131, iyi ya\u015fam\u0131n nas\u0131l ve nelerle sa\u011flanaca\u011f\u0131na dair filozoflar\u0131n bilgelik ve erdem \u00fcst\u00fcne geli\u015ftirdikleri g\u00f6r\u00fc\u015fler ve psikologlar\u0131n zihin sa\u011fl\u0131\u011f\u0131 hakk\u0131ndaki bulgular\u0131yla aktar\u0131yor\u2026<\/p>\n","protected":false},"excerpt":{"rendered":"<p>\u201cAntik Yunan\u2019dan g\u00fcn\u00fcm\u00fcze pratik felsefe ile psikoterapiler aras\u0131ndaki ortak noktalardan hareketle, ya\u015fam krizleri ile ba\u015f etmede psikofelsefenin olanaklar\u0131n\u0131 ara\u015ft\u0131rma \u00e7al\u0131\u015fmalar\u0131n \u00fcr\u00fcn\u00fc olan elinizdeki bu kitap, ba\u015flang\u0131\u00e7ta<span class=\"excerpt-hellip\"> [\u2026]<\/span><\/p>\n","protected":false},"featured_media":0,"template":"","meta":{"_monsterinsights_skip_tracking":false,"_monsterinsights_sitenote_active":false,"_monsterinsights_sitenote_note":"","_monsterinsights_sitenote_category":0},"product_brand":[],"product_cat":[20502,12357],"product_tag":[],"class_list":{"0":"post-723310","1":"product","2":"type-product","3":"status-publish","5":"product_cat-basvuru-kitaplari-psikoloji","6":"product_cat-psikoloji","7":"pa_cilt-ciltsiz","8":"pa_tur-kitap","9":"pa_yayinevi-pusula-yayinevi-ankara","10":"pa_yazar-cengiz-gulec","12":"first","13":"instock","14":"sale","15":"shipping-taxable","16":"purchasable","17":"product-type-simple"},"_links":{"self":[{"href":"https:\/\/roveyayinevi.com.tr\/index.php\/wp-json\/wp\/v2\/product\/723310","targetHints":{"allow":["GET"]}}],"collection":[{"href":"https:\/\/roveyayinevi.com.tr\/index.php\/wp-json\/wp\/v2\/product"}],"about":[{"href":"https:\/\/roveyayinevi.com.tr\/index.php\/wp-json\/wp\/v2\/types\/product"}],"wp:attachment":[{"href":"https:\/\/roveyayinevi.com.tr\/index.php\/wp-json\/wp\/v2\/media?parent=723310"}],"wp:term":[{"taxonomy":"product_brand","embeddable":true,"href":"https:\/\/roveyayinevi.com.tr\/index.php\/wp-json\/wp\/v2\/product_brand?post=723310"},{"taxonomy":"product_cat","embeddable":true,"href":"https:\/\/roveyayinevi.com.tr\/index.php\/wp-json\/wp\/v2\/product_cat?post=723310"},{"taxonomy":"product_tag","embeddable":true,"href":"https:\/\/roveyayinevi.com.tr\/index.php\/wp-json\/wp\/v2\/product_tag?post=723310"}],"curies":[{"name":"wp","href":"https:\/\/api.w.org\/{rel}","templated":true}]}}