{"id":723309,"date":"2025-08-27T19:16:59","date_gmt":"2025-08-27T16:16:59","guid":{"rendered":"https:\/\/roveyayinevi.com.tr\/index.php\/urun\/mosyo-elektrik\/"},"modified":"2026-04-16T02:31:06","modified_gmt":"2026-04-15T23:31:06","slug":"mosyo-elektrik","status":"publish","type":"product","link":"https:\/\/roveyayinevi.com.tr\/index.php\/urun\/mosyo-elektrik\/","title":{"rendered":"M\u00f6sy\u00f6 Elektrik"},"content":{"rendered":"<p>Co\u011frafyac\u0131 Faik Sabri Bey\u2019in \u201cAhmet Faik\u201d m\u00fcstear\u0131yla 1903\u2019te d\u00f6nemin roman alg\u0131s\u0131na uygun olacak bir kurgu ve i\u00e7erikle yazd\u0131\u011f\u0131 M\u00f6sy\u00f6 Elektrik, tabiri caizse \u201cOsmanl\u0131n\u0131n Elektrik Roman\u0131\u201d olma \u00f6zelli\u011fini ta\u015f\u0131yor. Yirminci y\u00fczy\u0131la girerken Avrupa ve Amerika\u2019da elektrik teknolojisi h\u0131zla geli\u015fmekte, Osmanl\u0131 payitaht\u0131ndaysa bu geli\u015fmeler, haberdar olanlar taraf\u0131ndan hayretle izlenmektedir. Elektrikle inip \u00e7\u0131kan asans\u00f6rler, saatte 250 kilometre h\u0131za ula\u015fan bacas\u0131z trenler, gece karanl\u0131\u011f\u0131nda bile g\u00f6z kama\u015ft\u0131r\u0131c\u0131 ayd\u0131nl\u0131\u011fa sahip sokaklar hatta tozlu, \u00e7amurlu ayakkab\u0131lar\u0131 bile temizleyen otomatik ayakkab\u0131 f\u0131r\u00e7alar\u0131\u2026 M\u00f6sy\u00f6 Elektrik\u2019te t\u00fcm bunlar ve \u00e7ok daha fazlas\u0131 roman\u0131n ba\u015fki\u015fisi Alaaddin Bey\u2019in \u201celektrik r\u00fcyas\u0131\u201d \u00fczerinden T\u00fcrk okuruna iletiliyor. Elektrikli yerli otomobilimizi \u00fcretmeye haz\u0131rland\u0131\u011f\u0131m\u0131z \u015fu g\u00fcnlerde Ahmet Faik\u2019in yazd\u0131\u011f\u0131 bu roman; g\u00fcn\u00fcm\u00fcz okurunu 117 y\u0131l \u00f6ncesine, elektrik mucizesiyle tan\u0131\u015fmakta olan ecdad\u0131n\u0131n r\u00fcyalar\u0131na ortak olmaya davet ediyor\u2026<\/p>\n","protected":false},"excerpt":{"rendered":"<p>Co\u011frafyac\u0131 Faik Sabri Bey\u2019in \u201cAhmet Faik\u201d m\u00fcstear\u0131yla 1903\u2019te d\u00f6nemin roman alg\u0131s\u0131na uygun olacak bir kurgu ve i\u00e7erikle yazd\u0131\u011f\u0131 M\u00f6sy\u00f6 Elektrik, tabiri caizse \u201cOsmanl\u0131n\u0131n Elektrik Roman\u0131\u201d olma<span class=\"excerpt-hellip\"> [\u2026]<\/span><\/p>\n","protected":false},"featured_media":0,"template":"","meta":{"_monsterinsights_skip_tracking":false,"_monsterinsights_sitenote_active":false,"_monsterinsights_sitenote_note":"","_monsterinsights_sitenote_category":0},"product_brand":[],"product_cat":[12291,12711],"product_tag":[],"class_list":{"0":"post-723309","1":"product","2":"type-product","3":"status-publish","5":"product_cat-edebiyat","6":"product_cat-roman-oyku","7":"pa_cilt-ciltsiz","8":"pa_tur-kitap","9":"pa_yayinevi-karakum-yayinevi","10":"pa_yazar-ahmet-faik","12":"first","13":"instock","14":"sale","15":"shipping-taxable","16":"purchasable","17":"product-type-simple"},"_links":{"self":[{"href":"https:\/\/roveyayinevi.com.tr\/index.php\/wp-json\/wp\/v2\/product\/723309","targetHints":{"allow":["GET"]}}],"collection":[{"href":"https:\/\/roveyayinevi.com.tr\/index.php\/wp-json\/wp\/v2\/product"}],"about":[{"href":"https:\/\/roveyayinevi.com.tr\/index.php\/wp-json\/wp\/v2\/types\/product"}],"wp:attachment":[{"href":"https:\/\/roveyayinevi.com.tr\/index.php\/wp-json\/wp\/v2\/media?parent=723309"}],"wp:term":[{"taxonomy":"product_brand","embeddable":true,"href":"https:\/\/roveyayinevi.com.tr\/index.php\/wp-json\/wp\/v2\/product_brand?post=723309"},{"taxonomy":"product_cat","embeddable":true,"href":"https:\/\/roveyayinevi.com.tr\/index.php\/wp-json\/wp\/v2\/product_cat?post=723309"},{"taxonomy":"product_tag","embeddable":true,"href":"https:\/\/roveyayinevi.com.tr\/index.php\/wp-json\/wp\/v2\/product_tag?post=723309"}],"curies":[{"name":"wp","href":"https:\/\/api.w.org\/{rel}","templated":true}]}}