{"id":723306,"date":"2025-08-27T19:16:57","date_gmt":"2025-08-27T16:16:57","guid":{"rendered":"https:\/\/roveyayinevi.com.tr\/index.php\/urun\/dogaya-fisildayan-cocuklar\/"},"modified":"2026-04-16T02:31:05","modified_gmt":"2026-04-15T23:31:05","slug":"dogaya-fisildayan-cocuklar","status":"publish","type":"product","link":"https:\/\/roveyayinevi.com.tr\/index.php\/urun\/dogaya-fisildayan-cocuklar\/","title":{"rendered":"Do\u011faya F\u0131s\u0131ldayan \u00c7ocuklar"},"content":{"rendered":"<p>Do\u011fayla \u00e7ocuklu\u011fun ortak dilinden unutulmaz bir yaz&#8230; \u0130talyan Andersen \u00f6d\u00fcll\u00fc roman\u0131 Parlak Fikir Pastas\u0131 ile \u00e7ok sevilen Luigi Ballerini, bu kez her ya\u015ftan okuru \u00e7ocuklu\u011fun unutulmaz yaz tatillerine, iz b\u0131rakan arkada\u015fl\u0131klara g\u00f6t\u00fcr\u00fcyor. \u00c7ok farkl\u0131 iki \u00e7ocu\u011fun y\u00fcrekleri \u0131s\u0131tan \u00f6yk\u00fcs\u00fcn\u00fc, do\u011fayla harmanlayan yazar, b\u00fcy\u00fcl\u00fc ger\u00e7ek\u00e7i kurgusuyla pastoral bir d\u00fcnya resmediyor. Mutlulu\u011fun, ke\u015fiflerin ve hayal g\u00fcc\u00fcn\u00fcn s\u0131n\u0131rlar\u0131nda dola\u015f\u0131rken, kayg\u0131lar\u0131 ve \u00f6nyarg\u0131lar\u0131 y\u0131k\u0131yor, naif ve samimi bir de\u011fi\u015fimi f\u0131s\u0131ld\u0131yor. Arkada\u015fl\u0131\u011f\u0131n ve \u00e7i\u00e7eklerin iyile\u015ftirici g\u00fcc\u00fcn\u00fc duyumsatan roman, \u00e7ocukluk enerjisiyle dolu s\u0131cac\u0131k bir okuma deneyimi sunuyor. \u00c7iftlikte, kalabal\u0131ktan uzakta ya\u015fayan Andrea, disleksik oldu\u011funu \u00f6\u011frenmesi d\u0131\u015f\u0131nda, s\u0131radan bir yaz ge\u00e7irece\u011fini san\u0131r. Oysa tatil kirac\u0131lar\u0131 Nico ve ailesinin \u00e7\u0131kagelmesiyle g\u00fcnleri ummad\u0131\u011f\u0131 kadar renklenir. \u0130ki arkada\u015f k\u0131rlarda ko\u015fu\u015fturur, ke\u015fifler yaparlar. Bir g\u00fcn Nico ona, \u00e7i\u00e7eklerle ilgili kimseye anlatmad\u0131\u011f\u0131 bir s\u0131rr\u0131n\u0131 a\u00e7\u0131nca, gizemli bir aray\u0131\u015fa girerler. Do\u011fan\u0131n diliyle konu\u015fmak ve mutluluk aras\u0131nda ger\u00e7ekten bir ba\u011f var m\u0131d\u0131r?..<\/p>\n","protected":false},"excerpt":{"rendered":"<p>Do\u011fayla \u00e7ocuklu\u011fun ortak dilinden unutulmaz bir yaz&#8230; \u0130talyan Andersen \u00f6d\u00fcll\u00fc roman\u0131 Parlak Fikir Pastas\u0131 ile \u00e7ok sevilen Luigi Ballerini, bu kez her ya\u015ftan okuru \u00e7ocuklu\u011fun unutulmaz<span class=\"excerpt-hellip\"> [\u2026]<\/span><\/p>\n","protected":false},"featured_media":0,"template":"","meta":{"_monsterinsights_skip_tracking":false,"_monsterinsights_sitenote_active":false,"_monsterinsights_sitenote_note":"","_monsterinsights_sitenote_category":0},"product_brand":[],"product_cat":[12274,12284],"product_tag":[],"class_list":{"0":"post-723306","1":"product","2":"type-product","3":"status-publish","5":"product_cat-cocuk-ve-genclik-kitaplari","6":"product_cat-hikayeler","7":"pa_cilt-ciltsiz","8":"pa_tur-kitap","9":"pa_yayinevi-gunisigi-kitapligi","10":"pa_yazar-luigi-ballerini","12":"first","13":"instock","14":"sale","15":"shipping-taxable","16":"purchasable","17":"product-type-simple"},"_links":{"self":[{"href":"https:\/\/roveyayinevi.com.tr\/index.php\/wp-json\/wp\/v2\/product\/723306","targetHints":{"allow":["GET"]}}],"collection":[{"href":"https:\/\/roveyayinevi.com.tr\/index.php\/wp-json\/wp\/v2\/product"}],"about":[{"href":"https:\/\/roveyayinevi.com.tr\/index.php\/wp-json\/wp\/v2\/types\/product"}],"wp:attachment":[{"href":"https:\/\/roveyayinevi.com.tr\/index.php\/wp-json\/wp\/v2\/media?parent=723306"}],"wp:term":[{"taxonomy":"product_brand","embeddable":true,"href":"https:\/\/roveyayinevi.com.tr\/index.php\/wp-json\/wp\/v2\/product_brand?post=723306"},{"taxonomy":"product_cat","embeddable":true,"href":"https:\/\/roveyayinevi.com.tr\/index.php\/wp-json\/wp\/v2\/product_cat?post=723306"},{"taxonomy":"product_tag","embeddable":true,"href":"https:\/\/roveyayinevi.com.tr\/index.php\/wp-json\/wp\/v2\/product_tag?post=723306"}],"curies":[{"name":"wp","href":"https:\/\/api.w.org\/{rel}","templated":true}]}}