{"id":723304,"date":"2025-08-27T19:16:55","date_gmt":"2025-08-27T16:16:55","guid":{"rendered":"https:\/\/roveyayinevi.com.tr\/index.php\/urun\/demirciler-ve-simyacilar\/"},"modified":"2026-04-16T02:31:05","modified_gmt":"2026-04-15T23:31:05","slug":"demirciler-ve-simyacilar","status":"publish","type":"product","link":"https:\/\/roveyayinevi.com.tr\/index.php\/urun\/demirciler-ve-simyacilar\/","title":{"rendered":"Demirciler ve Simyac\u0131lar"},"content":{"rendered":"<p>Dinler tarihine dair eserleriyle tan\u0131nan Mircea Eliade t\u00fcm ya\u015fam\u0131 boyunca simyayla \u00e2deta b\u00fcy\u00fclenmi\u015ftir. Bu kitap da buna tan\u0131kl\u0131k etmektedir: Eliade, simyan\u0131n orta\u00e7a\u011fda kimyan\u0131n habercisi olan ve tarihin karanl\u0131klar\u0131na a\u00e7\u0131lan bir olgu de\u011fil, m\u00fcspet ve dikkate de\u011fer k\u00fclt\u00fcrel bir olgu oldu\u011funu g\u00f6steriyor.   Simya, minerallerin kutsal bir niteli\u011fe b\u00fcr\u00fcnd\u00fc\u011f\u00fc geleneksel toplumlar\u0131n inan\u00e7lar\u0131nda k\u00f6k salar. Cevherler, t\u0131pk\u0131 embriyolar gibi, Topra\u011f\u0131n karn\u0131nda \u201c\u00e7o\u011fal\u0131rlar;\u201d meteroitlerden \u00e7\u0131kan demirin b\u00fcy\u00fcsel bir yan\u0131 vard\u0131r, \u00e7\u00fcnk\u00fc g\u00f6klerden gelir\u2026 Cevheri i\u015fleyen demirci, t\u0131pk\u0131 simyac\u0131 gibi, Do\u011fan\u0131n gizli ama\u00e7lar\u0131na hizmet eder: Evrenin gizli anlam\u0131n\u0131 a\u00e7\u0131\u011fa vuran bir \u00e2yin icra eder.   Afrika, Yunan, Hint ve \u00c7in efsanelerini ara\u015ft\u0131ran Eliade, kutsala dair deneyimi insanl\u0131k i\u00e7in evrensel ve insan\u0131 \u015fekillendiren en \u00f6nemli unsur olarak g\u00f6r\u00fcr; bu deneyim, d\u00fcnyaya anlam\u0131n\u0131 veren \u015feydir. Bu a\u00e7\u0131dan bak\u0131ld\u0131\u011f\u0131nda, Demirciler ve Simyac\u0131lar bu b\u00fcy\u00fck bilginin d\u00fc\u015f\u00fcncesi ve eserleri i\u00e7in kusursuz bir giri\u015f niteli\u011fi ta\u015f\u0131maktad\u0131r. <\/p>\n","protected":false},"excerpt":{"rendered":"<p>Dinler tarihine dair eserleriyle tan\u0131nan Mircea Eliade t\u00fcm ya\u015fam\u0131 boyunca simyayla \u00e2deta b\u00fcy\u00fclenmi\u015ftir. Bu kitap da buna tan\u0131kl\u0131k etmektedir: Eliade, simyan\u0131n orta\u00e7a\u011fda kimyan\u0131n habercisi olan ve<span class=\"excerpt-hellip\"> [\u2026]<\/span><\/p>\n","protected":false},"featured_media":0,"template":"","meta":{"_monsterinsights_skip_tracking":false,"_monsterinsights_sitenote_active":false,"_monsterinsights_sitenote_note":"","_monsterinsights_sitenote_category":0},"product_brand":[],"product_cat":[15499,13488],"product_tag":[],"class_list":{"0":"post-723304","1":"product","2":"type-product","3":"status-publish","5":"product_cat-antropoloji","6":"product_cat-toplum-ve-insan","7":"pa_cilt-ciltsiz","8":"pa_tur-kitap","9":"pa_yayinevi-dogu-bati-yayinlari","10":"pa_yazar-mircea-eliade","12":"first","13":"instock","14":"sale","15":"shipping-taxable","16":"purchasable","17":"product-type-simple"},"_links":{"self":[{"href":"https:\/\/roveyayinevi.com.tr\/index.php\/wp-json\/wp\/v2\/product\/723304","targetHints":{"allow":["GET"]}}],"collection":[{"href":"https:\/\/roveyayinevi.com.tr\/index.php\/wp-json\/wp\/v2\/product"}],"about":[{"href":"https:\/\/roveyayinevi.com.tr\/index.php\/wp-json\/wp\/v2\/types\/product"}],"wp:attachment":[{"href":"https:\/\/roveyayinevi.com.tr\/index.php\/wp-json\/wp\/v2\/media?parent=723304"}],"wp:term":[{"taxonomy":"product_brand","embeddable":true,"href":"https:\/\/roveyayinevi.com.tr\/index.php\/wp-json\/wp\/v2\/product_brand?post=723304"},{"taxonomy":"product_cat","embeddable":true,"href":"https:\/\/roveyayinevi.com.tr\/index.php\/wp-json\/wp\/v2\/product_cat?post=723304"},{"taxonomy":"product_tag","embeddable":true,"href":"https:\/\/roveyayinevi.com.tr\/index.php\/wp-json\/wp\/v2\/product_tag?post=723304"}],"curies":[{"name":"wp","href":"https:\/\/api.w.org\/{rel}","templated":true}]}}