{"id":723296,"date":"2025-08-27T19:16:49","date_gmt":"2025-08-27T16:16:49","guid":{"rendered":"https:\/\/roveyayinevi.com.tr\/index.php\/urun\/gulucuk-dizisi-5-kitap-takim\/"},"modified":"2026-04-16T02:31:05","modified_gmt":"2026-04-15T23:31:05","slug":"gulucuk-dizisi-5-kitap-takim","status":"publish","type":"product","link":"https:\/\/roveyayinevi.com.tr\/index.php\/urun\/gulucuk-dizisi-5-kitap-takim\/","title":{"rendered":"G\u00fcl\u00fcc\u00fck Dizisi (5 Kitap Tak\u0131m)"},"content":{"rendered":"<p>Hayat\u0131m bir harika, s\u00fcper, s\u00fcper \u00f6tesi, s\u00fcper \u00f6tesinin \u00f6tesinin \u00f6tesiiiii!Annem, babam, karde\u015flerim K\u00e2mil ve Saltuk\u2019la birlikte yuvarlan\u0131p gidiyoruz. Yuvarlanmak bizim i\u015fimiz!Mahalledeki esnafla da aram s\u00fcper \u00f6tesi. Hepsi beni g\u00f6r\u00fcnce, \u201cKapal\u0131\u201d tabelas\u0131n\u0131 as\u0131p d\u00fckk\u00e2nlar\u0131n\u0131 kapat\u0131yorlar.Okulda ise tan\u0131nan bir simay\u0131m. M\u00fcd\u00fcr amca, \u00f6\u011fretmenler, arkada\u015flar\u0131m beni g\u00f6r\u00fcnce bay\u0131l\u0131yorlar. Bay\u0131lt\u0131c\u0131 sprey gibiyim.Tepe \u00fcst\u00fc, tek ayak \u00fcst\u00fc, \u00e7aprazlamas\u0131na maceralar ya\u015f\u0131yorum. K\u0131sacas\u0131, macera benim i\u015fim. G\u00fcl\u00fcyorum, h\u0131\u00e7k\u0131r\u0131yorum, hopluyorum, z\u0131pl\u0131yorum, \u015fa\u015f\u0131r\u0131yorum, bay\u0131lt\u0131yorum\u2026Bana \u201cMacerac\u0131, \u015ea\u015f\u0131rt\u0131c\u0131, Bay\u0131lt\u0131c\u0131 G\u00fcl\u00fcc\u00fck\u201d diyebilirsiniz. Ya da k\u0131saca &#8220;G\u00fcl\u00fcc\u00fc\u00fc\u00fc\u00fc\u00fc\u00fc\u00fck!&#8221; de diyebilirsiniz. Hatta maceralar\u0131m\u0131 G\u00fcl\u00fcc\u00fck TV Youtube kanal\u0131ndan izleyebilirsiniz.Allah&#8217;\u0131m ne kadar \u00fcnl\u00fcy\u00fcm!<\/p>\n","protected":false},"excerpt":{"rendered":"<p>Hayat\u0131m bir harika, s\u00fcper, s\u00fcper \u00f6tesi, s\u00fcper \u00f6tesinin \u00f6tesinin \u00f6tesiiiii!Annem, babam, karde\u015flerim K\u00e2mil ve Saltuk\u2019la birlikte yuvarlan\u0131p gidiyoruz. Yuvarlanmak bizim i\u015fimiz!Mahalledeki esnafla da aram s\u00fcper \u00f6tesi.<span class=\"excerpt-hellip\"> [\u2026]<\/span><\/p>\n","protected":false},"featured_media":0,"template":"","meta":{"_monsterinsights_skip_tracking":false,"_monsterinsights_sitenote_active":false,"_monsterinsights_sitenote_note":"","_monsterinsights_sitenote_category":0},"product_brand":[],"product_cat":[12274,12284],"product_tag":[],"class_list":{"0":"post-723296","1":"product","2":"type-product","3":"status-publish","5":"product_cat-cocuk-ve-genclik-kitaplari","6":"product_cat-hikayeler","7":"pa_cilt-ciltsiz","8":"pa_tur-kitap","9":"pa_yayinevi-ugurbocegi-yayinlari","10":"pa_yazar-sebnem-guler-karacan","12":"first","13":"instock","14":"sale","15":"shipping-taxable","16":"purchasable","17":"product-type-simple"},"_links":{"self":[{"href":"https:\/\/roveyayinevi.com.tr\/index.php\/wp-json\/wp\/v2\/product\/723296","targetHints":{"allow":["GET"]}}],"collection":[{"href":"https:\/\/roveyayinevi.com.tr\/index.php\/wp-json\/wp\/v2\/product"}],"about":[{"href":"https:\/\/roveyayinevi.com.tr\/index.php\/wp-json\/wp\/v2\/types\/product"}],"wp:attachment":[{"href":"https:\/\/roveyayinevi.com.tr\/index.php\/wp-json\/wp\/v2\/media?parent=723296"}],"wp:term":[{"taxonomy":"product_brand","embeddable":true,"href":"https:\/\/roveyayinevi.com.tr\/index.php\/wp-json\/wp\/v2\/product_brand?post=723296"},{"taxonomy":"product_cat","embeddable":true,"href":"https:\/\/roveyayinevi.com.tr\/index.php\/wp-json\/wp\/v2\/product_cat?post=723296"},{"taxonomy":"product_tag","embeddable":true,"href":"https:\/\/roveyayinevi.com.tr\/index.php\/wp-json\/wp\/v2\/product_tag?post=723296"}],"curies":[{"name":"wp","href":"https:\/\/api.w.org\/{rel}","templated":true}]}}