{"id":723295,"date":"2025-08-27T19:16:49","date_gmt":"2025-08-27T16:16:49","guid":{"rendered":"https:\/\/roveyayinevi.com.tr\/index.php\/urun\/bu-yolculuklar-beni-delirtecek-gulucuk-1\/"},"modified":"2026-04-08T02:38:47","modified_gmt":"2026-04-07T23:38:47","slug":"bu-yolculuklar-beni-delirtecek-gulucuk-1","status":"publish","type":"product","link":"https:\/\/roveyayinevi.com.tr\/index.php\/urun\/bu-yolculuklar-beni-delirtecek-gulucuk-1\/","title":{"rendered":"Bu Yolculuklar Beni Delirtecek &#8211; G\u00fcl\u00fcc\u00fck 1"},"content":{"rendered":"<p>Otob\u00fcsteki amcan\u0131n gazetesini neden yedim?Mart\u0131lara simit at\u0131l\u0131r ama neden ayran at\u0131lmaz?Arkada\u015flar\u0131m ekmek almaya bile bisikletle giderken ben niye y\u00fcr\u00fcmek zorunday\u0131m?U\u00e7a\u011f\u0131n \u00fczerinde yolculuk yapmama neden izin yok?Servis \u00fccretim neden be\u015f kat\u0131na \u00e7\u0131km\u0131\u015f olabilir?Hepsi ve daha fazlas\u0131 bu kitapta\u2026<\/p>\n","protected":false},"excerpt":{"rendered":"<p>Otob\u00fcsteki amcan\u0131n gazetesini neden yedim?Mart\u0131lara simit at\u0131l\u0131r ama neden ayran at\u0131lmaz?Arkada\u015flar\u0131m ekmek almaya bile bisikletle giderken ben niye y\u00fcr\u00fcmek zorunday\u0131m?U\u00e7a\u011f\u0131n \u00fczerinde yolculuk yapmama neden izin yok?Servis<span class=\"excerpt-hellip\"> [\u2026]<\/span><\/p>\n","protected":false},"featured_media":0,"template":"","meta":{"_monsterinsights_skip_tracking":false,"_monsterinsights_sitenote_active":false,"_monsterinsights_sitenote_note":"","_monsterinsights_sitenote_category":0},"product_brand":[],"product_cat":[12274,12284],"product_tag":[],"class_list":{"0":"post-723295","1":"product","2":"type-product","3":"status-publish","5":"product_cat-cocuk-ve-genclik-kitaplari","6":"product_cat-hikayeler","7":"pa_cilt-ciltsiz","8":"pa_tur-kitap","9":"pa_yayinevi-ugurbocegi-yayinlari","10":"pa_yazar-sebnem-guler-karacan","12":"first","13":"instock","14":"sale","15":"shipping-taxable","16":"purchasable","17":"product-type-simple"},"_links":{"self":[{"href":"https:\/\/roveyayinevi.com.tr\/index.php\/wp-json\/wp\/v2\/product\/723295","targetHints":{"allow":["GET"]}}],"collection":[{"href":"https:\/\/roveyayinevi.com.tr\/index.php\/wp-json\/wp\/v2\/product"}],"about":[{"href":"https:\/\/roveyayinevi.com.tr\/index.php\/wp-json\/wp\/v2\/types\/product"}],"wp:attachment":[{"href":"https:\/\/roveyayinevi.com.tr\/index.php\/wp-json\/wp\/v2\/media?parent=723295"}],"wp:term":[{"taxonomy":"product_brand","embeddable":true,"href":"https:\/\/roveyayinevi.com.tr\/index.php\/wp-json\/wp\/v2\/product_brand?post=723295"},{"taxonomy":"product_cat","embeddable":true,"href":"https:\/\/roveyayinevi.com.tr\/index.php\/wp-json\/wp\/v2\/product_cat?post=723295"},{"taxonomy":"product_tag","embeddable":true,"href":"https:\/\/roveyayinevi.com.tr\/index.php\/wp-json\/wp\/v2\/product_tag?post=723295"}],"curies":[{"name":"wp","href":"https:\/\/api.w.org\/{rel}","templated":true}]}}