{"id":723294,"date":"2025-08-27T19:16:48","date_gmt":"2025-08-27T16:16:48","guid":{"rendered":"https:\/\/roveyayinevi.com.tr\/index.php\/urun\/bizim-evin-komik-halleri-gulucuk-2\/"},"modified":"2026-04-03T02:37:17","modified_gmt":"2026-04-02T23:37:17","slug":"bizim-evin-komik-halleri-gulucuk-2","status":"publish","type":"product","link":"https:\/\/roveyayinevi.com.tr\/index.php\/urun\/bizim-evin-komik-halleri-gulucuk-2\/","title":{"rendered":"Bizim Evin Komik Halleri &#8211; G\u00fcl\u00fcc\u00fck 2"},"content":{"rendered":"<p>Evde temizlik yap\u0131l\u0131rken temizlik kovas\u0131na d\u00fc\u015fmek nas\u0131l bir \u015fey?Babalar, \u00e7ocuklarla yaln\u0131z kal\u0131nca neden mutlu olmazlar?Al\u0131\u015fveri\u015f, annenin e\u015fya almas\u0131, baban\u0131n geri vermesi midir?Babam\u0131n arabas\u0131n\u0131n direksiyonu nas\u0131l elinde kald\u0131?\u015eofbenin hortumu neden babama sald\u0131rd\u0131?Hepsi ve daha fazlas\u0131 bu kitapta\u2026<\/p>\n","protected":false},"excerpt":{"rendered":"<p>Evde temizlik yap\u0131l\u0131rken temizlik kovas\u0131na d\u00fc\u015fmek nas\u0131l bir \u015fey?Babalar, \u00e7ocuklarla yaln\u0131z kal\u0131nca neden mutlu olmazlar?Al\u0131\u015fveri\u015f, annenin e\u015fya almas\u0131, baban\u0131n geri vermesi midir?Babam\u0131n arabas\u0131n\u0131n direksiyonu nas\u0131l elinde<span class=\"excerpt-hellip\"> [\u2026]<\/span><\/p>\n","protected":false},"featured_media":0,"template":"","meta":{"_monsterinsights_skip_tracking":false,"_monsterinsights_sitenote_active":false,"_monsterinsights_sitenote_note":"","_monsterinsights_sitenote_category":0},"product_brand":[],"product_cat":[12274,12284],"product_tag":[],"class_list":{"0":"post-723294","1":"product","2":"type-product","3":"status-publish","5":"product_cat-cocuk-ve-genclik-kitaplari","6":"product_cat-hikayeler","7":"pa_cilt-ciltsiz","8":"pa_tur-kitap","9":"pa_yayinevi-ugurbocegi-yayinlari","10":"pa_yazar-sebnem-guler-karacan","12":"first","13":"instock","14":"sale","15":"shipping-taxable","16":"purchasable","17":"product-type-simple"},"_links":{"self":[{"href":"https:\/\/roveyayinevi.com.tr\/index.php\/wp-json\/wp\/v2\/product\/723294","targetHints":{"allow":["GET"]}}],"collection":[{"href":"https:\/\/roveyayinevi.com.tr\/index.php\/wp-json\/wp\/v2\/product"}],"about":[{"href":"https:\/\/roveyayinevi.com.tr\/index.php\/wp-json\/wp\/v2\/types\/product"}],"wp:attachment":[{"href":"https:\/\/roveyayinevi.com.tr\/index.php\/wp-json\/wp\/v2\/media?parent=723294"}],"wp:term":[{"taxonomy":"product_brand","embeddable":true,"href":"https:\/\/roveyayinevi.com.tr\/index.php\/wp-json\/wp\/v2\/product_brand?post=723294"},{"taxonomy":"product_cat","embeddable":true,"href":"https:\/\/roveyayinevi.com.tr\/index.php\/wp-json\/wp\/v2\/product_cat?post=723294"},{"taxonomy":"product_tag","embeddable":true,"href":"https:\/\/roveyayinevi.com.tr\/index.php\/wp-json\/wp\/v2\/product_tag?post=723294"}],"curies":[{"name":"wp","href":"https:\/\/api.w.org\/{rel}","templated":true}]}}