{"id":723291,"date":"2025-08-27T19:16:45","date_gmt":"2025-08-27T16:16:45","guid":{"rendered":"https:\/\/roveyayinevi.com.tr\/index.php\/urun\/basima-is-acmakta-ustayim-gulucuk-5\/"},"modified":"2026-04-16T02:31:05","modified_gmt":"2026-04-15T23:31:05","slug":"basima-is-acmakta-ustayim-gulucuk-5","status":"publish","type":"product","link":"https:\/\/roveyayinevi.com.tr\/index.php\/urun\/basima-is-acmakta-ustayim-gulucuk-5\/","title":{"rendered":"Ba\u015f\u0131ma \u0130\u015f A\u00e7makta Ustay\u0131m &#8211; G\u00fcl\u00fcc\u00fck 5"},"content":{"rendered":"<p>Evde tek ba\u015f\u0131ma kalay\u0131m derken herkesi nas\u0131l ba\u015f\u0131ma toplad\u0131m?D\u00fc\u011f\u00fcnde havaya at\u0131lan paralar nas\u0131l yakalan\u0131r?Deprem tatbikat\u0131 nas\u0131l \u00f6r\u00fcmcek tatbikat\u0131na d\u00f6n\u00fc\u015ft\u00fc?Gezginler de benim gibi kaybolurlar m\u0131?\u201cDamlaya damlaya g\u00f6l olur\u201d atas\u00f6z\u00fcndeki g\u00f6l \u015fimdi nerededir?Hepsi ve daha fazlas\u0131 bu kitapta\u2026<\/p>\n","protected":false},"excerpt":{"rendered":"<p>Evde tek ba\u015f\u0131ma kalay\u0131m derken herkesi nas\u0131l ba\u015f\u0131ma toplad\u0131m?D\u00fc\u011f\u00fcnde havaya at\u0131lan paralar nas\u0131l yakalan\u0131r?Deprem tatbikat\u0131 nas\u0131l \u00f6r\u00fcmcek tatbikat\u0131na d\u00f6n\u00fc\u015ft\u00fc?Gezginler de benim gibi kaybolurlar m\u0131?\u201cDamlaya damlaya g\u00f6l<span class=\"excerpt-hellip\"> [\u2026]<\/span><\/p>\n","protected":false},"featured_media":0,"template":"","meta":{"_monsterinsights_skip_tracking":false,"_monsterinsights_sitenote_active":false,"_monsterinsights_sitenote_note":"","_monsterinsights_sitenote_category":0},"product_brand":[],"product_cat":[12274,12284],"product_tag":[],"class_list":{"0":"post-723291","1":"product","2":"type-product","3":"status-publish","5":"product_cat-cocuk-ve-genclik-kitaplari","6":"product_cat-hikayeler","7":"pa_cilt-ciltsiz","8":"pa_tur-kitap","9":"pa_yayinevi-ugurbocegi-yayinlari","10":"pa_yazar-sebnem-guler-karacan","12":"first","13":"instock","14":"sale","15":"shipping-taxable","16":"purchasable","17":"product-type-simple"},"_links":{"self":[{"href":"https:\/\/roveyayinevi.com.tr\/index.php\/wp-json\/wp\/v2\/product\/723291","targetHints":{"allow":["GET"]}}],"collection":[{"href":"https:\/\/roveyayinevi.com.tr\/index.php\/wp-json\/wp\/v2\/product"}],"about":[{"href":"https:\/\/roveyayinevi.com.tr\/index.php\/wp-json\/wp\/v2\/types\/product"}],"wp:attachment":[{"href":"https:\/\/roveyayinevi.com.tr\/index.php\/wp-json\/wp\/v2\/media?parent=723291"}],"wp:term":[{"taxonomy":"product_brand","embeddable":true,"href":"https:\/\/roveyayinevi.com.tr\/index.php\/wp-json\/wp\/v2\/product_brand?post=723291"},{"taxonomy":"product_cat","embeddable":true,"href":"https:\/\/roveyayinevi.com.tr\/index.php\/wp-json\/wp\/v2\/product_cat?post=723291"},{"taxonomy":"product_tag","embeddable":true,"href":"https:\/\/roveyayinevi.com.tr\/index.php\/wp-json\/wp\/v2\/product_tag?post=723291"}],"curies":[{"name":"wp","href":"https:\/\/api.w.org\/{rel}","templated":true}]}}