{"id":723289,"date":"2025-08-27T19:16:44","date_gmt":"2025-08-27T16:16:44","guid":{"rendered":"https:\/\/roveyayinevi.com.tr\/index.php\/urun\/eski-mezopotamya-tarihi\/"},"modified":"2026-04-16T02:31:05","modified_gmt":"2026-04-15T23:31:05","slug":"eski-mezopotamya-tarihi","status":"publish","type":"product","link":"https:\/\/roveyayinevi.com.tr\/index.php\/urun\/eski-mezopotamya-tarihi\/","title":{"rendered":"Eski Mezopotamya Tarihi"},"content":{"rendered":"<p>Mezopotamya, insanl\u0131k tarihinin en eski, \u00e7a\u011f\u0131n\u0131n en y\u00fcksek uygarl\u0131klar\u0131na ev sahipli\u011fi yapm\u0131\u015f, modern hayat\u0131m\u0131z\u0131n son derece karma\u015f\u0131k ili\u015fkileri i\u00e7inde \u00e7o\u011fu zaman neden ve nas\u0131l ortaya \u00e7\u0131kt\u0131klar\u0131n\u0131 sorgulamadan varl\u0131klar\u0131n\u0131 kan\u0131ksad\u0131\u011f\u0131m\u0131z bir\u00e7ok olgunun en yal\u0131n haliyle ilk kez ortaya konulmu\u015f oldu\u011fu yerdir. Anadolu&#8217;nun do\u011fusundan kaynaklar\u0131n\u0131 alan ve ge\u00e7tikleri yerlerden b\u00fcnyelerine katt\u0131klar\u0131 akarsularla g\u00fc\u00e7lenerek yollar\u0131na birbirlerinin \u00f6n\u00fcn\u00fc kesmeden devam eden F\u0131rat ve Dicle, i\u015fte bu ilkleri ortaya koyan uygarl\u0131klar\u0131n do\u011fmas\u0131na ortam haz\u0131rlayan, Mezopotamya&#8217;y\u0131 bi\u00e7imlendiren, ona y\u00fcksek uygarl\u0131klar\u0131n be\u015fi\u011fi olma niteliklerini kazand\u0131ran, bunlar\u0131n \u00f6tesinde isminin de belirlenmesine neden olan iki b\u00fcy\u00fck nehirdir. F\u0131rat ve Dicle&#8217;nin sular\u0131yla sulanan Mezopotamya&#8217;n\u0131n bereketli topraklar\u0131 uygarl\u0131klar\u0131n filizlenmesinde temel rol\u00fc oynasa da her yerde ayn\u0131 \u00f6zelli\u011fi g\u00f6stermeyen arazi yap\u0131s\u0131 bu uygarl\u0131klar\u0131n \u00e7e\u015fitlenmesi ve geli\u015fmesinde do\u011frudan ve dolayl\u0131 olarak \u00f6nemli etkiye sahiptir.<\/p>\n","protected":false},"excerpt":{"rendered":"<p>Mezopotamya, insanl\u0131k tarihinin en eski, \u00e7a\u011f\u0131n\u0131n en y\u00fcksek uygarl\u0131klar\u0131na ev sahipli\u011fi yapm\u0131\u015f, modern hayat\u0131m\u0131z\u0131n son derece karma\u015f\u0131k ili\u015fkileri i\u00e7inde \u00e7o\u011fu zaman neden ve nas\u0131l ortaya \u00e7\u0131kt\u0131klar\u0131n\u0131<span class=\"excerpt-hellip\"> [\u2026]<\/span><\/p>\n","protected":false},"featured_media":0,"template":"","meta":{"_monsterinsights_skip_tracking":false,"_monsterinsights_sitenote_active":false,"_monsterinsights_sitenote_note":"","_monsterinsights_sitenote_category":0},"product_brand":[],"product_cat":[12370,12304],"product_tag":[],"class_list":{"0":"post-723289","1":"product","2":"type-product","3":"status-publish","5":"product_cat-arastirma-inceleme","6":"product_cat-tarih","7":"pa_cilt-ciltsiz","8":"pa_tur-kitap","9":"pa_yayinevi-bilgin-kultur-sanat","10":"pa_yazar-turgut-yigit","12":"first","13":"instock","14":"sale","15":"shipping-taxable","16":"purchasable","17":"product-type-simple"},"_links":{"self":[{"href":"https:\/\/roveyayinevi.com.tr\/index.php\/wp-json\/wp\/v2\/product\/723289","targetHints":{"allow":["GET"]}}],"collection":[{"href":"https:\/\/roveyayinevi.com.tr\/index.php\/wp-json\/wp\/v2\/product"}],"about":[{"href":"https:\/\/roveyayinevi.com.tr\/index.php\/wp-json\/wp\/v2\/types\/product"}],"wp:attachment":[{"href":"https:\/\/roveyayinevi.com.tr\/index.php\/wp-json\/wp\/v2\/media?parent=723289"}],"wp:term":[{"taxonomy":"product_brand","embeddable":true,"href":"https:\/\/roveyayinevi.com.tr\/index.php\/wp-json\/wp\/v2\/product_brand?post=723289"},{"taxonomy":"product_cat","embeddable":true,"href":"https:\/\/roveyayinevi.com.tr\/index.php\/wp-json\/wp\/v2\/product_cat?post=723289"},{"taxonomy":"product_tag","embeddable":true,"href":"https:\/\/roveyayinevi.com.tr\/index.php\/wp-json\/wp\/v2\/product_tag?post=723289"}],"curies":[{"name":"wp","href":"https:\/\/api.w.org\/{rel}","templated":true}]}}