{"id":723286,"date":"2025-08-27T19:16:42","date_gmt":"2025-08-27T16:16:42","guid":{"rendered":"https:\/\/roveyayinevi.com.tr\/index.php\/urun\/turk-mitolojisinden-masallar-1\/"},"modified":"2026-04-16T02:31:05","modified_gmt":"2026-04-15T23:31:05","slug":"turk-mitolojisinden-masallar-1","status":"publish","type":"product","link":"https:\/\/roveyayinevi.com.tr\/index.php\/urun\/turk-mitolojisinden-masallar-1\/","title":{"rendered":"T\u00fcrk Mitolojisinden Masallar &#8211; 1"},"content":{"rendered":"<p>Mitler bir milletin yery\u00fcz\u00fcnde kendi varl\u0131\u011f\u0131n\u0131 idrak edi\u015finin ilk sonu\u00e7lar\u0131d\u0131r. Bir bak\u0131ma bir milletin evren alg\u0131s\u0131 ve o evren i\u00e7inde kendi varl\u0131\u011f\u0131n\u0131n ve de\u011ferlerinin ifadesidir mitler. Bu ba\u011flamda T\u00fcrkler gibi Avrupa\u2019n\u0131n yakla\u015f\u0131k iki misli b\u00fcy\u00fckl\u00fckte bir alanda ya\u015fayan 300 milyonluk n\u00fcfusa sahip bir milletin mitolojisi; T\u00fcrk Mitolojisi onun sosyal ve k\u00fclt\u00fcrel de\u011ferlerinin en temel hazinesidir. Mitlerin sosyal ve k\u00fclt\u00fcrel ya\u015fam\u0131n hemen her saha ve safhas\u0131nda model olu\u015fturmalar\u0131 onlar\u0131 millet hayat\u0131nda olmazsa olmaz k\u0131lar. Yerli ve mill\u00ee d\u00fc\u015f\u00fcnceyi \u00f6rg\u00fctleyip ilk \u00f6r\u00fcnt\u00fcleyen b\u00f6ylece bir k\u00fclt\u00fcr\u00fcn do\u011fup geli\u015fmesini sa\u011flayan \u00f6nc\u00fc unsur mitlerdir. Ancak T\u00fcrk mitolojisi \u00e7al\u0131\u015fmalar\u0131 maalesef ba\u015flang\u0131\u00e7 a\u015famas\u0131ndad\u0131r. Bu ba\u011flamda elinizdeki \u00e7al\u0131\u015fma mitolojimizin en \u00f6nemli kaynaklar\u0131n\u0131n ba\u015f\u0131nda gelen T\u00fcrk d\u00fcnyas\u0131 destan gelene\u011finden se\u00e7ilmi\u015f \u00f6rnekleri \u201cmasal\u201d format\u0131nda yeniden \u00fcreterek T\u00fcrk gen\u00e7lerinin onlardan haberdar olmas\u0131n\u0131 sa\u011flamay\u0131 ama\u00e7lamaktad\u0131r. Bu ama\u00e7la derlenip i\u015flenmi\u015f olan bu metinlerin milletimizin yar\u0131n\u0131n\u0131 ve gelece\u011fini in\u015fa edece\u011finin bilincinde olmal\u0131y\u0131z. Ressamlar\u0131m\u0131z, heykelt\u0131ra\u015flar\u0131m\u0131z, \u015fairlerimiz, oyun kurgulayanlar\u0131m\u0131z, film senaristlerimiz ve di\u011fer g\u00fczel sanatlarla u\u011fra\u015fanlar\u0131m\u0131z ba\u015fta olmak \u00fczere k\u00fclt\u00fcr end\u00fcstrimizin b\u00fct\u00fcn payda\u015flar\u0131 ilhamlar\u0131n\u0131 T\u00fcrk mitolojisinden ald\u0131\u011f\u0131 ve bunu somut k\u00fclt\u00fcr \u00fcr\u00fcnlerine d\u00f6n\u00fc\u015ft\u00fcrd\u00fc\u011f\u00fc g\u00fcn k\u00fclt\u00fcrel g\u00fcvenli\u011fimiz ve gelece\u011fimiz tam ba\u011f\u0131ms\u0131z, egemen, kendinden daha emin ve esen olacakt\u0131r. \u23bcProf. Dr. \u00d6zkul \u00c7obano\u011flu Bu \u00e7al\u0131\u015fma; Wilhelm Radloff\u2019un T\u00fcrklerin K\u00f6kleri, Dilleri ve Halk Edebiyat\u0131 adl\u0131 10 ciltlik eserinde mevcut olan, Altay, Abakan, Ba\u015fkurt, Hakas, Karakalpak, Kazak, K\u0131rg\u0131z, \u00d6zbek, Yakut, \u015eor, Tuva, T\u00fcrkmen, Uygur, Nart, Gagavuz gibi bir\u00e7ok T\u00fcrk boyundan derledi\u011fi destanlar\u0131n; mitolojik yap\u0131s\u0131ndan uzakla\u015ft\u0131r\u0131lmadan, masal format\u0131nda yeniden yarat\u0131larak okuyucunun zevkine sunulmu\u015f bir \u00e7al\u0131\u015fmad\u0131r. <\/p>\n","protected":false},"excerpt":{"rendered":"<p>Mitler bir milletin yery\u00fcz\u00fcnde kendi varl\u0131\u011f\u0131n\u0131 idrak edi\u015finin ilk sonu\u00e7lar\u0131d\u0131r. Bir bak\u0131ma bir milletin evren alg\u0131s\u0131 ve o evren i\u00e7inde kendi varl\u0131\u011f\u0131n\u0131n ve de\u011ferlerinin ifadesidir mitler.<span class=\"excerpt-hellip\"> [\u2026]<\/span><\/p>\n","protected":false},"featured_media":0,"template":"","meta":{"_monsterinsights_skip_tracking":false,"_monsterinsights_sitenote_active":false,"_monsterinsights_sitenote_note":"","_monsterinsights_sitenote_category":0},"product_brand":[],"product_cat":[12291,13706],"product_tag":[],"class_list":{"0":"post-723286","1":"product","2":"type-product","3":"status-publish","5":"product_cat-edebiyat","6":"product_cat-efsane-destan-masal","7":"pa_cilt-ciltsiz","8":"pa_tur-kitap","9":"pa_yayinevi-bilge-kultur-sanat","10":"pa_yazar-sacide-fikret-cobanoglu","12":"first","13":"instock","14":"sale","15":"shipping-taxable","16":"purchasable","17":"product-type-simple"},"_links":{"self":[{"href":"https:\/\/roveyayinevi.com.tr\/index.php\/wp-json\/wp\/v2\/product\/723286","targetHints":{"allow":["GET"]}}],"collection":[{"href":"https:\/\/roveyayinevi.com.tr\/index.php\/wp-json\/wp\/v2\/product"}],"about":[{"href":"https:\/\/roveyayinevi.com.tr\/index.php\/wp-json\/wp\/v2\/types\/product"}],"wp:attachment":[{"href":"https:\/\/roveyayinevi.com.tr\/index.php\/wp-json\/wp\/v2\/media?parent=723286"}],"wp:term":[{"taxonomy":"product_brand","embeddable":true,"href":"https:\/\/roveyayinevi.com.tr\/index.php\/wp-json\/wp\/v2\/product_brand?post=723286"},{"taxonomy":"product_cat","embeddable":true,"href":"https:\/\/roveyayinevi.com.tr\/index.php\/wp-json\/wp\/v2\/product_cat?post=723286"},{"taxonomy":"product_tag","embeddable":true,"href":"https:\/\/roveyayinevi.com.tr\/index.php\/wp-json\/wp\/v2\/product_tag?post=723286"}],"curies":[{"name":"wp","href":"https:\/\/api.w.org\/{rel}","templated":true}]}}