{"id":723285,"date":"2025-08-27T19:16:41","date_gmt":"2025-08-27T16:16:41","guid":{"rendered":"https:\/\/roveyayinevi.com.tr\/index.php\/urun\/anadolu-erenlerinin-kaynagi-horasan\/"},"modified":"2026-04-16T02:31:05","modified_gmt":"2026-04-15T23:31:05","slug":"anadolu-erenlerinin-kaynagi-horasan","status":"publish","type":"product","link":"https:\/\/roveyayinevi.com.tr\/index.php\/urun\/anadolu-erenlerinin-kaynagi-horasan\/","title":{"rendered":"Anadolu Erenlerinin Kayna\u011f\u0131 Horasan"},"content":{"rendered":"<p>Hac\u0131 Bekta\u015f-\u0131 Veli, Mevl\u00e2na Celaleddin-i Rum\u00ee, Baba \u0130lyas-\u0131 Horasan\u00ee ve daha pek \u00e7oklar\u0131 gibi on \u00fc\u00e7\u00fcnc\u00fc y\u00fczy\u0131lda Anadolu\u2019nun T\u00fcrkle\u015fmesinde \u00f6nemli rol oynam\u0131\u015f b\u00fcy\u00fck T\u00fcrk d\u00fc\u015f\u00fcn\u00fcrlerinin do\u011fup yeti\u015ftikleri yer olan Horasan\u2019\u0131n Mo\u011fol istil\u00e2s\u0131ndan \u00f6nceki tarih\u00ee, co\u011fraf\u00ee, iktisad\u00ee, edeb\u00ee ve k\u00fclt\u00fcrel durumunu anlatmaktad\u0131r.<\/p>\n","protected":false},"excerpt":{"rendered":"<p>Hac\u0131 Bekta\u015f-\u0131 Veli, Mevl\u00e2na Celaleddin-i Rum\u00ee, Baba \u0130lyas-\u0131 Horasan\u00ee ve daha pek \u00e7oklar\u0131 gibi on \u00fc\u00e7\u00fcnc\u00fc y\u00fczy\u0131lda Anadolu\u2019nun T\u00fcrkle\u015fmesinde \u00f6nemli rol oynam\u0131\u015f b\u00fcy\u00fck T\u00fcrk d\u00fc\u015f\u00fcn\u00fcrlerinin do\u011fup<span class=\"excerpt-hellip\"> [\u2026]<\/span><\/p>\n","protected":false},"featured_media":0,"template":"","meta":{"_monsterinsights_skip_tracking":false,"_monsterinsights_sitenote_active":false,"_monsterinsights_sitenote_note":"","_monsterinsights_sitenote_category":0},"product_brand":[],"product_cat":[12370,12304],"product_tag":[],"class_list":{"0":"post-723285","1":"product","2":"type-product","3":"status-publish","5":"product_cat-arastirma-inceleme","6":"product_cat-tarih","7":"pa_cilt-ciltsiz","8":"pa_tur-kitap","9":"pa_yayinevi-bilge-kultur-sanat","10":"pa_yazar-mursel-ozturk","12":"first","13":"instock","14":"sale","15":"shipping-taxable","16":"purchasable","17":"product-type-simple"},"_links":{"self":[{"href":"https:\/\/roveyayinevi.com.tr\/index.php\/wp-json\/wp\/v2\/product\/723285","targetHints":{"allow":["GET"]}}],"collection":[{"href":"https:\/\/roveyayinevi.com.tr\/index.php\/wp-json\/wp\/v2\/product"}],"about":[{"href":"https:\/\/roveyayinevi.com.tr\/index.php\/wp-json\/wp\/v2\/types\/product"}],"wp:attachment":[{"href":"https:\/\/roveyayinevi.com.tr\/index.php\/wp-json\/wp\/v2\/media?parent=723285"}],"wp:term":[{"taxonomy":"product_brand","embeddable":true,"href":"https:\/\/roveyayinevi.com.tr\/index.php\/wp-json\/wp\/v2\/product_brand?post=723285"},{"taxonomy":"product_cat","embeddable":true,"href":"https:\/\/roveyayinevi.com.tr\/index.php\/wp-json\/wp\/v2\/product_cat?post=723285"},{"taxonomy":"product_tag","embeddable":true,"href":"https:\/\/roveyayinevi.com.tr\/index.php\/wp-json\/wp\/v2\/product_tag?post=723285"}],"curies":[{"name":"wp","href":"https:\/\/api.w.org\/{rel}","templated":true}]}}