{"id":723283,"date":"2025-08-27T19:16:40","date_gmt":"2025-08-27T16:16:40","guid":{"rendered":"https:\/\/roveyayinevi.com.tr\/index.php\/urun\/ekonomi-perspektifinden-sosyal-bilimlerde-guncel-calismalar\/"},"modified":"2026-04-16T02:31:05","modified_gmt":"2026-04-15T23:31:05","slug":"ekonomi-perspektifinden-sosyal-bilimlerde-guncel-calismalar","status":"publish","type":"product","link":"https:\/\/roveyayinevi.com.tr\/index.php\/urun\/ekonomi-perspektifinden-sosyal-bilimlerde-guncel-calismalar\/","title":{"rendered":"Ekonomi Perspektifinden Sosyal Bilimlerde G\u00fcncel \u00c7al\u0131\u015fmalar"},"content":{"rendered":"<p>1. Tedarik Zinciri Y\u00f6netimi ve \u0130\u015fbirlikleri2. \u00c7a\u011fda\u015f G\u00f6\u00e7 Teorileri \u00c7er\u00e7evesinde K\u00fcresel G\u00f6\u00e7lerin Ekonomik Belirleyicileri3. Haz\u0131r Giyim \u0130\u015fletmlerinde \u0130\u015fveren Markas\u0131 Alg\u0131s\u01314. T\u00fcrkiye\u2019de Engelli \u0130htihdam\u0131 Y\u00fck\u00fcml\u00fcl\u00fc\u011f\u00fc ve Te\u015fvik Uygular\u0131n\u0131n De\u011ferlendirilmesi5. T\u00fcrkiye\u2019de \u00c7ok Partili Hayata Ge\u00e7i\u015fin Ekonomik Nedenleri6. Ekonomi ve Siyasal Tercih \u0130li\u015fkisi : \u0130stanbul \u0130li \u00d6rne\u011fi7. Yard\u0131m Kurulu\u015flar\u0131nda Pazarlama \u0130leti\u015fiminin Yeni Y\u00fcz\u00fc : Fiziksel \u0130htiya\u00e7lar Yerine Duygusal \u0130htiya\u00e7lara Odaklanmak8. Aile \u0130\u015fletmelerinde Aidiyet ve Adalet Alg\u0131s\u0131 \u0130li\u015fkisi9. Aile \u0130\u015fletmelerinde Finansal Olmayan Hedefler, Sebepleri ve Sonu\u00e7lar\u0131 \u00dczerine Bir De\u011ferlendirme10. K\u00fcresel Finasal Kriz ve Geli\u015fmekte Olan \u00dclkelere Do\u011frudan Yabanc\u0131 Yat\u0131r\u0131m Hareketleri11. T\u00fcrk Bankac\u0131l\u0131k Sekt\u00f6r\u00fcnde Risk T\u00fcrleri ve Y\u00f6netimi12. Etkinlik \u00d6l\u00e7\u00fcm\u00fcnde \u00c7evresel Fakt\u00f6rlerin Analizi<\/p>\n","protected":false},"excerpt":{"rendered":"<p>1. Tedarik Zinciri Y\u00f6netimi ve \u0130\u015fbirlikleri2. \u00c7a\u011fda\u015f G\u00f6\u00e7 Teorileri \u00c7er\u00e7evesinde K\u00fcresel G\u00f6\u00e7lerin Ekonomik Belirleyicileri3. Haz\u0131r Giyim \u0130\u015fletmlerinde \u0130\u015fveren Markas\u0131 Alg\u0131s\u01314. T\u00fcrkiye\u2019de Engelli \u0130htihdam\u0131 Y\u00fck\u00fcml\u00fcl\u00fc\u011f\u00fc ve Te\u015fvik<span class=\"excerpt-hellip\"> [\u2026]<\/span><\/p>\n","protected":false},"featured_media":0,"template":"","meta":{"_monsterinsights_skip_tracking":false,"_monsterinsights_sitenote_active":false,"_monsterinsights_sitenote_note":"","_monsterinsights_sitenote_category":0},"product_brand":[],"product_cat":[14841,13043],"product_tag":[],"class_list":{"0":"post-723283","1":"product","2":"type-product","3":"status-publish","5":"product_cat-arastirma-inceleme-kuram","6":"product_cat-ekonomi","7":"pa_cilt-ciltsiz","8":"pa_tur-kitap","9":"pa_yayinevi-gazi-kitabevi","10":"pa_yazar-adnan-kara","12":"first","13":"instock","14":"sale","15":"shipping-taxable","16":"purchasable","17":"product-type-simple"},"_links":{"self":[{"href":"https:\/\/roveyayinevi.com.tr\/index.php\/wp-json\/wp\/v2\/product\/723283","targetHints":{"allow":["GET"]}}],"collection":[{"href":"https:\/\/roveyayinevi.com.tr\/index.php\/wp-json\/wp\/v2\/product"}],"about":[{"href":"https:\/\/roveyayinevi.com.tr\/index.php\/wp-json\/wp\/v2\/types\/product"}],"wp:attachment":[{"href":"https:\/\/roveyayinevi.com.tr\/index.php\/wp-json\/wp\/v2\/media?parent=723283"}],"wp:term":[{"taxonomy":"product_brand","embeddable":true,"href":"https:\/\/roveyayinevi.com.tr\/index.php\/wp-json\/wp\/v2\/product_brand?post=723283"},{"taxonomy":"product_cat","embeddable":true,"href":"https:\/\/roveyayinevi.com.tr\/index.php\/wp-json\/wp\/v2\/product_cat?post=723283"},{"taxonomy":"product_tag","embeddable":true,"href":"https:\/\/roveyayinevi.com.tr\/index.php\/wp-json\/wp\/v2\/product_tag?post=723283"}],"curies":[{"name":"wp","href":"https:\/\/api.w.org\/{rel}","templated":true}]}}