{"id":723282,"date":"2025-08-27T19:16:39","date_gmt":"2025-08-27T16:16:39","guid":{"rendered":"https:\/\/roveyayinevi.com.tr\/index.php\/urun\/finansal-okuryazarlik-arastirmalari\/"},"modified":"2026-04-16T02:31:05","modified_gmt":"2026-04-15T23:31:05","slug":"finansal-okuryazarlik-arastirmalari","status":"publish","type":"product","link":"https:\/\/roveyayinevi.com.tr\/index.php\/urun\/finansal-okuryazarlik-arastirmalari\/","title":{"rendered":"Finansal Okuryazarl\u0131k Ara\u015ft\u0131rmalar\u0131"},"content":{"rendered":"<p>Finansal okuryazarl\u0131k son on y\u0131lda t\u00fcm d\u00fcnya ekonomilerinin g\u00fcndeminde olan bir konu. Bu konuyu bu kadar pop\u00fcler yapan temel unsur, karma\u015f\u0131kla\u015fan finansal piyasalara kar\u015f\u0131 kazanc\u0131n\u0131 sa\u011fl\u0131kl\u0131 bir \u015fekilde koruyamayan insanlar\u0131n artmas\u0131d\u0131r. Di\u011fer yandan gelir adaletsizli\u011finin artmas\u0131, bilgiye herkesin ayn\u0131 kolayl\u0131kla ve \u00fccretsiz ula\u015famamas\u0131 sonucu \u00f6zellikle enflasyon ortam\u0131nda bireyin finansal kayb\u0131 gibi hususlar da finansal okuryazarl\u0131\u011f\u0131n \u00f6nemini artt\u0131rd\u0131.<\/p>\n","protected":false},"excerpt":{"rendered":"<p>Finansal okuryazarl\u0131k son on y\u0131lda t\u00fcm d\u00fcnya ekonomilerinin g\u00fcndeminde olan bir konu. Bu konuyu bu kadar pop\u00fcler yapan temel unsur, karma\u015f\u0131kla\u015fan finansal piyasalara kar\u015f\u0131 kazanc\u0131n\u0131 sa\u011fl\u0131kl\u0131<span class=\"excerpt-hellip\"> [\u2026]<\/span><\/p>\n","protected":false},"featured_media":0,"template":"","meta":{"_monsterinsights_skip_tracking":false,"_monsterinsights_sitenote_active":false,"_monsterinsights_sitenote_note":"","_monsterinsights_sitenote_category":0},"product_brand":[],"product_cat":[17249,13043],"product_tag":[],"class_list":{"0":"post-723282","1":"product","2":"type-product","3":"status-publish","5":"product_cat-borsa-finans","6":"product_cat-ekonomi","7":"pa_cilt-ciltsiz","8":"pa_tur-kitap","9":"pa_yayinevi-gazi-kitabevi","10":"pa_yazar-aysel-gundogdu","12":"first","13":"instock","14":"sale","15":"shipping-taxable","16":"purchasable","17":"product-type-simple"},"_links":{"self":[{"href":"https:\/\/roveyayinevi.com.tr\/index.php\/wp-json\/wp\/v2\/product\/723282","targetHints":{"allow":["GET"]}}],"collection":[{"href":"https:\/\/roveyayinevi.com.tr\/index.php\/wp-json\/wp\/v2\/product"}],"about":[{"href":"https:\/\/roveyayinevi.com.tr\/index.php\/wp-json\/wp\/v2\/types\/product"}],"wp:attachment":[{"href":"https:\/\/roveyayinevi.com.tr\/index.php\/wp-json\/wp\/v2\/media?parent=723282"}],"wp:term":[{"taxonomy":"product_brand","embeddable":true,"href":"https:\/\/roveyayinevi.com.tr\/index.php\/wp-json\/wp\/v2\/product_brand?post=723282"},{"taxonomy":"product_cat","embeddable":true,"href":"https:\/\/roveyayinevi.com.tr\/index.php\/wp-json\/wp\/v2\/product_cat?post=723282"},{"taxonomy":"product_tag","embeddable":true,"href":"https:\/\/roveyayinevi.com.tr\/index.php\/wp-json\/wp\/v2\/product_tag?post=723282"}],"curies":[{"name":"wp","href":"https:\/\/api.w.org\/{rel}","templated":true}]}}