{"id":723281,"date":"2025-08-27T19:16:39","date_gmt":"2025-08-27T16:16:39","guid":{"rendered":"https:\/\/roveyayinevi.com.tr\/index.php\/urun\/gordes-ilcesinin-cografyasi\/"},"modified":"2026-04-16T02:31:05","modified_gmt":"2026-04-15T23:31:05","slug":"gordes-ilcesinin-cografyasi","status":"publish","type":"product","link":"https:\/\/roveyayinevi.com.tr\/index.php\/urun\/gordes-ilcesinin-cografyasi\/","title":{"rendered":"G\u00f6rdes \u0130l\u00e7esi&#8217;nin Co\u011frafyas\u0131"},"content":{"rendered":"<p>Ege B\u00f6lgesi\u2019nin \u0130\u00e7 Bat\u0131 Anadolu B\u00f6l\u00fcm\u00fc s\u0131n\u0131rlar\u0131 i\u00e7erisinde yer alan G\u00f6rdes\u0130l\u00e7esi\u2019nin do\u011fal, be\u015feri ve ekonomik \u00f6zellikleri, co\u011frafya biliminin ilkeler,ara\u015ft\u0131rma y\u00f6ntemleri ve d\u00fc\u015f\u00fcnce sistemati\u011fine ba\u011fl\u0131 kal\u0131narak doktora tez\u00e7al\u0131\u015fmas\u0131 olarak haz\u0131rlanm\u0131\u015ft\u0131r.G\u00f6rdes \u0130l\u00e7esinin co\u011frafi \u00f6zelliklerinin ortaya \u00e7\u0131kar\u0131lmas\u0131n\u0131n ama\u00e7land\u0131\u011f\u0131 bu\u00e7al\u0131\u015fman\u0131n, il\u00e7eye gelece\u011fe y\u00f6nelik yap\u0131lacak olan yat\u0131r\u0131mlar ve planlamalar i\u00e7inyararl\u0131 olaca\u011f\u0131 d\u00fc\u015f\u00fcncesini ta\u015f\u0131d\u0131\u011f\u0131m\u0131z i\u00e7in &#8220;G\u00f6rdes \u0130l\u00e7esinin Co\u011frafyas\u0131\u201ddoktora tez konusu olarak belirlenmi\u015ftir.<\/p>\n","protected":false},"excerpt":{"rendered":"<p>Ege B\u00f6lgesi\u2019nin \u0130\u00e7 Bat\u0131 Anadolu B\u00f6l\u00fcm\u00fc s\u0131n\u0131rlar\u0131 i\u00e7erisinde yer alan G\u00f6rdes\u0130l\u00e7esi\u2019nin do\u011fal, be\u015feri ve ekonomik \u00f6zellikleri, co\u011frafya biliminin ilkeler,ara\u015ft\u0131rma y\u00f6ntemleri ve d\u00fc\u015f\u00fcnce sistemati\u011fine ba\u011fl\u0131 kal\u0131narak doktora<span class=\"excerpt-hellip\"> [\u2026]<\/span><\/p>\n","protected":false},"featured_media":0,"template":"","meta":{"_monsterinsights_skip_tracking":false,"_monsterinsights_sitenote_active":false,"_monsterinsights_sitenote_note":"","_monsterinsights_sitenote_category":0},"product_brand":[],"product_cat":[12573,12566],"product_tag":[],"class_list":{"0":"post-723281","1":"product","2":"type-product","3":"status-publish","5":"product_cat-akademik-kitaplar","6":"product_cat-egitim","7":"pa_cilt-ciltsiz","8":"pa_tur-kitap","9":"pa_yayinevi-gazi-kitabevi","10":"pa_yazar-ferdi-akbas","12":"first","13":"instock","14":"sale","15":"shipping-taxable","16":"purchasable","17":"product-type-simple"},"_links":{"self":[{"href":"https:\/\/roveyayinevi.com.tr\/index.php\/wp-json\/wp\/v2\/product\/723281","targetHints":{"allow":["GET"]}}],"collection":[{"href":"https:\/\/roveyayinevi.com.tr\/index.php\/wp-json\/wp\/v2\/product"}],"about":[{"href":"https:\/\/roveyayinevi.com.tr\/index.php\/wp-json\/wp\/v2\/types\/product"}],"wp:attachment":[{"href":"https:\/\/roveyayinevi.com.tr\/index.php\/wp-json\/wp\/v2\/media?parent=723281"}],"wp:term":[{"taxonomy":"product_brand","embeddable":true,"href":"https:\/\/roveyayinevi.com.tr\/index.php\/wp-json\/wp\/v2\/product_brand?post=723281"},{"taxonomy":"product_cat","embeddable":true,"href":"https:\/\/roveyayinevi.com.tr\/index.php\/wp-json\/wp\/v2\/product_cat?post=723281"},{"taxonomy":"product_tag","embeddable":true,"href":"https:\/\/roveyayinevi.com.tr\/index.php\/wp-json\/wp\/v2\/product_tag?post=723281"}],"curies":[{"name":"wp","href":"https:\/\/api.w.org\/{rel}","templated":true}]}}