{"id":723280,"date":"2025-08-27T19:16:38","date_gmt":"2025-08-27T16:16:38","guid":{"rendered":"https:\/\/roveyayinevi.com.tr\/index.php\/urun\/1-dunya-hava-oyunlari\/"},"modified":"2026-04-16T02:31:05","modified_gmt":"2026-04-15T23:31:05","slug":"1-dunya-hava-oyunlari","status":"publish","type":"product","link":"https:\/\/roveyayinevi.com.tr\/index.php\/urun\/1-dunya-hava-oyunlari\/","title":{"rendered":"1. D\u00fcnya Hava Oyunlar\u0131"},"content":{"rendered":"<p>Bu kitap; 1997 y\u0131l\u0131nda Uluslararas\u0131 Havac\u0131l\u0131k Federasyonu ve T\u00fcrk Hava Kurumu&#8217;nun d\u00fcnyada ilk kez T\u00fcrkiye&#8217;de olimpiyat konseptinde ger\u00e7ekle\u015ftirilen Birinici D\u00fcnya Hava Oyunlar\u0131n\u0131n nas\u0131l ger\u00e7ekle\u015fti\u011fini anlatan bir belgesel kitapt\u0131r.<\/p>\n","protected":false},"excerpt":{"rendered":"<p>Bu kitap; 1997 y\u0131l\u0131nda Uluslararas\u0131 Havac\u0131l\u0131k Federasyonu ve T\u00fcrk Hava Kurumu&#8217;nun d\u00fcnyada ilk kez T\u00fcrkiye&#8217;de olimpiyat konseptinde ger\u00e7ekle\u015ftirilen Birinici D\u00fcnya Hava Oyunlar\u0131n\u0131n nas\u0131l ger\u00e7ekle\u015fti\u011fini anlatan bir<span class=\"excerpt-hellip\"> [\u2026]<\/span><\/p>\n","protected":false},"featured_media":0,"template":"","meta":{"_monsterinsights_skip_tracking":false,"_monsterinsights_sitenote_active":false,"_monsterinsights_sitenote_note":"","_monsterinsights_sitenote_category":0},"product_brand":[],"product_cat":[12573,12566],"product_tag":[],"class_list":{"0":"post-723280","1":"product","2":"type-product","3":"status-publish","5":"product_cat-akademik-kitaplar","6":"product_cat-egitim","7":"pa_cilt-ciltsiz","8":"pa_tur-kitap","9":"pa_yayinevi-soncag","10":"pa_yazar-mehmet-bahattin-adiguzel","12":"first","13":"instock","14":"sale","15":"shipping-taxable","16":"purchasable","17":"product-type-simple"},"_links":{"self":[{"href":"https:\/\/roveyayinevi.com.tr\/index.php\/wp-json\/wp\/v2\/product\/723280","targetHints":{"allow":["GET"]}}],"collection":[{"href":"https:\/\/roveyayinevi.com.tr\/index.php\/wp-json\/wp\/v2\/product"}],"about":[{"href":"https:\/\/roveyayinevi.com.tr\/index.php\/wp-json\/wp\/v2\/types\/product"}],"wp:attachment":[{"href":"https:\/\/roveyayinevi.com.tr\/index.php\/wp-json\/wp\/v2\/media?parent=723280"}],"wp:term":[{"taxonomy":"product_brand","embeddable":true,"href":"https:\/\/roveyayinevi.com.tr\/index.php\/wp-json\/wp\/v2\/product_brand?post=723280"},{"taxonomy":"product_cat","embeddable":true,"href":"https:\/\/roveyayinevi.com.tr\/index.php\/wp-json\/wp\/v2\/product_cat?post=723280"},{"taxonomy":"product_tag","embeddable":true,"href":"https:\/\/roveyayinevi.com.tr\/index.php\/wp-json\/wp\/v2\/product_tag?post=723280"}],"curies":[{"name":"wp","href":"https:\/\/api.w.org\/{rel}","templated":true}]}}