{"id":723279,"date":"2025-08-27T19:16:38","date_gmt":"2025-08-27T16:16:38","guid":{"rendered":"https:\/\/roveyayinevi.com.tr\/index.php\/urun\/gecmisten-gunumuze-hashasi-tarikati\/"},"modified":"2026-04-16T02:31:05","modified_gmt":"2026-04-15T23:31:05","slug":"gecmisten-gunumuze-hashasi-tarikati","status":"publish","type":"product","link":"https:\/\/roveyayinevi.com.tr\/index.php\/urun\/gecmisten-gunumuze-hashasi-tarikati\/","title":{"rendered":"Ge\u00e7mi\u015ften G\u00fcn\u00fcm\u00fcze Ha\u015fha\u015fi Tarikat\u0131"},"content":{"rendered":"<p>\u015ei\u00ee ve S\u00fcnn\u00ee mezheplerin do\u011fu\u015fu, \u015ei\u00ee mezhep i\u00e7inden \u00e7\u0131kan \u0130sm\u00e2iliyye kolu, \u0130sm\u00e2iliyyelerin kurdu\u011fu F\u00e2t\u0131m\u00ee Devleti, \u0130sm\u00e2ililer i\u00e7indeki taht kavgalar\u0131 ve Hasan Sabb\u00e2h\u2019\u0131n ortaya \u00e7\u0131k\u0131\u015f\u0131, Hasan Sabb\u00e2h\u2019\u0131n M\u0131s\u0131r\u2019dan kovulu\u015fu ve Alamut Kalesi\u2019ni ele ge\u00e7irmesi, Hasan Sabb\u00e2h\u2019\u0131n \u00f6rg\u00fct\u00fc, inan\u00e7 sistemi ve Ha\u015fha\u015f\u00eefed\u00e2\u00eeleri, Fed\u00e2\u00eelerin ha\u015fha\u015f \u00e7ekip cennet bah\u00e7elerine gitmek i\u00e7in \u00e7\u0131rp\u0131nd\u0131klar\u0131 iddialar\u0131, Hasan Sabb\u00e2h, Nizam\u00fclm\u00fclk ve \u00d6mer Hayyam\u2019\u0131n arkada\u015f olduklar\u0131na dair iddialar, Ha\u015fha\u015f\u00eelerin \u00fcst\u00fc \u00f6rt\u00fclm\u00fc\u015f yalan\u0131 ve asl\u0131 olmayan hik\u00e2yesi, Sultan Melik\u015fah\u2019\u0131nba\u015fveziriNizam\u00fclm\u00fclk\u2019\u00fcnHa\u015fha\u015f\u00eeler taraf\u0131ndan katledilmesi, Ha\u015fha\u015f\u00eelerin Sel\u00e7uklu \u0130mparatorlu\u011fu\u2019na s\u0131zmalar\u0131, Bir\u00e7ok halife, vezir, din adam\u0131n\u0131 katletmeleri, Ha\u015fha\u015f\u00eelerin; Ha\u00e7l\u0131lar, Tap\u0131nak \u015e\u00f6valyeleri ve Yahudiler ile ili\u015fkisi, Hasan Sabb\u00e2h sonras\u0131 Ha\u015fha\u015f\u00eeler, Ha\u015fha\u015f\u00eelerin bug\u00fcnk\u00fc takip\u00e7ileri, Konular\u0131 incelenmi\u015f olup, her sat\u0131rda okuyucuyu d\u00fc\u015f\u00fcnmeye sevk eden olaylar bilimsel kaynaklara at\u0131fta bulunarak sade bir dille sunulmu\u015ftur. <\/p>\n","protected":false},"excerpt":{"rendered":"<p>\u015ei\u00ee ve S\u00fcnn\u00ee mezheplerin do\u011fu\u015fu, \u015ei\u00ee mezhep i\u00e7inden \u00e7\u0131kan \u0130sm\u00e2iliyye kolu, \u0130sm\u00e2iliyyelerin kurdu\u011fu F\u00e2t\u0131m\u00ee Devleti, \u0130sm\u00e2ililer i\u00e7indeki taht kavgalar\u0131 ve Hasan Sabb\u00e2h\u2019\u0131n ortaya \u00e7\u0131k\u0131\u015f\u0131, Hasan Sabb\u00e2h\u2019\u0131n<span class=\"excerpt-hellip\"> [\u2026]<\/span><\/p>\n","protected":false},"featured_media":0,"template":"","meta":{"_monsterinsights_skip_tracking":false,"_monsterinsights_sitenote_active":false,"_monsterinsights_sitenote_note":"","_monsterinsights_sitenote_category":0},"product_brand":[],"product_cat":[12370,12304],"product_tag":[],"class_list":{"0":"post-723279","1":"product","2":"type-product","3":"status-publish","5":"product_cat-arastirma-inceleme","6":"product_cat-tarih","7":"pa_cilt-ciltsiz","8":"pa_tur-kitap","9":"pa_yayinevi-altinordu-yayinlari","10":"pa_yazar-erkan-hacifazlioglu","12":"first","13":"instock","14":"sale","15":"shipping-taxable","16":"purchasable","17":"product-type-simple"},"_links":{"self":[{"href":"https:\/\/roveyayinevi.com.tr\/index.php\/wp-json\/wp\/v2\/product\/723279","targetHints":{"allow":["GET"]}}],"collection":[{"href":"https:\/\/roveyayinevi.com.tr\/index.php\/wp-json\/wp\/v2\/product"}],"about":[{"href":"https:\/\/roveyayinevi.com.tr\/index.php\/wp-json\/wp\/v2\/types\/product"}],"wp:attachment":[{"href":"https:\/\/roveyayinevi.com.tr\/index.php\/wp-json\/wp\/v2\/media?parent=723279"}],"wp:term":[{"taxonomy":"product_brand","embeddable":true,"href":"https:\/\/roveyayinevi.com.tr\/index.php\/wp-json\/wp\/v2\/product_brand?post=723279"},{"taxonomy":"product_cat","embeddable":true,"href":"https:\/\/roveyayinevi.com.tr\/index.php\/wp-json\/wp\/v2\/product_cat?post=723279"},{"taxonomy":"product_tag","embeddable":true,"href":"https:\/\/roveyayinevi.com.tr\/index.php\/wp-json\/wp\/v2\/product_tag?post=723279"}],"curies":[{"name":"wp","href":"https:\/\/api.w.org\/{rel}","templated":true}]}}