{"id":723277,"date":"2025-08-27T19:16:36","date_gmt":"2025-08-27T16:16:36","guid":{"rendered":"https:\/\/roveyayinevi.com.tr\/index.php\/urun\/korkut-ata\/"},"modified":"2026-04-16T02:31:05","modified_gmt":"2026-04-15T23:31:05","slug":"korkut-ata","status":"publish","type":"product","link":"https:\/\/roveyayinevi.com.tr\/index.php\/urun\/korkut-ata\/","title":{"rendered":"Korkut Ata"},"content":{"rendered":"<p>T\u00fcrk k\u00fclt\u00fcr\u00fcn\u00fcn en \u00e7ok ara\u015ft\u0131r\u0131lan konular\u0131ndan biri olan Korkut Ata ve ad\u0131na ba\u011flanan O\u011fuznamelere olan merak eksilmeden devam etmektedir. \u00dcn\u00fcne \u00fcn, s\u00f6z\u00fcne s\u00f6z \u00e7atmayan Korkut Ata, T\u00fcrk ulusunun vilayet \u0131ss\u0131 olmas\u0131ndan dolay\u0131 kutsanm\u0131\u015f, ozanl\u0131\u011f\u0131, tabibli\u011fi, k\u0131smen \u015famanl\u0131\u011f\u0131 k\u0131smen de sava\u015f\u00e7\u0131l\u0131\u011f\u0131 kutsal merkez etraf\u0131nda i\u015flevselle\u015fmi\u015ftir. Korkut Ata, Altay\u2019dan Balkanlar\u2019a kadar tan\u0131nan ve \u00f6n\u00fcnde ba\u015f e\u011filen ki\u015fili\u011fiyle T\u00fcrk ulusunu birle\u015ftirmek ve \u00e7eki\u015fmeleri gidermek i\u00e7in \u00e7aba harcam\u0131\u015ft\u0131r. Kopuzuyla \u00f6l\u00fcme meydan okumas\u0131, Yelmayas\u0131 ile \u00f6l\u00fcmden ka\u00e7mas\u0131 ile Korkut Ata, tarih \u00f6ncesi \u015fuurumuzu tarihle birle\u015ftirmi\u015f, mitolijik kurgu arac\u0131l\u0131\u011f\u0131yla ontolojik varl\u0131\u011f\u0131n\u0131 g\u00fcn\u00fcm\u00fcze ta\u015f\u0131m\u0131\u015ft\u0131r. Korkut Ata, denizden denize b\u00fcy\u00fck devletler kuran konar-g\u00f6\u00e7er T\u00fcrklerin kahramanl\u0131k \u00e7a\u011flar\u0131n\u0131 ya\u015fatan ve bizlere ula\u015ft\u0131ran ozan, T\u00fcrk d\u00fcnyas\u0131ndaki ilk \u015faman, Tanr\u0131\u2019n\u0131n g\u00f6nl\u00fcne ilham etti\u011fi ilk vel\u00e2yet sahibi , Hak Te\u00e2l\u00e2\u2019n\u0131n emanetini boynuna asan h\u00fcccet ve bilge ve ba\u015fbilenli\u011fi ile milletin g\u00f6nl\u00fcnde taht kuran bir kahramand\u0131r.<\/p>\n","protected":false},"excerpt":{"rendered":"<p>T\u00fcrk k\u00fclt\u00fcr\u00fcn\u00fcn en \u00e7ok ara\u015ft\u0131r\u0131lan konular\u0131ndan biri olan Korkut Ata ve ad\u0131na ba\u011flanan O\u011fuznamelere olan merak eksilmeden devam etmektedir. \u00dcn\u00fcne \u00fcn, s\u00f6z\u00fcne s\u00f6z \u00e7atmayan Korkut Ata,<span class=\"excerpt-hellip\"> [\u2026]<\/span><\/p>\n","protected":false},"featured_media":0,"template":"","meta":{"_monsterinsights_skip_tracking":false,"_monsterinsights_sitenote_active":false,"_monsterinsights_sitenote_note":"","_monsterinsights_sitenote_category":0},"product_brand":[],"product_cat":[12370,12304],"product_tag":[],"class_list":{"0":"post-723277","1":"product","2":"type-product","3":"status-publish","5":"product_cat-arastirma-inceleme","6":"product_cat-tarih","7":"pa_cilt-ciltsiz","8":"pa_tur-kitap","9":"pa_yayinevi-otuken-nesriyat","10":"pa_yazar-fuzuli-bayat","12":"first","13":"instock","14":"sale","15":"shipping-taxable","16":"purchasable","17":"product-type-simple"},"_links":{"self":[{"href":"https:\/\/roveyayinevi.com.tr\/index.php\/wp-json\/wp\/v2\/product\/723277","targetHints":{"allow":["GET"]}}],"collection":[{"href":"https:\/\/roveyayinevi.com.tr\/index.php\/wp-json\/wp\/v2\/product"}],"about":[{"href":"https:\/\/roveyayinevi.com.tr\/index.php\/wp-json\/wp\/v2\/types\/product"}],"wp:attachment":[{"href":"https:\/\/roveyayinevi.com.tr\/index.php\/wp-json\/wp\/v2\/media?parent=723277"}],"wp:term":[{"taxonomy":"product_brand","embeddable":true,"href":"https:\/\/roveyayinevi.com.tr\/index.php\/wp-json\/wp\/v2\/product_brand?post=723277"},{"taxonomy":"product_cat","embeddable":true,"href":"https:\/\/roveyayinevi.com.tr\/index.php\/wp-json\/wp\/v2\/product_cat?post=723277"},{"taxonomy":"product_tag","embeddable":true,"href":"https:\/\/roveyayinevi.com.tr\/index.php\/wp-json\/wp\/v2\/product_tag?post=723277"}],"curies":[{"name":"wp","href":"https:\/\/api.w.org\/{rel}","templated":true}]}}