{"id":723269,"date":"2025-08-27T19:16:30","date_gmt":"2025-08-27T16:16:30","guid":{"rendered":"https:\/\/roveyayinevi.com.tr\/index.php\/urun\/galatada-macera-tarihin-izinde\/"},"modified":"2026-04-16T02:31:05","modified_gmt":"2026-04-15T23:31:05","slug":"galatada-macera-tarihin-izinde","status":"publish","type":"product","link":"https:\/\/roveyayinevi.com.tr\/index.php\/urun\/galatada-macera-tarihin-izinde\/","title":{"rendered":"Galata\u2019da Macera &#8211; Tarihin \u0130zinde"},"content":{"rendered":"<p>Tarihin \u0130zinde \u0130le Siz De Galata\u2019da Macera Ya\u015fay\u0131n!Merhaba arkada\u015flar,Ben Eren. Yak\u0131n arkada\u015flar\u0131m Zeynep ve C\u00fcneyt\u2019le yine \u00f6yle maceralara at\u0131ld\u0131k ki sormay\u0131n. Her \u015fey \u00e7ok sevdi\u011fimiz arkeolog Hasan Abi\u2019nin bizi Galata\u2019da sema t\u00f6renine g\u00f6t\u00fcrmesiyle ba\u015flad\u0131. Kendimizi yine bir anda maceran\u0131n tam ortas\u0131nda bulmu\u015ftuk.Galata\u2019daki sergide g\u00f6rd\u00fc\u011f\u00fcm\u00fcz k\u00f6t\u00fc adamlar\u0131n ger\u00e7ek niyeti neydi?S\u0131n\u0131f\u00e7a gitti\u011fimiz \u0130znik gezisinde ba\u015f\u0131m\u0131za neler gelecekti?\u00dcsk\u00fcdar\u2019dan Galata\u2019ya, Galata\u2019dan \u0130znik\u2019e uzanan tarih ve heyecan dolu bu macerada bize kat\u0131lmaya ne dersiniz?Haydi \u00f6yleyse sayfalar\u0131 \u00e7evirin ve hemen okumaya ba\u015flay\u0131n.<\/p>\n","protected":false},"excerpt":{"rendered":"<p>Tarihin \u0130zinde \u0130le Siz De Galata\u2019da Macera Ya\u015fay\u0131n!Merhaba arkada\u015flar,Ben Eren. Yak\u0131n arkada\u015flar\u0131m Zeynep ve C\u00fcneyt\u2019le yine \u00f6yle maceralara at\u0131ld\u0131k ki sormay\u0131n. Her \u015fey \u00e7ok sevdi\u011fimiz arkeolog<span class=\"excerpt-hellip\"> [\u2026]<\/span><\/p>\n","protected":false},"featured_media":0,"template":"","meta":{"_monsterinsights_skip_tracking":false,"_monsterinsights_sitenote_active":false,"_monsterinsights_sitenote_note":"","_monsterinsights_sitenote_category":0},"product_brand":[],"product_cat":[12274,12284],"product_tag":[],"class_list":{"0":"post-723269","1":"product","2":"type-product","3":"status-publish","5":"product_cat-cocuk-ve-genclik-kitaplari","6":"product_cat-hikayeler","7":"pa_cilt-ciltsiz","8":"pa_tur-kitap","9":"pa_yayinevi-genc-hayat","10":"pa_yazar-gulcin-tunali","12":"first","13":"instock","14":"sale","15":"shipping-taxable","16":"purchasable","17":"product-type-simple"},"_links":{"self":[{"href":"https:\/\/roveyayinevi.com.tr\/index.php\/wp-json\/wp\/v2\/product\/723269","targetHints":{"allow":["GET"]}}],"collection":[{"href":"https:\/\/roveyayinevi.com.tr\/index.php\/wp-json\/wp\/v2\/product"}],"about":[{"href":"https:\/\/roveyayinevi.com.tr\/index.php\/wp-json\/wp\/v2\/types\/product"}],"wp:attachment":[{"href":"https:\/\/roveyayinevi.com.tr\/index.php\/wp-json\/wp\/v2\/media?parent=723269"}],"wp:term":[{"taxonomy":"product_brand","embeddable":true,"href":"https:\/\/roveyayinevi.com.tr\/index.php\/wp-json\/wp\/v2\/product_brand?post=723269"},{"taxonomy":"product_cat","embeddable":true,"href":"https:\/\/roveyayinevi.com.tr\/index.php\/wp-json\/wp\/v2\/product_cat?post=723269"},{"taxonomy":"product_tag","embeddable":true,"href":"https:\/\/roveyayinevi.com.tr\/index.php\/wp-json\/wp\/v2\/product_tag?post=723269"}],"curies":[{"name":"wp","href":"https:\/\/api.w.org\/{rel}","templated":true}]}}