{"id":723267,"date":"2025-08-27T19:16:28","date_gmt":"2025-08-27T16:16:28","guid":{"rendered":"https:\/\/roveyayinevi.com.tr\/index.php\/urun\/canavar-pesinde-61-kralligin-kaderi\/"},"modified":"2026-04-13T02:38:02","modified_gmt":"2026-04-12T23:38:02","slug":"canavar-pesinde-61-kralligin-kaderi","status":"publish","type":"product","link":"https:\/\/roveyayinevi.com.tr\/index.php\/urun\/canavar-pesinde-61-kralligin-kaderi\/","title":{"rendered":"Canavar Pe\u015finde 61 &#8211; Krall\u0131\u011f\u0131n Kaderi"},"content":{"rendered":"<p>Tom\u2019u yeni ve \u00e7ok tehlikeli bir d\u00fc\u015fman, yeni Canavarlar ve yeni bir krall\u0131k bekliyor.Dev bir deniz Canavar\u0131 olan \u00d6l\u00fcmc\u00fcl Elko, dalgalar\u0131n i\u00e7inden y\u00fckselirkenTom ve Elenna, Henkrall Krall\u0131\u011f\u0131\u2019n\u0131 koruyabilecekler mi?<\/p>\n","protected":false},"excerpt":{"rendered":"<p>Tom\u2019u yeni ve \u00e7ok tehlikeli bir d\u00fc\u015fman, yeni Canavarlar ve yeni bir krall\u0131k bekliyor.Dev bir deniz Canavar\u0131 olan \u00d6l\u00fcmc\u00fcl Elko, dalgalar\u0131n i\u00e7inden y\u00fckselirkenTom ve Elenna, Henkrall<span class=\"excerpt-hellip\"> [\u2026]<\/span><\/p>\n","protected":false},"featured_media":0,"template":"","meta":{"_monsterinsights_skip_tracking":false,"_monsterinsights_sitenote_active":false,"_monsterinsights_sitenote_note":"","_monsterinsights_sitenote_category":0},"product_brand":[],"product_cat":[12274,12284],"product_tag":[],"class_list":{"0":"post-723267","1":"product","2":"type-product","3":"status-publish","5":"product_cat-cocuk-ve-genclik-kitaplari","6":"product_cat-hikayeler","7":"pa_cilt-ciltsiz","8":"pa_tur-kitap","9":"pa_yayinevi-beyaz-balina-yayinlari","10":"pa_yazar-adam-blade","12":"first","13":"instock","14":"sale","15":"shipping-taxable","16":"purchasable","17":"product-type-simple"},"_links":{"self":[{"href":"https:\/\/roveyayinevi.com.tr\/index.php\/wp-json\/wp\/v2\/product\/723267","targetHints":{"allow":["GET"]}}],"collection":[{"href":"https:\/\/roveyayinevi.com.tr\/index.php\/wp-json\/wp\/v2\/product"}],"about":[{"href":"https:\/\/roveyayinevi.com.tr\/index.php\/wp-json\/wp\/v2\/types\/product"}],"wp:attachment":[{"href":"https:\/\/roveyayinevi.com.tr\/index.php\/wp-json\/wp\/v2\/media?parent=723267"}],"wp:term":[{"taxonomy":"product_brand","embeddable":true,"href":"https:\/\/roveyayinevi.com.tr\/index.php\/wp-json\/wp\/v2\/product_brand?post=723267"},{"taxonomy":"product_cat","embeddable":true,"href":"https:\/\/roveyayinevi.com.tr\/index.php\/wp-json\/wp\/v2\/product_cat?post=723267"},{"taxonomy":"product_tag","embeddable":true,"href":"https:\/\/roveyayinevi.com.tr\/index.php\/wp-json\/wp\/v2\/product_tag?post=723267"}],"curies":[{"name":"wp","href":"https:\/\/api.w.org\/{rel}","templated":true}]}}