{"id":723266,"date":"2025-08-27T19:16:27","date_gmt":"2025-08-27T16:16:27","guid":{"rendered":"https:\/\/roveyayinevi.com.tr\/index.php\/urun\/aristoteles-varlik-erdem-ve-yontem\/"},"modified":"2026-04-16T02:31:04","modified_gmt":"2026-04-15T23:31:04","slug":"aristoteles-varlik-erdem-ve-yontem","status":"publish","type":"product","link":"https:\/\/roveyayinevi.com.tr\/index.php\/urun\/aristoteles-varlik-erdem-ve-yontem\/","title":{"rendered":"Aristoteles &#8211; Varl\u0131k, Erdem ve Y\u00f6ntem"},"content":{"rendered":"<p>Alfred Edward Taylor\u2019\u0131n bu eseri, Aristoteles\u2019in hayat\u0131n\u0131 ve felsefesini anla\u015f\u0131l\u0131r ve ak\u0131c\u0131 bir bi\u00e7imde ele almaktad\u0131r. Taylor, onun d\u00fc\u015f\u00fcncelerinin soyut analizi ve ard\u0131 ard\u0131na listelenmesi ile yetinmez, filozofun d\u00fc\u015f\u00fcncelerini kuran \u00f6geleri analitik bir ruhla ara\u015ft\u0131r\u0131r; bunu yaparken de hem tarihsel arka plan\u0131 hem de i\u00e7inde bulunulan zaman\u0131n problemlerini dikkate al\u0131r.   Aristoteles, teoloji konusunda o kadar sa\u011flam bir etki b\u0131rakm\u0131\u015ft\u0131r ki, Kilisenin \u00e7o\u011fu g\u00f6r\u00fc\u015f\u00fc, onun evrene ili\u015fkin kavray\u0131\u015f\u0131na a\u015fina olmaks\u0131z\u0131n anla\u015f\u0131lamaz. Modern bilimin kurucu d\u00fc\u015f\u00fcn\u00fcrleri Bacon\u2019\u0131n ve Galileo\u2019nun ve hatta di\u011fer b\u00fcy\u00fck anti-Aristoteles\u00e7ilerin anla\u015f\u0131lmas\u0131 i\u00e7in dahi biraz Aristoteles\u00e7ilik bilgisinin bizim i\u00e7in gerekli oldu\u011funu kolayca ke\u015ffederiz.   Ayn Rand, \u201cE\u011fer Bat\u0131 Uygarl\u0131\u011f\u0131n\u0131n t\u00fcm y\u00fck\u00fcn\u00fc omuzlar\u0131nda ta\u015f\u0131yan bir Atlas varsa, bu Aristoteles\u2019tir.\u201d demi\u015fti. Asl\u0131nda Aristoteles, yaln\u0131zca Bat\u0131 Uygarl\u0131\u011f\u0131n\u0131n \u2018Atlas\u2019\u0131 olmam\u0131\u015f hem Bat\u0131n\u0131n hem de Do\u011funun t\u00fcm bilimsel ve felsefi geli\u015fiminin dayana\u011f\u0131, kurucusu ve ta\u015f\u0131y\u0131c\u0131s\u0131 olmu\u015ftur. Bu nedenledir ki \u0130slam filozoflar\u0131, Aristoteles\u2019i \u0130lk \u00d6\u011fretmenleri kabul etmi\u015flerdir. Bat\u0131ya gelince Aristoteles\u2019i anlamadan, ne Platon\u2019u ne Gadamer\u2019i ne Heidegger\u2019i hatta Dante\u2019yi ve Shakespeare\u2019i bile anlamak olanaks\u0131zd\u0131r.<\/p>\n","protected":false},"excerpt":{"rendered":"<p>Alfred Edward Taylor\u2019\u0131n bu eseri, Aristoteles\u2019in hayat\u0131n\u0131 ve felsefesini anla\u015f\u0131l\u0131r ve ak\u0131c\u0131 bir bi\u00e7imde ele almaktad\u0131r. Taylor, onun d\u00fc\u015f\u00fcncelerinin soyut analizi ve ard\u0131 ard\u0131na listelenmesi ile<span class=\"excerpt-hellip\"> [\u2026]<\/span><\/p>\n","protected":false},"featured_media":0,"template":"","meta":{"_monsterinsights_skip_tracking":false,"_monsterinsights_sitenote_active":false,"_monsterinsights_sitenote_note":"","_monsterinsights_sitenote_category":0},"product_brand":[],"product_cat":[12388,26788],"product_tag":[],"class_list":{"0":"post-723266","1":"product","2":"type-product","3":"status-publish","5":"product_cat-felsefe","6":"product_cat-filozoflar","7":"pa_cilt-ciltsiz","8":"pa_tur-kitap","9":"pa_yayinevi-fol-kitap","10":"pa_yazar-alfred-edward-taylor","12":"first","13":"instock","14":"sale","15":"shipping-taxable","16":"purchasable","17":"product-type-simple"},"_links":{"self":[{"href":"https:\/\/roveyayinevi.com.tr\/index.php\/wp-json\/wp\/v2\/product\/723266","targetHints":{"allow":["GET"]}}],"collection":[{"href":"https:\/\/roveyayinevi.com.tr\/index.php\/wp-json\/wp\/v2\/product"}],"about":[{"href":"https:\/\/roveyayinevi.com.tr\/index.php\/wp-json\/wp\/v2\/types\/product"}],"wp:attachment":[{"href":"https:\/\/roveyayinevi.com.tr\/index.php\/wp-json\/wp\/v2\/media?parent=723266"}],"wp:term":[{"taxonomy":"product_brand","embeddable":true,"href":"https:\/\/roveyayinevi.com.tr\/index.php\/wp-json\/wp\/v2\/product_brand?post=723266"},{"taxonomy":"product_cat","embeddable":true,"href":"https:\/\/roveyayinevi.com.tr\/index.php\/wp-json\/wp\/v2\/product_cat?post=723266"},{"taxonomy":"product_tag","embeddable":true,"href":"https:\/\/roveyayinevi.com.tr\/index.php\/wp-json\/wp\/v2\/product_tag?post=723266"}],"curies":[{"name":"wp","href":"https:\/\/api.w.org\/{rel}","templated":true}]}}