{"id":723265,"date":"2025-08-27T19:16:27","date_gmt":"2025-08-27T16:16:27","guid":{"rendered":"https:\/\/roveyayinevi.com.tr\/index.php\/urun\/turkculugun-esaslari-6\/"},"modified":"2026-04-16T02:31:04","modified_gmt":"2026-04-15T23:31:04","slug":"turkculugun-esaslari-6","status":"publish","type":"product","link":"https:\/\/roveyayinevi.com.tr\/index.php\/urun\/turkculugun-esaslari-6\/","title":{"rendered":"T\u00fcrk\u00e7\u00fcl\u00fc\u011f\u00fcn Esaslar\u0131"},"content":{"rendered":"<p>&#8220;T\u00fcrkler, maddi silahlar\u0131n manevi g\u00fc\u00e7leri h\u00fck\u00fcms\u00fcz b\u0131rakt\u0131\u011f\u0131 son y\u00fczy\u0131la gelinceye kadar Asya\u2019da, Avrupa\u2019da, Afrika\u2019da b\u00fct\u00fcn milletleri yenmi\u015fler, egemenlikleri alt\u0131na alm\u0131\u015flard\u0131. Demek ki T\u00fcrk felsefesi, bu milletlere ait felsefelerin hepsinden daha y\u00fcksekti. Bug\u00fcn de \u00f6yledir. Yaln\u0131z \u015fu var ki bug\u00fcn maddi medeniyet bak\u0131m\u0131ndan ve maddi silahlar dolay\u0131s\u0131yla Avrupal\u0131 milletlerden gerideyiz. Medeniyet\u00e7e onlara e\u015fit oldu\u011fumuz g\u00fcn, hi\u00e7 \u015f\u00fcphesiz d\u00fcnya egemenli\u011fi yine bize ge\u00e7ecektir. Mondros\u2019ta esir bulundu\u011fumuz zaman, orada kamp kumandan\u0131 olan bir \u0130ngiliz \u015fu s\u00f6zleri s\u00f6ylemi\u015fti: \u201cT\u00fcrkler, gelecekte, yine cihangir olacaklard\u0131r.\u201d G\u00f6r\u00fcl\u00fcyor ki T\u00fcrklerde y\u00fcksek felsefe (disipliner anlamda) ilerlememi\u015f olmakla birlikte, halk felsefesi olduk\u00e7a y\u00fcksektir. \u0130\u015fte felsefede T\u00fcrk\u00e7\u00fcl\u00fck, T\u00fcrk halk\u0131ndaki bu mill\u00ee felsefeyi aray\u0131p meydana \u00e7\u0131karmakt\u0131r. Ey, bug\u00fcn\u00fcn T\u00fcrk genci! B\u00fct\u00fcn bu i\u015flerin yap\u0131lmas\u0131, y\u00fczy\u0131llardan beri seni bekliyor.&#8221;<\/p>\n","protected":false},"excerpt":{"rendered":"<p>&#8220;T\u00fcrkler, maddi silahlar\u0131n manevi g\u00fc\u00e7leri h\u00fck\u00fcms\u00fcz b\u0131rakt\u0131\u011f\u0131 son y\u00fczy\u0131la gelinceye kadar Asya\u2019da, Avrupa\u2019da, Afrika\u2019da b\u00fct\u00fcn milletleri yenmi\u015fler, egemenlikleri alt\u0131na alm\u0131\u015flard\u0131. Demek ki T\u00fcrk felsefesi, bu milletlere<span class=\"excerpt-hellip\"> [\u2026]<\/span><\/p>\n","protected":false},"featured_media":0,"template":"","meta":{"_monsterinsights_skip_tracking":false,"_monsterinsights_sitenote_active":false,"_monsterinsights_sitenote_note":"","_monsterinsights_sitenote_category":0},"product_brand":[],"product_cat":[12304,13650],"product_tag":[],"class_list":{"0":"post-723265","1":"product","2":"type-product","3":"status-publish","5":"product_cat-tarih","6":"product_cat-turk-tarihi-arastirmalari","7":"pa_cilt-ciltsiz","8":"pa_tur-kitap","9":"pa_yayinevi-kripto-basim-yayin","10":"pa_yazar-ziya-gokalp","12":"first","13":"instock","14":"sale","15":"shipping-taxable","16":"purchasable","17":"product-type-simple"},"_links":{"self":[{"href":"https:\/\/roveyayinevi.com.tr\/index.php\/wp-json\/wp\/v2\/product\/723265","targetHints":{"allow":["GET"]}}],"collection":[{"href":"https:\/\/roveyayinevi.com.tr\/index.php\/wp-json\/wp\/v2\/product"}],"about":[{"href":"https:\/\/roveyayinevi.com.tr\/index.php\/wp-json\/wp\/v2\/types\/product"}],"wp:attachment":[{"href":"https:\/\/roveyayinevi.com.tr\/index.php\/wp-json\/wp\/v2\/media?parent=723265"}],"wp:term":[{"taxonomy":"product_brand","embeddable":true,"href":"https:\/\/roveyayinevi.com.tr\/index.php\/wp-json\/wp\/v2\/product_brand?post=723265"},{"taxonomy":"product_cat","embeddable":true,"href":"https:\/\/roveyayinevi.com.tr\/index.php\/wp-json\/wp\/v2\/product_cat?post=723265"},{"taxonomy":"product_tag","embeddable":true,"href":"https:\/\/roveyayinevi.com.tr\/index.php\/wp-json\/wp\/v2\/product_tag?post=723265"}],"curies":[{"name":"wp","href":"https:\/\/api.w.org\/{rel}","templated":true}]}}