{"id":723259,"date":"2025-08-27T19:16:22","date_gmt":"2025-08-27T16:16:22","guid":{"rendered":"https:\/\/roveyayinevi.com.tr\/index.php\/urun\/yasasin-kadinlar\/"},"modified":"2026-04-16T02:31:04","modified_gmt":"2026-04-15T23:31:04","slug":"yasasin-kadinlar","status":"publish","type":"product","link":"https:\/\/roveyayinevi.com.tr\/index.php\/urun\/yasasin-kadinlar\/","title":{"rendered":"Ya\u015fas\u0131n Kad\u0131nlar"},"content":{"rendered":"<p>ASLA YALNIZ Y\u00dcR\u00dcMEYECEKS\u0130N   \u201cHer evin kap\u0131s\u0131nda Ceren \u00d6zdemir, reddedilen her korunma ba\u015fvurusunda Ay\u015fe Pa\u015fal\u0131, her \u015fark\u0131da De\u011fer Deniz, her kuaf\u00f6rde Muhterem Evcil, her s\u0131navda Ceren Damar, her kedi sevgisinde Merve Kotan, her plazada \u015eule \u00c7et vard\u0131r. Her \u015fehirde \u00d6zgecan ad\u0131 verilmi\u015f bir yer, d\u00fcnyan\u0131n ummad\u0131\u011f\u0131n\u0131z bir yerinde  &#8216;\u00d6lmek istemiyorum&#8217; s\u00f6zleriyle Emine Bulut ve en olmad\u0131k yerlerde kar\u015f\u0131n\u0131za \u00e7\u0131kan, adlar\u0131n\u0131 tek tek sayamayaca\u011f\u0131n\u0131z kadar \u00e7ok \u00f6ld\u00fcr\u00fclen kad\u0131n ve M\u00fccadele eden binlercesi vard\u0131r.\u201d Ya\u015fas\u0131n Kad\u0131nlar&#8217;da, Kad\u0131n Cinayetlerini Durduraca\u011f\u0131z Platformu\u2019nun Genel Temsilcisi G\u00fcls\u00fcm Kav, T\u00fcrkiye\u2019de kad\u0131n cinayetlerini ve \u00e7\u00f6z\u00fcm yollar\u0131n\u0131, kad\u0131nlar\u0131n ve adliye koridorlar\u0131nda adalet arayan ailelerin yan\u0131 ba\u015f\u0131nda s\u00fcrd\u00fcrd\u00fckleri m\u00fccadelenin deneyimi \u0131\u015f\u0131\u011f\u0131nda anlat\u0131yor. \u00d6zg\u00fcr ve e\u015fit bir d\u00fcnya i\u00e7in \u00f6zg\u00fcr ve e\u015fit bir d\u00fcnyada YA\u015eASIN KADINLAR! <\/p>\n","protected":false},"excerpt":{"rendered":"<p>ASLA YALNIZ Y\u00dcR\u00dcMEYECEKS\u0130N \u201cHer evin kap\u0131s\u0131nda Ceren \u00d6zdemir, reddedilen her korunma ba\u015fvurusunda Ay\u015fe Pa\u015fal\u0131, her \u015fark\u0131da De\u011fer Deniz, her kuaf\u00f6rde Muhterem Evcil, her s\u0131navda Ceren Damar,<span class=\"excerpt-hellip\"> [\u2026]<\/span><\/p>\n","protected":false},"featured_media":0,"template":"","meta":{"_monsterinsights_skip_tracking":false,"_monsterinsights_sitenote_active":false,"_monsterinsights_sitenote_note":"","_monsterinsights_sitenote_category":0},"product_brand":[],"product_cat":[14741,13488],"product_tag":[],"class_list":{"0":"post-723259","1":"product","2":"type-product","3":"status-publish","5":"product_cat-kadin-sorunlari-feminizm","6":"product_cat-toplum-ve-insan","7":"pa_cilt-ciltsiz","8":"pa_tur-kitap","9":"pa_yayinevi-dogan-kitap","10":"pa_yazar-gulsum-kav","12":"first","13":"instock","14":"sale","15":"shipping-taxable","16":"purchasable","17":"product-type-simple"},"_links":{"self":[{"href":"https:\/\/roveyayinevi.com.tr\/index.php\/wp-json\/wp\/v2\/product\/723259","targetHints":{"allow":["GET"]}}],"collection":[{"href":"https:\/\/roveyayinevi.com.tr\/index.php\/wp-json\/wp\/v2\/product"}],"about":[{"href":"https:\/\/roveyayinevi.com.tr\/index.php\/wp-json\/wp\/v2\/types\/product"}],"wp:attachment":[{"href":"https:\/\/roveyayinevi.com.tr\/index.php\/wp-json\/wp\/v2\/media?parent=723259"}],"wp:term":[{"taxonomy":"product_brand","embeddable":true,"href":"https:\/\/roveyayinevi.com.tr\/index.php\/wp-json\/wp\/v2\/product_brand?post=723259"},{"taxonomy":"product_cat","embeddable":true,"href":"https:\/\/roveyayinevi.com.tr\/index.php\/wp-json\/wp\/v2\/product_cat?post=723259"},{"taxonomy":"product_tag","embeddable":true,"href":"https:\/\/roveyayinevi.com.tr\/index.php\/wp-json\/wp\/v2\/product_tag?post=723259"}],"curies":[{"name":"wp","href":"https:\/\/api.w.org\/{rel}","templated":true}]}}