{"id":723258,"date":"2025-08-27T19:16:22","date_gmt":"2025-08-27T16:16:22","guid":{"rendered":"https:\/\/roveyayinevi.com.tr\/index.php\/urun\/ada-ile-efe-sehirde-guvende\/"},"modified":"2026-04-16T02:31:04","modified_gmt":"2026-04-15T23:31:04","slug":"ada-ile-efe-sehirde-guvende","status":"publish","type":"product","link":"https:\/\/roveyayinevi.com.tr\/index.php\/urun\/ada-ile-efe-sehirde-guvende\/","title":{"rendered":"Ada \u0130le Efe \u015eehirde G\u00fcvende"},"content":{"rendered":"<p>Ada ile Efe i\u00e7in heyecanl\u0131 bir g\u00fcn! Duygu \u00d6\u011fretmen t\u00fcm s\u0131n\u0131f\u0131 okulun d\u00fczenledi\u011fi bir geziyle arkeoloji m\u00fczesine g\u00f6t\u00fcr\u00fcyor. Ada ile Efe m\u00fcze ortam\u0131n\u0131 ve sergilenen sanat eserlerini tan\u0131yacak; ge\u00e7mi\u015fi, bug\u00fcn\u00fc ve gelece\u011fi anlaml\u0131 bir bi\u00e7imde ili\u015fkilendirmeyi \u00f6\u011frenecekler. Fakat m\u00fcze gezisi s\u0131ras\u0131nda Efe a\u011flayan bir \u00e7ocu\u011fa rastl\u0131yor. Kaybolmu\u015f \u00e7ocu\u011fa yard\u0131m etmek isteyen Ada ile Efe neler yapacaklar? G\u00fcvenli bir ya\u015fam konusunda bilgilenmenin ve yabanc\u0131 bir mek\u00e2nda yolunu kaybetti\u011finde neler yapmak gerekti\u011fini \u00f6\u011frenmenin ta m zaman\u0131!   Ada ile Efe serisi uzman yazar Osman \u00d6zt\u00fcrk ta raf\u0131ndan g\u00fcvenli bir ya\u015fam i\u00e7in edinilebilecek temel davran\u0131\u015f kal\u0131plar\u0131n\u0131 \u00f6\u011fretmek ve fark\u0131ndal\u0131\u011f\u0131 art\u0131rmak \u00fczere haz\u0131rlanm\u0131\u015ft\u0131r. <\/p>\n","protected":false},"excerpt":{"rendered":"<p>Ada ile Efe i\u00e7in heyecanl\u0131 bir g\u00fcn! Duygu \u00d6\u011fretmen t\u00fcm s\u0131n\u0131f\u0131 okulun d\u00fczenledi\u011fi bir geziyle arkeoloji m\u00fczesine g\u00f6t\u00fcr\u00fcyor. Ada ile Efe m\u00fcze ortam\u0131n\u0131 ve sergilenen sanat<span class=\"excerpt-hellip\"> [\u2026]<\/span><\/p>\n","protected":false},"featured_media":0,"template":"","meta":{"_monsterinsights_skip_tracking":false,"_monsterinsights_sitenote_active":false,"_monsterinsights_sitenote_note":"","_monsterinsights_sitenote_category":0},"product_brand":[],"product_cat":[12274,12284],"product_tag":[],"class_list":{"0":"post-723258","1":"product","2":"type-product","3":"status-publish","5":"product_cat-cocuk-ve-genclik-kitaplari","6":"product_cat-hikayeler","7":"pa_cilt-ciltsiz","8":"pa_tur-kitap","9":"pa_yayinevi-dogan-egmont-yayincilik","10":"pa_yazar-osman-ozturk","12":"first","13":"instock","14":"sale","15":"shipping-taxable","16":"purchasable","17":"product-type-simple"},"_links":{"self":[{"href":"https:\/\/roveyayinevi.com.tr\/index.php\/wp-json\/wp\/v2\/product\/723258","targetHints":{"allow":["GET"]}}],"collection":[{"href":"https:\/\/roveyayinevi.com.tr\/index.php\/wp-json\/wp\/v2\/product"}],"about":[{"href":"https:\/\/roveyayinevi.com.tr\/index.php\/wp-json\/wp\/v2\/types\/product"}],"wp:attachment":[{"href":"https:\/\/roveyayinevi.com.tr\/index.php\/wp-json\/wp\/v2\/media?parent=723258"}],"wp:term":[{"taxonomy":"product_brand","embeddable":true,"href":"https:\/\/roveyayinevi.com.tr\/index.php\/wp-json\/wp\/v2\/product_brand?post=723258"},{"taxonomy":"product_cat","embeddable":true,"href":"https:\/\/roveyayinevi.com.tr\/index.php\/wp-json\/wp\/v2\/product_cat?post=723258"},{"taxonomy":"product_tag","embeddable":true,"href":"https:\/\/roveyayinevi.com.tr\/index.php\/wp-json\/wp\/v2\/product_tag?post=723258"}],"curies":[{"name":"wp","href":"https:\/\/api.w.org\/{rel}","templated":true}]}}