{"id":723257,"date":"2025-08-27T19:16:21","date_gmt":"2025-08-27T16:16:21","guid":{"rendered":"https:\/\/roveyayinevi.com.tr\/index.php\/urun\/benden-bize-kafasi-karisiklar-1\/"},"modified":"2026-04-16T02:31:04","modified_gmt":"2026-04-15T23:31:04","slug":"benden-bize-kafasi-karisiklar-1","status":"publish","type":"product","link":"https:\/\/roveyayinevi.com.tr\/index.php\/urun\/benden-bize-kafasi-karisiklar-1\/","title":{"rendered":"Benden Bize &#8211; Kafas\u0131 Kar\u0131\u015f\u0131klar 1"},"content":{"rendered":"<p>Tart\u0131\u015fmak \u00f6zg\u00fcrle\u015ftirir! Gen\u00e7li\u011fin nabz\u0131n\u0131 tutan eserleriyle okuru kalbinden yakalayan Seran Demiral&#8217;\u0131n yazd\u0131\u011f\u0131 Benden Bize, b\u00fcy\u00fcme, ki\u015filik olu\u015fturma ve kendini ke\u015ffetme s\u00fcrecinde sorular\u0131na yan\u0131t arayanlar\u0131n d\u00fc\u015f\u00fcnsel yolculuklar\u0131na rehberlik eden &#8221;Kafas\u0131 Kar\u0131\u015f\u0131klar&#8221; serisinin ilk halkas\u0131. Kendi tart\u0131\u015fma ortamlar\u0131n\u0131 yaratarak, zihinlerinde u\u00e7u\u015fup duran soru balonlar\u0131n\u0131 teker teker patlatan Kafas\u0131 Kar\u0131\u015f\u0131klar, hayat\u0131 yeni ba\u015ftan ke\u015ffe \u00e7a\u011f\u0131r\u0131yor. Ya\u015fama, \u00f6zg\u00fcrl\u00fc\u011fe, evrene ve insana dair ete\u011findeki b\u00fct\u00fcn ta\u015flar\u0131 d\u00f6k\u00fcyor. Okurlar\u0131n\u0131, g\u00fcndelik hayat\u0131n seyrine etki eden ciddi meseleler \u00fczerine &#8221;felsefe yapmaya&#8221; \u00e7a\u011f\u0131ran bu merak uyand\u0131r\u0131c\u0131 kitap, y\u00fcksek temposuyla gen\u00e7ler i\u00e7in felsefe alan\u0131nda kaleme al\u0131nm\u0131\u015f b\u00fct\u00fcn eserlerden ayr\u0131\u015f\u0131yor. Ece, s\u0131n\u0131flar\u0131na yeni gelen Sevim&#8217;den pek ho\u015flanm\u0131yor. Yak\u0131n arkada\u015f\u0131 Kaan ile kafa kafaya verip Sevim&#8217;e bir oyun oynamaya haz\u0131rlan\u0131rken, beklenmedik bir geli\u015fme ya\u015fan\u0131yor. Kendilerini ke\u015ffetme s\u00fcrecindeki be\u015f arkada\u015f bir kul\u00fcp kuruyor. &#8221;Tart\u0131\u015fmac\u0131lar Kul\u00fcb\u00fc&#8221; ad\u0131n\u0131 verdikleri bu yeni olu\u015fumda hayat\u0131 her y\u00f6n\u00fcyle tart\u0131\u015fmaya ve sorgulamaya a\u00e7an gen\u00e7ler, birbirlerini anlayarak bak\u0131\u015f a\u00e7\u0131lar\u0131n\u0131n ne denli farkl\u0131la\u015fabilece\u011fini ve zenginle\u015febilece\u011fini ke\u015ffediyor.    \u0130ki kitaptan olu\u015fan serinin ilkinde Ece, &#8221;Peki ben kimim?&#8221; sorusuyla kendini tan\u0131ma \u00e7abas\u0131n\u0131 arkada\u015flar\u0131yla ili\u015fkileri \u00fczerinden &#8221;benden bize&#8221; do\u011fru geni\u015fletiyor. Kaan ise, &#8221;Nerede olmak isterim?&#8221; diyerek zaman\u0131, mek\u00e2n\u0131, d\u00fcnyadaki varolu\u015funu sorgulamaya ba\u015fl\u0131yor.Ak\u0131llar\u0131nda milyonlarca soruyla etraf\u0131m\u0131zda dola\u015fan b\u00fct\u00fcn gen\u00e7leri Tart\u0131\u015fmac\u0131lar Kul\u00fcb\u00fcn\u00fcn bir par\u00e7as\u0131 olmaya davet eden Seran Demiral, bu kitab\u0131yla, konu\u015farak payla\u015fman\u0131n insan ruhunu nas\u0131l da iyile\u015ftirebilece\u011fini g\u00f6zler \u00f6n\u00fcne seriyor.O h\u00e2lde el ele verip, felsefenin sorgulayan d\u00fcnyas\u0131na ad\u0131m atmaya haz\u0131r m\u0131s\u0131n\u0131z?<\/p>\n","protected":false},"excerpt":{"rendered":"<p>Tart\u0131\u015fmak \u00f6zg\u00fcrle\u015ftirir! Gen\u00e7li\u011fin nabz\u0131n\u0131 tutan eserleriyle okuru kalbinden yakalayan Seran Demiral&#8217;\u0131n yazd\u0131\u011f\u0131 Benden Bize, b\u00fcy\u00fcme, ki\u015filik olu\u015fturma ve kendini ke\u015ffetme s\u00fcrecinde sorular\u0131na yan\u0131t arayanlar\u0131n d\u00fc\u015f\u00fcnsel yolculuklar\u0131na<span class=\"excerpt-hellip\"> [\u2026]<\/span><\/p>\n","protected":false},"featured_media":0,"template":"","meta":{"_monsterinsights_skip_tracking":false,"_monsterinsights_sitenote_active":false,"_monsterinsights_sitenote_note":"","_monsterinsights_sitenote_category":0},"product_brand":[],"product_cat":[12274,12284],"product_tag":[],"class_list":{"0":"post-723257","1":"product","2":"type-product","3":"status-publish","5":"product_cat-cocuk-ve-genclik-kitaplari","6":"product_cat-hikayeler","7":"pa_cilt-ciltsiz","8":"pa_tur-kitap","9":"pa_yayinevi-tudem-yayinlari","10":"pa_yazar-seran-demiral","12":"first","13":"instock","14":"sale","15":"shipping-taxable","16":"purchasable","17":"product-type-simple"},"_links":{"self":[{"href":"https:\/\/roveyayinevi.com.tr\/index.php\/wp-json\/wp\/v2\/product\/723257","targetHints":{"allow":["GET"]}}],"collection":[{"href":"https:\/\/roveyayinevi.com.tr\/index.php\/wp-json\/wp\/v2\/product"}],"about":[{"href":"https:\/\/roveyayinevi.com.tr\/index.php\/wp-json\/wp\/v2\/types\/product"}],"wp:attachment":[{"href":"https:\/\/roveyayinevi.com.tr\/index.php\/wp-json\/wp\/v2\/media?parent=723257"}],"wp:term":[{"taxonomy":"product_brand","embeddable":true,"href":"https:\/\/roveyayinevi.com.tr\/index.php\/wp-json\/wp\/v2\/product_brand?post=723257"},{"taxonomy":"product_cat","embeddable":true,"href":"https:\/\/roveyayinevi.com.tr\/index.php\/wp-json\/wp\/v2\/product_cat?post=723257"},{"taxonomy":"product_tag","embeddable":true,"href":"https:\/\/roveyayinevi.com.tr\/index.php\/wp-json\/wp\/v2\/product_tag?post=723257"}],"curies":[{"name":"wp","href":"https:\/\/api.w.org\/{rel}","templated":true}]}}