{"id":723256,"date":"2025-08-27T19:16:20","date_gmt":"2025-08-27T16:16:20","guid":{"rendered":"https:\/\/roveyayinevi.com.tr\/index.php\/urun\/hekatenin-kizlari-ciltli\/"},"modified":"2026-04-16T02:31:04","modified_gmt":"2026-04-15T23:31:04","slug":"hekatenin-kizlari-ciltli","status":"publish","type":"product","link":"https:\/\/roveyayinevi.com.tr\/index.php\/urun\/hekatenin-kizlari-ciltli\/","title":{"rendered":"Hekate\u2019nin K\u0131zlar\u0131 (Ciltli)"},"content":{"rendered":"<p>Erin b\u00fcy\u00fcye olan ilgisini ve son zamanlarda edindi\u011fi gotik tarz\u0131n\u0131 \u00e7evresindeki herkes gibi bir ergenlik evresi sanmaktad\u0131r. Benzemeye \u00e7al\u0131st\u0131\u011f\u0131 o cad\u0131lardan biri olabilece\u011fine ihtimal vermez. Fakat bir g\u00fcn, kendini Vhartlox Cad\u0131 Akademisinde bulur. Her \u015fey bundan ibaret de\u011fildir. Karanl\u0131k do\u011fas\u0131 ve s\u0131n\u0131rlar\u0131 zorlayan g\u00fcc\u00fcyle Erin; tehlikeyi kendine \u00e7eken ki\u015fi de\u011fil, tehlikenin bizzat kendisidir. Bu durum, akademinin alt\u0131na hapsolmu\u015f kadim bir varl\u0131\u011f\u0131n dikkatini \u00e7eker ve bas\u0131na geleceklere kimse engel olamaz. Tanr\u0131lar\u0131n h\u00fck\u00fcm s\u00fcrd\u00fc\u011f\u00fc zamanlardan kalan bir dava yeniden su y\u00fcz\u00fcne \u00e7\u0131kmak \u00fczeredir. <\/p>\n","protected":false},"excerpt":{"rendered":"<p>Erin b\u00fcy\u00fcye olan ilgisini ve son zamanlarda edindi\u011fi gotik tarz\u0131n\u0131 \u00e7evresindeki herkes gibi bir ergenlik evresi sanmaktad\u0131r. Benzemeye \u00e7al\u0131st\u0131\u011f\u0131 o cad\u0131lardan biri olabilece\u011fine ihtimal vermez. Fakat<span class=\"excerpt-hellip\"> [\u2026]<\/span><\/p>\n","protected":false},"featured_media":0,"template":"","meta":{"_monsterinsights_skip_tracking":false,"_monsterinsights_sitenote_active":false,"_monsterinsights_sitenote_note":"","_monsterinsights_sitenote_category":0},"product_brand":[],"product_cat":[12291,12711],"product_tag":[],"class_list":{"0":"post-723256","1":"product","2":"type-product","3":"status-publish","5":"product_cat-edebiyat","6":"product_cat-roman-oyku","7":"pa_cilt-ciltli","8":"pa_tur-kitap","9":"pa_yayinevi-ephesus-yayinlari","10":"pa_yazar-ekin-s-koch","12":"first","13":"instock","14":"sale","15":"shipping-taxable","16":"purchasable","17":"product-type-simple"},"_links":{"self":[{"href":"https:\/\/roveyayinevi.com.tr\/index.php\/wp-json\/wp\/v2\/product\/723256","targetHints":{"allow":["GET"]}}],"collection":[{"href":"https:\/\/roveyayinevi.com.tr\/index.php\/wp-json\/wp\/v2\/product"}],"about":[{"href":"https:\/\/roveyayinevi.com.tr\/index.php\/wp-json\/wp\/v2\/types\/product"}],"wp:attachment":[{"href":"https:\/\/roveyayinevi.com.tr\/index.php\/wp-json\/wp\/v2\/media?parent=723256"}],"wp:term":[{"taxonomy":"product_brand","embeddable":true,"href":"https:\/\/roveyayinevi.com.tr\/index.php\/wp-json\/wp\/v2\/product_brand?post=723256"},{"taxonomy":"product_cat","embeddable":true,"href":"https:\/\/roveyayinevi.com.tr\/index.php\/wp-json\/wp\/v2\/product_cat?post=723256"},{"taxonomy":"product_tag","embeddable":true,"href":"https:\/\/roveyayinevi.com.tr\/index.php\/wp-json\/wp\/v2\/product_tag?post=723256"}],"curies":[{"name":"wp","href":"https:\/\/api.w.org\/{rel}","templated":true}]}}