{"id":723255,"date":"2025-08-27T19:16:19","date_gmt":"2025-08-27T16:16:19","guid":{"rendered":"https:\/\/roveyayinevi.com.tr\/index.php\/urun\/ay-dugumu-ciltli\/"},"modified":"2026-04-16T02:31:04","modified_gmt":"2026-04-15T23:31:04","slug":"ay-dugumu-ciltli","status":"publish","type":"product","link":"https:\/\/roveyayinevi.com.tr\/index.php\/urun\/ay-dugumu-ciltli\/","title":{"rendered":"Ay D\u00fc\u011f\u00fcm\u00fc (Ciltli)"},"content":{"rendered":"<p>M\u0131s\u0131r\u2019\u0131n k\u0131zg\u0131n kumlar\u0131n\u0131n i\u00e7ine g\u00f6m\u00fclen karanl\u0131k bir s\u0131r\u2026 Ra\u2019n\u0131n g\u00f6z\u00fcn\u00fcn arkas\u0131nda as\u0131rlard\u0131r ula\u015f\u0131lamayan bir ger\u00e7ek\u2026 Hiyerogliflerin anlatmaya \u00e7al\u0131\u015ft\u0131\u011f\u0131 bir hik\u00e2ye\u2026 Ve mucizevi bir a\u015fk.     Arkeolog olan Ayliz K\u0131l\u0131\u00e7, en b\u00fcy\u00fck hayalini ger\u00e7ekle\u015ftirmek \u00fczere M\u0131s\u0131r\u2019da gizlice bir piramide girdi\u011finde kar\u015f\u0131la\u015faca\u011f\u0131 esrarengiz olaylardan bihaberdi. As\u0131rlard\u0131r kimsenin ayak basmad\u0131\u011f\u0131 bir hazine odas\u0131nda rastlad\u0131\u011f\u0131 Ra\u2019n\u0131n g\u00f6z\u00fc onu kendi d\u00fcnyas\u0131ndan bamba\u015fka bir d\u00fcnyaya s\u00fcr\u00fckledi\u011finde bunun, \u00e7\u00f6zmeye \u00e7al\u0131\u015ft\u0131\u011f\u0131 gizemlerin en b\u00fcy\u00fc\u011f\u00fc oldu\u011funu \u00f6\u011frenecekti. Ya\u015fayaca\u011f\u0131n\u0131 hayal bile edemedi\u011fi \u015feyler ba\u015f\u0131na geldi\u011findeyse as\u0131l kimli\u011fini ke\u015ffedecekti. Evine d\u00f6n\u00fc\u015f yolunu arad\u0131\u011f\u0131 s\u0131rada kar\u015f\u0131s\u0131na \u00e7\u0131kan Aytun Karavera, onunla beraber olaylar\u0131 \u00e7\u00f6zmek isterken bilmeden kalbinin buzlar\u0131n\u0131 da birer birer eritmi\u015fti. Peki, ne yapacakt\u0131 Aytun? Krali\u00e7e\u2019nin kurallar\u0131na kar\u015f\u0131 gelmek pahas\u0131na Ayliz\u2019i gizleyecek miydi yoksa d\u00fcnyas\u0131na izinsiz gelen k\u0131z\u0131 cezaland\u0131racak m\u0131yd\u0131? Binlerce y\u0131l \u00f6ncesindeki bir lanet, ge\u00e7mi\u015ften gelen M\u0131s\u0131r tanr\u0131lar\u0131n\u0131n kavgas\u0131 ve i\u00e7indeki nefreti dindiremeyen M\u0131s\u0131r\u2019\u0131n ac\u0131mas\u0131z Krali\u00e7esi Neftis\u2026 Her \u015fey bu kadar kar\u0131\u015f\u0131kken Ayliz evine d\u00f6nebilecek miydi? <\/p>\n","protected":false},"excerpt":{"rendered":"<p>M\u0131s\u0131r\u2019\u0131n k\u0131zg\u0131n kumlar\u0131n\u0131n i\u00e7ine g\u00f6m\u00fclen karanl\u0131k bir s\u0131r\u2026 Ra\u2019n\u0131n g\u00f6z\u00fcn\u00fcn arkas\u0131nda as\u0131rlard\u0131r ula\u015f\u0131lamayan bir ger\u00e7ek\u2026 Hiyerogliflerin anlatmaya \u00e7al\u0131\u015ft\u0131\u011f\u0131 bir hik\u00e2ye\u2026 Ve mucizevi bir a\u015fk. Arkeolog olan<span class=\"excerpt-hellip\"> [\u2026]<\/span><\/p>\n","protected":false},"featured_media":0,"template":"","meta":{"_monsterinsights_skip_tracking":false,"_monsterinsights_sitenote_active":false,"_monsterinsights_sitenote_note":"","_monsterinsights_sitenote_category":0},"product_brand":[],"product_cat":[12291,12711],"product_tag":[],"class_list":{"0":"post-723255","1":"product","2":"type-product","3":"status-publish","5":"product_cat-edebiyat","6":"product_cat-roman-oyku","7":"pa_cilt-ciltli","8":"pa_tur-kitap","9":"pa_yayinevi-ephesus-yayinlari","10":"pa_yazar-gamze-celik","12":"first","13":"instock","14":"sale","15":"shipping-taxable","16":"purchasable","17":"product-type-simple"},"_links":{"self":[{"href":"https:\/\/roveyayinevi.com.tr\/index.php\/wp-json\/wp\/v2\/product\/723255","targetHints":{"allow":["GET"]}}],"collection":[{"href":"https:\/\/roveyayinevi.com.tr\/index.php\/wp-json\/wp\/v2\/product"}],"about":[{"href":"https:\/\/roveyayinevi.com.tr\/index.php\/wp-json\/wp\/v2\/types\/product"}],"wp:attachment":[{"href":"https:\/\/roveyayinevi.com.tr\/index.php\/wp-json\/wp\/v2\/media?parent=723255"}],"wp:term":[{"taxonomy":"product_brand","embeddable":true,"href":"https:\/\/roveyayinevi.com.tr\/index.php\/wp-json\/wp\/v2\/product_brand?post=723255"},{"taxonomy":"product_cat","embeddable":true,"href":"https:\/\/roveyayinevi.com.tr\/index.php\/wp-json\/wp\/v2\/product_cat?post=723255"},{"taxonomy":"product_tag","embeddable":true,"href":"https:\/\/roveyayinevi.com.tr\/index.php\/wp-json\/wp\/v2\/product_tag?post=723255"}],"curies":[{"name":"wp","href":"https:\/\/api.w.org\/{rel}","templated":true}]}}