{"id":723251,"date":"2025-08-27T19:16:15","date_gmt":"2025-08-27T16:16:15","guid":{"rendered":"https:\/\/roveyayinevi.com.tr\/index.php\/urun\/kalbim-seni-unutmusken\/"},"modified":"2026-04-16T02:31:04","modified_gmt":"2026-04-15T23:31:04","slug":"kalbim-seni-unutmusken","status":"publish","type":"product","link":"https:\/\/roveyayinevi.com.tr\/index.php\/urun\/kalbim-seni-unutmusken\/","title":{"rendered":"Kalbim Seni Unutmu\u015fken"},"content":{"rendered":"<p>Ge\u00e7mi\u015fin karanl\u0131klar\u0131nda kalan ilk a\u015fk\u2026 Tutku dolu kalpten silinip at\u0131lan \u00f6zel bir adam\u2026 Unutulmu\u015f an\u0131larla daha da g\u00fc\u00e7lenmi\u015f \u00e7ekici bir kad\u0131n\u2026 Yeniden kurulmu\u015f tehlikeli ama g\u00fczel bir hayat\u2026 * Bir erke\u011fi yeniden sevemeyecek kadar aldat\u0131lm\u0131\u015fsan\u0131z, kalbinizin yine ayn\u0131 tutkuyla \u00e7arpmas\u0131ndan korkuyorsan\u0131z, \u00fcstelik de benzer bir ba\u015fka adamla kar\u015f\u0131la\u015fm\u0131\u015fsan\u0131z, yapabilece\u011finiz en iyi \u015fey, savunma duvarlar\u0131n\u0131z\u0131 \u00f6fke ve pi\u015fmanl\u0131kla daha da g\u00fc\u00e7lendirmektir. * Hayat gen\u00e7 kad\u0131na ayn\u0131 ac\u0131t\u0131c\u0131 oyununu oynarken belki de gizlice bir \u015fans daha vermeye \u00e7abal\u0131yordu. \u00d6zenle \u00f6rd\u00fc\u011f\u00fc yaln\u0131zl\u0131k duvarlar\u0131 birer birer y\u0131k\u0131l\u0131rken ard\u0131ndaki adama kar\u015f\u0131 koyamayaca\u011f\u0131n\u0131 \u00e7abucak \u00f6\u011frendi. Ak\u0131l unutsa da kalp unutam\u0131yordu\u2026 * Zaman\u0131n k\u00fclleriyle \u00f6rt\u00fclm\u00fc\u015f bir a\u015fk i\u00e7in, t\u00fcm g\u00f6n\u00fcl pencerelerini ard\u0131na kadar a\u00e7aca\u011f\u0131n\u0131z, tutku r\u00fczg\u00e2rlar\u0131yla alev almas\u0131 i\u00e7in dua edece\u011finiz bir FMArsal roman\u0131 daha! <\/p>\n","protected":false},"excerpt":{"rendered":"<p>Ge\u00e7mi\u015fin karanl\u0131klar\u0131nda kalan ilk a\u015fk\u2026 Tutku dolu kalpten silinip at\u0131lan \u00f6zel bir adam\u2026 Unutulmu\u015f an\u0131larla daha da g\u00fc\u00e7lenmi\u015f \u00e7ekici bir kad\u0131n\u2026 Yeniden kurulmu\u015f tehlikeli ama g\u00fczel<span class=\"excerpt-hellip\"> [\u2026]<\/span><\/p>\n","protected":false},"featured_media":0,"template":"","meta":{"_monsterinsights_skip_tracking":false,"_monsterinsights_sitenote_active":false,"_monsterinsights_sitenote_note":"","_monsterinsights_sitenote_category":0},"product_brand":[],"product_cat":[12291,12711],"product_tag":[],"class_list":{"0":"post-723251","1":"product","2":"type-product","3":"status-publish","5":"product_cat-edebiyat","6":"product_cat-roman-oyku","7":"pa_cilt-ciltsiz","8":"pa_tur-kitap","9":"pa_yayinevi-ephesus-yayinlari","10":"pa_yazar-fatih-murat-arsal","12":"first","13":"instock","14":"sale","15":"shipping-taxable","16":"purchasable","17":"product-type-simple"},"_links":{"self":[{"href":"https:\/\/roveyayinevi.com.tr\/index.php\/wp-json\/wp\/v2\/product\/723251","targetHints":{"allow":["GET"]}}],"collection":[{"href":"https:\/\/roveyayinevi.com.tr\/index.php\/wp-json\/wp\/v2\/product"}],"about":[{"href":"https:\/\/roveyayinevi.com.tr\/index.php\/wp-json\/wp\/v2\/types\/product"}],"wp:attachment":[{"href":"https:\/\/roveyayinevi.com.tr\/index.php\/wp-json\/wp\/v2\/media?parent=723251"}],"wp:term":[{"taxonomy":"product_brand","embeddable":true,"href":"https:\/\/roveyayinevi.com.tr\/index.php\/wp-json\/wp\/v2\/product_brand?post=723251"},{"taxonomy":"product_cat","embeddable":true,"href":"https:\/\/roveyayinevi.com.tr\/index.php\/wp-json\/wp\/v2\/product_cat?post=723251"},{"taxonomy":"product_tag","embeddable":true,"href":"https:\/\/roveyayinevi.com.tr\/index.php\/wp-json\/wp\/v2\/product_tag?post=723251"}],"curies":[{"name":"wp","href":"https:\/\/api.w.org\/{rel}","templated":true}]}}