{"id":723249,"date":"2025-08-27T19:16:13","date_gmt":"2025-08-27T16:16:13","guid":{"rendered":"https:\/\/roveyayinevi.com.tr\/index.php\/urun\/bogurtlenle-baslayan-macera-besi-bir-yerde-4-sinif\/"},"modified":"2026-04-05T02:37:43","modified_gmt":"2026-04-04T23:37:43","slug":"bogurtlenle-baslayan-macera-besi-bir-yerde-4-sinif","status":"publish","type":"product","link":"https:\/\/roveyayinevi.com.tr\/index.php\/urun\/bogurtlenle-baslayan-macera-besi-bir-yerde-4-sinif\/","title":{"rendered":"B\u00f6\u011f\u00fcrtlenle Ba\u015flayan Macera &#8211; Be\u015fi Bir Yerde (4. S\u0131n\u0131f)"},"content":{"rendered":"<p>Ya\u011f\u0131z benim en yak\u0131n arkada\u015f\u0131md\u0131r. Onunla beraberken \u00e7ok e\u011fleniyoruz.Can s\u0131k\u0131nt\u0131s\u0131ndan bunald\u0131\u011f\u0131m bir g\u00fcnde ailece bize geleceklerini \u00f6\u011frendim. \u00dcstelik iki g\u00fcn kalacaklard\u0131. Daha mutlu bir haber, herh\u00e2lde alamazd\u0131m. Annemle haz\u0131rl\u0131klara hemen ba\u015flad\u0131k. Tabi akl\u0131mda da t\u00fcrl\u00fc oyun planlar\u0131 kurdum.<\/p>\n","protected":false},"excerpt":{"rendered":"<p>Ya\u011f\u0131z benim en yak\u0131n arkada\u015f\u0131md\u0131r. Onunla beraberken \u00e7ok e\u011fleniyoruz.Can s\u0131k\u0131nt\u0131s\u0131ndan bunald\u0131\u011f\u0131m bir g\u00fcnde ailece bize geleceklerini \u00f6\u011frendim. \u00dcstelik iki g\u00fcn kalacaklard\u0131. Daha mutlu bir haber, herh\u00e2lde<span class=\"excerpt-hellip\"> [\u2026]<\/span><\/p>\n","protected":false},"featured_media":0,"template":"","meta":{"_monsterinsights_skip_tracking":false,"_monsterinsights_sitenote_active":false,"_monsterinsights_sitenote_note":"","_monsterinsights_sitenote_category":0},"product_brand":[],"product_cat":[12274,12284],"product_tag":[],"class_list":{"0":"post-723249","1":"product","2":"type-product","3":"status-publish","5":"product_cat-cocuk-ve-genclik-kitaplari","6":"product_cat-hikayeler","7":"pa_cilt-ciltsiz","8":"pa_tur-kitap","9":"pa_yayinevi-mavi-kirpi-yayinlari","10":"pa_yazar-vildan-ozdemir","12":"first","13":"instock","14":"sale","15":"shipping-taxable","16":"purchasable","17":"product-type-simple"},"_links":{"self":[{"href":"https:\/\/roveyayinevi.com.tr\/index.php\/wp-json\/wp\/v2\/product\/723249","targetHints":{"allow":["GET"]}}],"collection":[{"href":"https:\/\/roveyayinevi.com.tr\/index.php\/wp-json\/wp\/v2\/product"}],"about":[{"href":"https:\/\/roveyayinevi.com.tr\/index.php\/wp-json\/wp\/v2\/types\/product"}],"wp:attachment":[{"href":"https:\/\/roveyayinevi.com.tr\/index.php\/wp-json\/wp\/v2\/media?parent=723249"}],"wp:term":[{"taxonomy":"product_brand","embeddable":true,"href":"https:\/\/roveyayinevi.com.tr\/index.php\/wp-json\/wp\/v2\/product_brand?post=723249"},{"taxonomy":"product_cat","embeddable":true,"href":"https:\/\/roveyayinevi.com.tr\/index.php\/wp-json\/wp\/v2\/product_cat?post=723249"},{"taxonomy":"product_tag","embeddable":true,"href":"https:\/\/roveyayinevi.com.tr\/index.php\/wp-json\/wp\/v2\/product_tag?post=723249"}],"curies":[{"name":"wp","href":"https:\/\/api.w.org\/{rel}","templated":true}]}}