{"id":723228,"date":"2025-08-27T19:15:22","date_gmt":"2025-08-27T16:15:22","guid":{"rendered":"https:\/\/roveyayinevi.com.tr\/index.php\/urun\/hayat-sovunce-guzel\/"},"modified":"2026-04-16T02:31:04","modified_gmt":"2026-04-15T23:31:04","slug":"hayat-sovunce-guzel","status":"publish","type":"product","link":"https:\/\/roveyayinevi.com.tr\/index.php\/urun\/hayat-sovunce-guzel\/","title":{"rendered":"Hayat S\u00f6v\u00fcnce G\u00fczel"},"content":{"rendered":"<p>\u201cE\u011flenceli ve merak uyand\u0131r\u0131c\u0131\u2026 Lanet olsun ki Byrne\u2019nin bu konuya duydu\u011fu heyecan bula\u015f\u0131c\u0131.\u201dMelissa Dahl-New York Times Book Review Psikologlar, sosyologlar ve di\u011fer ara\u015ft\u0131rmac\u0131lar taraf\u0131ndan yap\u0131lan son ara\u015ft\u0131rmalara g\u00f6re, ak\u0131ll\u0131ca kullan\u0131ld\u0131\u011f\u0131nda k\u00fcf\u00fcrler \u015fa\u015f\u0131rt\u0131c\u0131 faydalar sa\u011flamaktad\u0131r. Bu ara\u015ft\u0131rmalar sonucunda, insanlar ileti\u015fim kurmaya ba\u015flad\u0131\u011f\u0131ndan beri k\u00fcfr\u00fcn kullan\u0131ld\u0131\u011f\u0131 ve bu tarz kelimelerin fiziksel ac\u0131y\u0131, kayg\u0131y\u0131 azaltt\u0131\u011f\u0131; fiziksel \u015fiddeti \u00f6nledi\u011fi ortaya \u00e7\u0131km\u0131\u015ft\u0131r. Ayr\u0131ca insan i\u015fbirli\u011fini te\u015fvik etme \u00f6zellikleri de vard\u0131r.Emma Byrne, Hayat S\u00f6v\u00fcnce G\u00fczeldir\u2019de k\u00fcfr\u00fcn her y\u00f6n\u00fcn\u00fc ve neden k\u00fcfretme ihtiyac\u0131 hissetti\u011fimizi e\u011flenceli bir dille a\u00e7\u0131kl\u0131yor. K\u00fcfretmeyi savunan yazar bilimsel deneyler, tarihi vaka \u00e7al\u0131\u015fmalar\u0131 hem insanlarda hem de di\u011fer primatlarda dil konusunda yap\u0131lan son ara\u015ft\u0131rmalar\u0131 inceleyerek okuru bir tura \u00e7\u0131kar\u0131yor. Farkl\u0131 k\u00fclt\u00fcrler, tabular ve de\u011ferler hakk\u0131nda ilgi \u00e7ekici a\u00e7\u0131klamalar yap\u0131yor.<\/p>\n","protected":false},"excerpt":{"rendered":"<p>\u201cE\u011flenceli ve merak uyand\u0131r\u0131c\u0131\u2026 Lanet olsun ki Byrne\u2019nin bu konuya duydu\u011fu heyecan bula\u015f\u0131c\u0131.\u201dMelissa Dahl-New York Times Book Review Psikologlar, sosyologlar ve di\u011fer ara\u015ft\u0131rmac\u0131lar taraf\u0131ndan yap\u0131lan son<span class=\"excerpt-hellip\"> [\u2026]<\/span><\/p>\n","protected":false},"featured_media":0,"template":"","meta":{"_monsterinsights_skip_tracking":false,"_monsterinsights_sitenote_active":false,"_monsterinsights_sitenote_note":"","_monsterinsights_sitenote_category":0},"product_brand":[],"product_cat":[12358,12357],"product_tag":[],"class_list":{"0":"post-723228","1":"product","2":"type-product","3":"status-publish","5":"product_cat-genel-psikoloji","6":"product_cat-psikoloji","7":"pa_cilt-ciltsiz","8":"pa_tur-kitap","9":"pa_yayinevi-the-kitap","10":"pa_yazar-emma-byrne","12":"first","13":"instock","14":"sale","15":"shipping-taxable","16":"purchasable","17":"product-type-simple"},"_links":{"self":[{"href":"https:\/\/roveyayinevi.com.tr\/index.php\/wp-json\/wp\/v2\/product\/723228","targetHints":{"allow":["GET"]}}],"collection":[{"href":"https:\/\/roveyayinevi.com.tr\/index.php\/wp-json\/wp\/v2\/product"}],"about":[{"href":"https:\/\/roveyayinevi.com.tr\/index.php\/wp-json\/wp\/v2\/types\/product"}],"wp:attachment":[{"href":"https:\/\/roveyayinevi.com.tr\/index.php\/wp-json\/wp\/v2\/media?parent=723228"}],"wp:term":[{"taxonomy":"product_brand","embeddable":true,"href":"https:\/\/roveyayinevi.com.tr\/index.php\/wp-json\/wp\/v2\/product_brand?post=723228"},{"taxonomy":"product_cat","embeddable":true,"href":"https:\/\/roveyayinevi.com.tr\/index.php\/wp-json\/wp\/v2\/product_cat?post=723228"},{"taxonomy":"product_tag","embeddable":true,"href":"https:\/\/roveyayinevi.com.tr\/index.php\/wp-json\/wp\/v2\/product_tag?post=723228"}],"curies":[{"name":"wp","href":"https:\/\/api.w.org\/{rel}","templated":true}]}}