{"id":723224,"date":"2025-08-27T19:15:19","date_gmt":"2025-08-27T16:15:19","guid":{"rendered":"https:\/\/roveyayinevi.com.tr\/index.php\/urun\/elif-gibi-sevmek-2-dem\/"},"modified":"2026-04-16T02:31:03","modified_gmt":"2026-04-15T23:31:03","slug":"elif-gibi-sevmek-2-dem","status":"publish","type":"product","link":"https:\/\/roveyayinevi.com.tr\/index.php\/urun\/elif-gibi-sevmek-2-dem\/","title":{"rendered":"Elif Gibi Sevmek 2- Dem"},"content":{"rendered":"<p>\u00c7ay\u0131 deminden anlars\u0131n, y\u00e2ri ise ayr\u0131l\u0131k vakti bo\u011faz\u0131nda b\u0131rakt\u0131\u011f\u0131 d\u00fc\u011f\u00fcmden&#8230;   Beklemek de\u011fil bizimkisi, demlenmek&#8230; Demlenmek yava\u015flamakt\u0131r biraz. Durmak, bakmak, koklamak, anlamak, \u00f6\u011frenmektir. \u0130\u00e7ine kaz\u0131mak, silinmez bir kalemle akl\u0131na yazmakt\u0131r. Hat\u0131rlamak i\u00e7in de\u011fil, unutmamak i\u00e7indir. Peki ya sevmek? K\u0131smete a\u00e7\u0131lan bir kap\u0131 m\u0131, yoksa b\u00fcy\u00fck bir imtihan\u0131n ba\u015flang\u0131c\u0131 m\u0131? Bu kitapta birbirine kavu\u015fanlar\u0131n de\u011fil, ancak muhabbetle demlenenlerin a\u015fka ula\u015fabilece\u011fine \u015fahit olacaks\u0131n\u0131z. Ve baz\u0131 \u015fiirlerin hat\u0131rlamak i\u00e7in de\u011fil unutmamak i\u00e7in yaz\u0131ld\u0131\u011f\u0131n\u0131 g\u00f6receksiniz&#8230; <\/p>\n","protected":false},"excerpt":{"rendered":"<p>\u00c7ay\u0131 deminden anlars\u0131n, y\u00e2ri ise ayr\u0131l\u0131k vakti bo\u011faz\u0131nda b\u0131rakt\u0131\u011f\u0131 d\u00fc\u011f\u00fcmden&#8230; Beklemek de\u011fil bizimkisi, demlenmek&#8230; Demlenmek yava\u015flamakt\u0131r biraz. Durmak, bakmak, koklamak, anlamak, \u00f6\u011frenmektir. \u0130\u00e7ine kaz\u0131mak, silinmez bir<span class=\"excerpt-hellip\"> [\u2026]<\/span><\/p>\n","protected":false},"featured_media":0,"template":"","meta":{"_monsterinsights_skip_tracking":false,"_monsterinsights_sitenote_active":false,"_monsterinsights_sitenote_note":"","_monsterinsights_sitenote_category":0},"product_brand":[],"product_cat":[12291],"product_tag":[],"class_list":{"0":"post-723224","1":"product","2":"type-product","3":"status-publish","5":"product_cat-edebiyat","6":"pa_cilt-ciltsiz","7":"pa_tur-kitap","8":"pa_yayinevi-destek-yayinlari","9":"pa_yazar-hikmet-anil-oztekin","11":"first","12":"instock","13":"sale","14":"shipping-taxable","15":"purchasable","16":"product-type-simple"},"_links":{"self":[{"href":"https:\/\/roveyayinevi.com.tr\/index.php\/wp-json\/wp\/v2\/product\/723224","targetHints":{"allow":["GET"]}}],"collection":[{"href":"https:\/\/roveyayinevi.com.tr\/index.php\/wp-json\/wp\/v2\/product"}],"about":[{"href":"https:\/\/roveyayinevi.com.tr\/index.php\/wp-json\/wp\/v2\/types\/product"}],"wp:attachment":[{"href":"https:\/\/roveyayinevi.com.tr\/index.php\/wp-json\/wp\/v2\/media?parent=723224"}],"wp:term":[{"taxonomy":"product_brand","embeddable":true,"href":"https:\/\/roveyayinevi.com.tr\/index.php\/wp-json\/wp\/v2\/product_brand?post=723224"},{"taxonomy":"product_cat","embeddable":true,"href":"https:\/\/roveyayinevi.com.tr\/index.php\/wp-json\/wp\/v2\/product_cat?post=723224"},{"taxonomy":"product_tag","embeddable":true,"href":"https:\/\/roveyayinevi.com.tr\/index.php\/wp-json\/wp\/v2\/product_tag?post=723224"}],"curies":[{"name":"wp","href":"https:\/\/api.w.org\/{rel}","templated":true}]}}