{"id":723223,"date":"2025-08-27T19:15:18","date_gmt":"2025-08-27T16:15:18","guid":{"rendered":"https:\/\/roveyayinevi.com.tr\/index.php\/urun\/karaova\/"},"modified":"2026-04-16T02:31:03","modified_gmt":"2026-04-15T23:31:03","slug":"karaova","status":"publish","type":"product","link":"https:\/\/roveyayinevi.com.tr\/index.php\/urun\/karaova\/","title":{"rendered":"Karaova"},"content":{"rendered":"<p>Cehalete ve zulme kar\u015f\u0131 onurlu bir direni\u015f&#8230;   Keman \u00e7al\u0131p berberlik yaparak hayat\u0131n\u0131 kazanan Kerimo\u011flu Ali\u2019nin, u\u011frad\u0131\u011f\u0131 bir iftira y\u00fcz\u00fcnden da\u011fa \u00e7\u0131kmas\u0131, a\u011fal\u0131k sistemi alt\u0131nda ezilen k\u00f6yl\u00fcy\u00fc hak aramak yolunda harekete ge\u00e7irir. D\u00fczenden yana \u015fik\u00e2yeti olanlar birer birer kat\u0131l\u0131rlar Kerimo\u011flu\u2019na. Ezilenin yan\u0131nda duran Kerimo\u011flu Ali, bir zaman sonra adaletin temsilcisine d\u00f6n\u00fc\u015f\u00fcr. Gariban\u0131 ezenin d\u00fc\u015fman\u0131d\u0131r art\u0131k o&#8230; Nam\u0131 g\u00fcnden g\u00fcne yay\u0131lan bir efedir. M\u00fccadelesi s\u0131ras\u0131nda \u00fcst \u00fcste ya\u015fad\u0131\u011f\u0131 ac\u0131 kay\u0131plar, Kerimo\u011flu Ali\u2019yi derin bir i\u00e7sel sorgulamaya da s\u00fcr\u00fckler. Birka\u00e7 kez hapse bile girip \u00e7\u0131kt\u0131\u011f\u0131 halde i\u00e7indeki mahkeme sonlanmak nedir bilmez. Sonunda kendini bile isteye Fizan\u2019a bile s\u00fcrd\u00fcr\u00fcr. Amac\u0131, kendi itibar\u0131n\u0131 yerle bir ederek pe\u015finden s\u00fcr\u00fcklenip gelen halk\u0131 kendinden uzakla\u015ft\u0131rmakt\u0131r. Kerimo\u011flu Ali\u2019nin insani zaaflar\u0131 y\u00fcz\u00fcnden yapt\u0131\u011f\u0131 hatalarla bamba\u015fka bir seyir kazanan hayat\u0131 bilinmeze do\u011fru s\u00fcr\u00fcklenirken, sevdi\u011fi kad\u0131n\u0131n katili olarak tutuklanan torunu Memed\u2019in ac\u0131kl\u0131 hik\u00e2yesi de roman\u0131n paralel kurgusunda akar. \u00c7a\u011flar \u00c7etok\u2019un tarihin unutulmaz iki efesinin ger\u00e7ek hayat hik\u00e2yelerinden kurgulayarak kaleme ald\u0131\u011f\u0131 Karaova hem bir d\u00f6nemin siyasi ve toplumsal panoramas\u0131n\u0131 g\u00f6zler \u00f6n\u00fcne seriyor hem de derinlikli psikolojik tahlilleriyle iki efenin m\u00fccadelesi \u00fczerinden iyilikle k\u00f6t\u00fcl\u00fck meselesini tarafs\u0131zca sorguluyor. <\/p>\n","protected":false},"excerpt":{"rendered":"<p>Cehalete ve zulme kar\u015f\u0131 onurlu bir direni\u015f&#8230; Keman \u00e7al\u0131p berberlik yaparak hayat\u0131n\u0131 kazanan Kerimo\u011flu Ali\u2019nin, u\u011frad\u0131\u011f\u0131 bir iftira y\u00fcz\u00fcnden da\u011fa \u00e7\u0131kmas\u0131, a\u011fal\u0131k sistemi alt\u0131nda ezilen k\u00f6yl\u00fcy\u00fc<span class=\"excerpt-hellip\"> [\u2026]<\/span><\/p>\n","protected":false},"featured_media":0,"template":"","meta":{"_monsterinsights_skip_tracking":false,"_monsterinsights_sitenote_active":false,"_monsterinsights_sitenote_note":"","_monsterinsights_sitenote_category":0},"product_brand":[],"product_cat":[12291,12711],"product_tag":[],"class_list":{"0":"post-723223","1":"product","2":"type-product","3":"status-publish","5":"product_cat-edebiyat","6":"product_cat-roman-oyku","7":"pa_cilt-ciltsiz","8":"pa_tur-kitap","9":"pa_yayinevi-destek-yayinlari","10":"pa_yazar-caglar-cetok","12":"first","13":"instock","14":"sale","15":"shipping-taxable","16":"purchasable","17":"product-type-simple"},"_links":{"self":[{"href":"https:\/\/roveyayinevi.com.tr\/index.php\/wp-json\/wp\/v2\/product\/723223","targetHints":{"allow":["GET"]}}],"collection":[{"href":"https:\/\/roveyayinevi.com.tr\/index.php\/wp-json\/wp\/v2\/product"}],"about":[{"href":"https:\/\/roveyayinevi.com.tr\/index.php\/wp-json\/wp\/v2\/types\/product"}],"wp:attachment":[{"href":"https:\/\/roveyayinevi.com.tr\/index.php\/wp-json\/wp\/v2\/media?parent=723223"}],"wp:term":[{"taxonomy":"product_brand","embeddable":true,"href":"https:\/\/roveyayinevi.com.tr\/index.php\/wp-json\/wp\/v2\/product_brand?post=723223"},{"taxonomy":"product_cat","embeddable":true,"href":"https:\/\/roveyayinevi.com.tr\/index.php\/wp-json\/wp\/v2\/product_cat?post=723223"},{"taxonomy":"product_tag","embeddable":true,"href":"https:\/\/roveyayinevi.com.tr\/index.php\/wp-json\/wp\/v2\/product_tag?post=723223"}],"curies":[{"name":"wp","href":"https:\/\/api.w.org\/{rel}","templated":true}]}}