{"id":723221,"date":"2025-08-27T19:15:16","date_gmt":"2025-08-27T16:15:16","guid":{"rendered":"https:\/\/roveyayinevi.com.tr\/index.php\/urun\/feslegen\/"},"modified":"2026-04-06T02:44:04","modified_gmt":"2026-04-05T23:44:04","slug":"feslegen","status":"publish","type":"product","link":"https:\/\/roveyayinevi.com.tr\/index.php\/urun\/feslegen\/","title":{"rendered":"Fesle\u011fen"},"content":{"rendered":"<p>Gitmek mi zordur, kalmak m\u0131? Kalmay\u0131 bilmem ama, gitmelerin hi\u00e7 de kolay olmad\u0131\u011f\u0131n\u0131 anlad\u0131m. Hesapla\u015fmas\u0131 varm\u0131\u015f bu i\u015fin, d\u00f6nmek isteyip de d\u00f6nememesi, y\u00fcre\u011finde uzay\u0131p giden gurbetleri varm\u0131\u015f. \u00dcstelik gitti\u011finde iki ki\u015filik bir bedel \u00f6d\u00fcyormu\u015f insan&#8230; Benim ad\u0131m Fesle\u011fen. Ben bu hik\u00e2yenin gideniyim&#8230; Anlatacak \u00e7ok \u015feyim var ve itiraf edece\u011fim bir dolu kayg\u0131lar\u0131m&#8230; Kalemimi k\u00e2\u011f\u0131d\u0131m\u0131 haz\u0131rlad\u0131m. Bir fesle\u011fenin topra\u011f\u0131na duydu\u011fu hasreti yazaca\u011f\u0131m, bir fesle\u011fenin ya\u011fmura \u00f6zlemini anlataca\u011f\u0131m, g\u00fcne\u015fine hasretini. Bir k\u0131z\u0131n y\u00fcre\u011fini a\u00e7\u0131k edece\u011fim size. E\u011fer bir g\u00fcn siz de do\u011fdu\u011fu topraklardan uzaklara ekilmi\u015f, g\u00fcne\u015fe uzanmaya \u00e7al\u0131\u015fan minik bir \u00e7i\u00e7ek g\u00f6r\u00fcrseniz \u00fczerine bas\u0131p ge\u00e7meyin olur mu? Bu d\u00fcnyada yaln\u0131z ba\u015f\u0131na y\u00fcr\u00fcyen birinin Allah\u2019tan ba\u015fka kimi vard\u0131r ki? Bir de siz sebebi olmay\u0131n kederinin&#8230; Ve l\u00fctfen sevenleri ay\u0131rmay\u0131n! <\/p>\n","protected":false},"excerpt":{"rendered":"<p>Gitmek mi zordur, kalmak m\u0131? Kalmay\u0131 bilmem ama, gitmelerin hi\u00e7 de kolay olmad\u0131\u011f\u0131n\u0131 anlad\u0131m. Hesapla\u015fmas\u0131 varm\u0131\u015f bu i\u015fin, d\u00f6nmek isteyip de d\u00f6nememesi, y\u00fcre\u011finde uzay\u0131p giden gurbetleri<span class=\"excerpt-hellip\"> [\u2026]<\/span><\/p>\n","protected":false},"featured_media":0,"template":"","meta":{"_monsterinsights_skip_tracking":false,"_monsterinsights_sitenote_active":false,"_monsterinsights_sitenote_note":"","_monsterinsights_sitenote_category":0},"product_brand":[],"product_cat":[12291,12711],"product_tag":[],"class_list":{"0":"post-723221","1":"product","2":"type-product","3":"status-publish","5":"product_cat-edebiyat","6":"product_cat-roman-oyku","7":"pa_cilt-ciltsiz","8":"pa_tur-kitap","9":"pa_yayinevi-destek-yayinlari","10":"pa_yazar-hikmet-anil-oztekin","12":"first","13":"instock","14":"sale","15":"shipping-taxable","16":"purchasable","17":"product-type-simple"},"_links":{"self":[{"href":"https:\/\/roveyayinevi.com.tr\/index.php\/wp-json\/wp\/v2\/product\/723221","targetHints":{"allow":["GET"]}}],"collection":[{"href":"https:\/\/roveyayinevi.com.tr\/index.php\/wp-json\/wp\/v2\/product"}],"about":[{"href":"https:\/\/roveyayinevi.com.tr\/index.php\/wp-json\/wp\/v2\/types\/product"}],"wp:attachment":[{"href":"https:\/\/roveyayinevi.com.tr\/index.php\/wp-json\/wp\/v2\/media?parent=723221"}],"wp:term":[{"taxonomy":"product_brand","embeddable":true,"href":"https:\/\/roveyayinevi.com.tr\/index.php\/wp-json\/wp\/v2\/product_brand?post=723221"},{"taxonomy":"product_cat","embeddable":true,"href":"https:\/\/roveyayinevi.com.tr\/index.php\/wp-json\/wp\/v2\/product_cat?post=723221"},{"taxonomy":"product_tag","embeddable":true,"href":"https:\/\/roveyayinevi.com.tr\/index.php\/wp-json\/wp\/v2\/product_tag?post=723221"}],"curies":[{"name":"wp","href":"https:\/\/api.w.org\/{rel}","templated":true}]}}