{"id":723220,"date":"2025-08-27T19:15:16","date_gmt":"2025-08-27T16:15:16","guid":{"rendered":"https:\/\/roveyayinevi.com.tr\/index.php\/urun\/eyvallah-birlik-dukkani\/"},"modified":"2026-04-16T02:31:03","modified_gmt":"2026-04-15T23:31:03","slug":"eyvallah-birlik-dukkani","status":"publish","type":"product","link":"https:\/\/roveyayinevi.com.tr\/index.php\/urun\/eyvallah-birlik-dukkani\/","title":{"rendered":"Eyvallah -Birlik D\u00fckkan\u0131"},"content":{"rendered":"<p>Merhaba, ben Seyyah. Bazen bulaca\u011f\u0131n\u0131 d\u00fc\u015f\u00fcnd\u00fc\u011f\u00fc i\u00e7in de\u011fil ba\u015fka bir se\u00e7ene\u011fi olmad\u0131\u011f\u0131 i\u00e7in arar insan. Herkesin bir g\u00fcn \u00e7\u0131kmak istedi\u011fi ama cesaret edemedi\u011fi bir yolculu\u011fun ba\u015f\u0131ndan yaz\u0131yorum bunlar\u0131. Hepinizin i\u00e7ine at\u0131p anlatmaktan sak\u0131nd\u0131\u011f\u0131 \u015feyleri yazd\u0131\u011f\u0131m bir yolculu\u011fa davet ediyorum sizi. Ve gidiyorum iyi insanlar\u0131n ya\u015fad\u0131\u011f\u0131na inand\u0131\u011f\u0131m yerlere. Gitmekle ge\u00e7ecek mi bilmiyorum ama sanki ge\u00e7ecekmi\u015f gibi gidiyorum i\u015fte. Sat\u0131rlar\u0131m\u0131n aras\u0131nda b\u0131rakt\u0131\u011f\u0131m bo\u015fluklarda g\u00f6receksiniz kendinizi. Ve okuduk\u00e7a kendiniz sanacaks\u0131n\u0131z beni. Sanki ben de\u011fil de, siz gidiyormu\u015fsunuz gibi hissedeceksiniz. Kim bilir, belki de gelmesini bekledi\u011finiz a\u015fk, bu sat\u0131rlarda bekliyordur sizi. <\/p>\n","protected":false},"excerpt":{"rendered":"<p>Merhaba, ben Seyyah. Bazen bulaca\u011f\u0131n\u0131 d\u00fc\u015f\u00fcnd\u00fc\u011f\u00fc i\u00e7in de\u011fil ba\u015fka bir se\u00e7ene\u011fi olmad\u0131\u011f\u0131 i\u00e7in arar insan. Herkesin bir g\u00fcn \u00e7\u0131kmak istedi\u011fi ama cesaret edemedi\u011fi bir yolculu\u011fun ba\u015f\u0131ndan<span class=\"excerpt-hellip\"> [\u2026]<\/span><\/p>\n","protected":false},"featured_media":0,"template":"","meta":{"_monsterinsights_skip_tracking":false,"_monsterinsights_sitenote_active":false,"_monsterinsights_sitenote_note":"","_monsterinsights_sitenote_category":0},"product_brand":[],"product_cat":[12291,12711],"product_tag":[],"class_list":{"0":"post-723220","1":"product","2":"type-product","3":"status-publish","5":"product_cat-edebiyat","6":"product_cat-roman-oyku","7":"pa_cilt-ciltsiz","8":"pa_tur-kitap","9":"pa_yayinevi-destek-yayinlari","10":"pa_yazar-hikmet-anil-oztekin","12":"first","13":"instock","14":"sale","15":"shipping-taxable","16":"purchasable","17":"product-type-simple"},"_links":{"self":[{"href":"https:\/\/roveyayinevi.com.tr\/index.php\/wp-json\/wp\/v2\/product\/723220","targetHints":{"allow":["GET"]}}],"collection":[{"href":"https:\/\/roveyayinevi.com.tr\/index.php\/wp-json\/wp\/v2\/product"}],"about":[{"href":"https:\/\/roveyayinevi.com.tr\/index.php\/wp-json\/wp\/v2\/types\/product"}],"wp:attachment":[{"href":"https:\/\/roveyayinevi.com.tr\/index.php\/wp-json\/wp\/v2\/media?parent=723220"}],"wp:term":[{"taxonomy":"product_brand","embeddable":true,"href":"https:\/\/roveyayinevi.com.tr\/index.php\/wp-json\/wp\/v2\/product_brand?post=723220"},{"taxonomy":"product_cat","embeddable":true,"href":"https:\/\/roveyayinevi.com.tr\/index.php\/wp-json\/wp\/v2\/product_cat?post=723220"},{"taxonomy":"product_tag","embeddable":true,"href":"https:\/\/roveyayinevi.com.tr\/index.php\/wp-json\/wp\/v2\/product_tag?post=723220"}],"curies":[{"name":"wp","href":"https:\/\/api.w.org\/{rel}","templated":true}]}}