{"id":723218,"date":"2025-08-27T19:15:14","date_gmt":"2025-08-27T16:15:14","guid":{"rendered":"https:\/\/roveyayinevi.com.tr\/index.php\/urun\/kaos-yuruyusu-kutu-seti\/"},"modified":"2026-04-16T02:31:03","modified_gmt":"2026-04-15T23:31:03","slug":"kaos-yuruyusu-kutu-seti","status":"publish","type":"product","link":"https:\/\/roveyayinevi.com.tr\/index.php\/urun\/kaos-yuruyusu-kutu-seti\/","title":{"rendered":"Kaos Y\u00fcr\u00fcy\u00fc\u015f\u00fc Kutu Seti"},"content":{"rendered":"<p>\u00d6zel hayat yoktu. S\u0131rlar yoktu. Ve sava\u015f h\u0131zla yakla\u015f\u0131yordu&#8230;   \u00bb Guardian Edebiyat \u00d6d\u00fcl\u00fc \u00bb COSTA K\u0130TAP \u00d6d\u00fcl\u00fc \u00bb James Tiptree Jr. \u00d6d\u00fcl\u00fc \u00bb Carnegie MADALYASI   \u201cKar\u015f\u0131 konulamaz derecede s\u00fcr\u00fckleyici, \u00fcrk\u00fct\u00fcc\u00fc, heyecanland\u0131r\u0131c\u0131 ve can yak\u0131c\u0131\u2026\u201d \u2014Sunday Telegraph 1 \u2013 Umut B\u0131\u00e7a\u011f\u01312 \u2013 Sorgu ve S\u0131r3 \u2013 \u0130nsan Denen Canavar <\/p>\n","protected":false},"excerpt":{"rendered":"<p>\u00d6zel hayat yoktu. S\u0131rlar yoktu. Ve sava\u015f h\u0131zla yakla\u015f\u0131yordu&#8230; \u00bb Guardian Edebiyat \u00d6d\u00fcl\u00fc \u00bb COSTA K\u0130TAP \u00d6d\u00fcl\u00fc \u00bb James Tiptree Jr. \u00d6d\u00fcl\u00fc \u00bb Carnegie MADALYASI \u201cKar\u015f\u0131<span class=\"excerpt-hellip\"> [\u2026]<\/span><\/p>\n","protected":false},"featured_media":0,"template":"","meta":{"_monsterinsights_skip_tracking":false,"_monsterinsights_sitenote_active":false,"_monsterinsights_sitenote_note":"","_monsterinsights_sitenote_category":0},"product_brand":[],"product_cat":[12540,12291],"product_tag":[],"class_list":{"0":"post-723218","1":"product","2":"type-product","3":"status-publish","5":"product_cat-bilim-kurgu","6":"product_cat-edebiyat","7":"pa_cilt-ciltsiz","8":"pa_tur-kitap","9":"pa_yayinevi-yabanci-yayinevi","10":"pa_yazar-patrick-ness","12":"first","13":"instock","14":"sale","15":"shipping-taxable","16":"purchasable","17":"product-type-simple"},"_links":{"self":[{"href":"https:\/\/roveyayinevi.com.tr\/index.php\/wp-json\/wp\/v2\/product\/723218","targetHints":{"allow":["GET"]}}],"collection":[{"href":"https:\/\/roveyayinevi.com.tr\/index.php\/wp-json\/wp\/v2\/product"}],"about":[{"href":"https:\/\/roveyayinevi.com.tr\/index.php\/wp-json\/wp\/v2\/types\/product"}],"wp:attachment":[{"href":"https:\/\/roveyayinevi.com.tr\/index.php\/wp-json\/wp\/v2\/media?parent=723218"}],"wp:term":[{"taxonomy":"product_brand","embeddable":true,"href":"https:\/\/roveyayinevi.com.tr\/index.php\/wp-json\/wp\/v2\/product_brand?post=723218"},{"taxonomy":"product_cat","embeddable":true,"href":"https:\/\/roveyayinevi.com.tr\/index.php\/wp-json\/wp\/v2\/product_cat?post=723218"},{"taxonomy":"product_tag","embeddable":true,"href":"https:\/\/roveyayinevi.com.tr\/index.php\/wp-json\/wp\/v2\/product_tag?post=723218"}],"curies":[{"name":"wp","href":"https:\/\/api.w.org\/{rel}","templated":true}]}}