{"id":723214,"date":"2025-08-27T19:15:11","date_gmt":"2025-08-27T16:15:11","guid":{"rendered":"https:\/\/roveyayinevi.com.tr\/index.php\/urun\/cornelius-masali\/"},"modified":"2026-04-16T02:31:03","modified_gmt":"2026-04-15T23:31:03","slug":"cornelius-masali","status":"publish","type":"product","link":"https:\/\/roveyayinevi.com.tr\/index.php\/urun\/cornelius-masali\/","title":{"rendered":"Cornelius Masal\u0131"},"content":{"rendered":"<p>\u201cK\u00fc\u00e7\u00fck timsahlar yumurtalar\u0131ndan \u00e7\u0131k\u0131nca, s\u00fcr\u00fcnerek nehir k\u0131y\u0131s\u0131na gittiler. Cornelius ise dik y\u00fcr\u00fcyordu.Boyu uzay\u0131p g\u00fc\u00e7lendik\u00e7e d\u00f6rt aya\u011f\u0131 \u00fczerinde pek y\u00fcr\u00fcmez oldu. Daha \u00f6nce hi\u00e7bir timsah\u0131n g\u00f6rmedi\u011fi \u015feyleri g\u00f6r\u00fcyordu.\u2018\u00c7al\u0131lar\u0131n \u00e7ok \u00f6tesini g\u00f6rebiliyorum\u2019 diyordu.Ama di\u011ferleri, \u2018Ne var bunda?\u2019 diyorlard\u0131.\u2018Bal\u0131klar\u0131 yukar\u0131dan g\u00f6rebiliyorum\u2019 diyordu Cornelius.\u2018Ne olmu\u015f \u00f6yleyse?\u2019 diyordu di\u011ferleri, canlar\u0131 s\u0131kk\u0131n.B\u00f6ylece bir g\u00fcn, Cornelius \u00f6fkelendi ve gitmeye karar verdi.\u201dCaldecott\u2019lu Leo Lionni \u00f6zg\u00fcven, duygular ve k\u0131skan\u00e7l\u0131k konular\u0131na e\u011filen bu muzip kitab\u0131yla bizi nehir kenar\u0131na g\u00f6t\u00fcr\u00fcyor. Ya\u015fananlar\u0131 okurken \u201c\u0130nsanlar do\u011fu\u015ftan getirdikleri \u00f6zellikleriyle \u00f6v\u00fcnmeli midir?\u201d, \u201cS\u00f6zlerimiz her zaman duygular\u0131m\u0131z\u0131 yans\u0131t\u0131r m\u0131?\u201d, \u201cDuygular\u0131m\u0131z\u0131 nas\u0131l g\u00f6steririz?\u201d gibi sorularla ha\u015f\u0131r ne\u015fir olup derin konular \u00fczerine sohbet etme imk\u00e2n\u0131 bulaca\u011f\u0131z. Bir kez daha te\u015fekk\u00fcrler Lionni. Cornelius\u2019un di\u011fer timsahlardan farkl\u0131 \u00f6zellikleri vard\u0131r. Ama anlatt\u0131\u011f\u0131nda kimseyi etkileyemez bir t\u00fcrl\u00fc. \u201c\u0130ki aya\u011f\u0131m\u0131n \u00fczerinde y\u00fcr\u00fcyebiliyorum\u201d dedi\u011finde \u201cEee, ne olmu\u015f yani?\u201d yan\u0131t\u0131n\u0131 al\u0131r. Umdu\u011fu g\u00fczel c\u00fcmleleri hi\u00e7 duyamaz. G\u00fcnler b\u00f6yle ge\u00e7ip giderken, bir maymundan yeni numaralar \u00f6\u011frenir ve timsahlara g\u00f6stermek ister. Sonu\u00e7 yine de\u011fi\u015fmez. Derken \u00f6yle bir \u015fey olur ki\u2026<\/p>\n","protected":false},"excerpt":{"rendered":"<p>\u201cK\u00fc\u00e7\u00fck timsahlar yumurtalar\u0131ndan \u00e7\u0131k\u0131nca, s\u00fcr\u00fcnerek nehir k\u0131y\u0131s\u0131na gittiler. Cornelius ise dik y\u00fcr\u00fcyordu.Boyu uzay\u0131p g\u00fc\u00e7lendik\u00e7e d\u00f6rt aya\u011f\u0131 \u00fczerinde pek y\u00fcr\u00fcmez oldu. Daha \u00f6nce hi\u00e7bir timsah\u0131n g\u00f6rmedi\u011fi \u015feyleri<span class=\"excerpt-hellip\"> [\u2026]<\/span><\/p>\n","protected":false},"featured_media":0,"template":"","meta":{"_monsterinsights_skip_tracking":false,"_monsterinsights_sitenote_active":false,"_monsterinsights_sitenote_note":"","_monsterinsights_sitenote_category":0},"product_brand":[],"product_cat":[12274,12523],"product_tag":[],"class_list":{"0":"post-723214","1":"product","2":"type-product","3":"status-publish","5":"product_cat-cocuk-ve-genclik-kitaplari","6":"product_cat-masallar","7":"pa_cilt-ciltsiz","8":"pa_tur-kitap","9":"pa_yayinevi-elma-cocuk","10":"pa_yazar-leo-lionni","12":"first","13":"instock","14":"sale","15":"shipping-taxable","16":"purchasable","17":"product-type-simple"},"_links":{"self":[{"href":"https:\/\/roveyayinevi.com.tr\/index.php\/wp-json\/wp\/v2\/product\/723214","targetHints":{"allow":["GET"]}}],"collection":[{"href":"https:\/\/roveyayinevi.com.tr\/index.php\/wp-json\/wp\/v2\/product"}],"about":[{"href":"https:\/\/roveyayinevi.com.tr\/index.php\/wp-json\/wp\/v2\/types\/product"}],"wp:attachment":[{"href":"https:\/\/roveyayinevi.com.tr\/index.php\/wp-json\/wp\/v2\/media?parent=723214"}],"wp:term":[{"taxonomy":"product_brand","embeddable":true,"href":"https:\/\/roveyayinevi.com.tr\/index.php\/wp-json\/wp\/v2\/product_brand?post=723214"},{"taxonomy":"product_cat","embeddable":true,"href":"https:\/\/roveyayinevi.com.tr\/index.php\/wp-json\/wp\/v2\/product_cat?post=723214"},{"taxonomy":"product_tag","embeddable":true,"href":"https:\/\/roveyayinevi.com.tr\/index.php\/wp-json\/wp\/v2\/product_tag?post=723214"}],"curies":[{"name":"wp","href":"https:\/\/api.w.org\/{rel}","templated":true}]}}