{"id":723213,"date":"2025-08-27T19:15:10","date_gmt":"2025-08-27T16:15:10","guid":{"rendered":"https:\/\/roveyayinevi.com.tr\/index.php\/urun\/gecmise-takilanin-gelecegi-olmaz\/"},"modified":"2026-04-03T02:37:16","modified_gmt":"2026-04-02T23:37:16","slug":"gecmise-takilanin-gelecegi-olmaz","status":"publish","type":"product","link":"https:\/\/roveyayinevi.com.tr\/index.php\/urun\/gecmise-takilanin-gelecegi-olmaz\/","title":{"rendered":"Ge\u00e7mi\u015fe Tak\u0131lan\u0131n Gelece\u011fi Olmaz"},"content":{"rendered":"<p>\u0130\u015f Hayat\u0131n\u0131n K\u0131lavuz De\u011ferleri: \u00dcmidin kadar gen\u00e7, karamsarl\u0131\u011f\u0131n kadar ya\u015fl\u0131s\u0131n. \u0130\u015f piyasas\u0131ndaki r\u00fczg\u00e2rlara s\u00f6z\u00fcm\u00fcz ge\u00e7mez. Ancak bu okyanusun r\u00fczg\u00e2rlar\u0131n\u0131 tan\u0131y\u0131p, yelkenleri ayarlama becerisine sahip olan i\u015fletmeler hedeflerine do\u011fru yol al\u0131r. Y\u00f6n\u00fc belirleyen, r\u00fczg\u00e2r\u0131n kendisinden \u00e7ok yelkenleri nas\u0131l ayarlad\u0131\u011f\u0131m\u0131zd\u0131r. Rotam\u0131z\u0131 belirlemek bizim sorumlulu\u011fumuz.   Anlay\u0131\u015f\u0131m\u0131z\u0131 geli\u015ftirip rotam\u0131z\u0131 dikkatle belirledi\u011fimiz, gereken tedbirleri ald\u0131\u011f\u0131m\u0131z \u00f6l\u00e7\u00fcde, f\u0131rt\u0131nal\u0131 havalarda olsak bile daha huzurlu olmay\u0131 hak edebiliriz. Bu kitapta sadece teorik olarak k\u0131lavuz de\u011ferler ele al\u0131nm\u0131yor. Yar\u0131m asra yakla\u015fan i\u015f hayat\u0131na dair baz\u0131 g\u00f6zlem ve tecr\u00fcbeler payla\u015f\u0131l\u0131yor. K\u0131lavuz de\u011ferlerimizin sa\u011flaml\u0131\u011f\u0131 \u00f6l\u00e7\u00fcs\u00fcnde engeller daha kolay a\u015f\u0131l\u0131r. Yoksa e\u011fikli\u011fiyle \u00fcnl\u00fc Pisa kulesinde oldu\u011fu gibi, i\u015fletmenin y\u00fcksekli\u011fini art\u0131rmak, \u00e7\u00f6k\u00fc\u015f\u00fcn\u00fc h\u0131zland\u0131rmaktan ba\u015fka bir anlama gelmez. <\/p>\n","protected":false},"excerpt":{"rendered":"<p>\u0130\u015f Hayat\u0131n\u0131n K\u0131lavuz De\u011ferleri: \u00dcmidin kadar gen\u00e7, karamsarl\u0131\u011f\u0131n kadar ya\u015fl\u0131s\u0131n. \u0130\u015f piyasas\u0131ndaki r\u00fczg\u00e2rlara s\u00f6z\u00fcm\u00fcz ge\u00e7mez. Ancak bu okyanusun r\u00fczg\u00e2rlar\u0131n\u0131 tan\u0131y\u0131p, yelkenleri ayarlama becerisine sahip olan i\u015fletmeler<span class=\"excerpt-hellip\"> [\u2026]<\/span><\/p>\n","protected":false},"featured_media":0,"template":"","meta":{"_monsterinsights_skip_tracking":false,"_monsterinsights_sitenote_active":false,"_monsterinsights_sitenote_note":"","_monsterinsights_sitenote_category":0},"product_brand":[],"product_cat":[12364,12376],"product_tag":[],"class_list":{"0":"post-723213","1":"product","2":"type-product","3":"status-publish","5":"product_cat-genel-konular","6":"product_cat-kisisel-gelisim","7":"pa_cilt-ciltsiz","8":"pa_tur-kitap","9":"pa_yayinevi-hayykitap","10":"pa_yazar-adnan-simsek","12":"first","13":"instock","14":"sale","15":"shipping-taxable","16":"purchasable","17":"product-type-simple"},"_links":{"self":[{"href":"https:\/\/roveyayinevi.com.tr\/index.php\/wp-json\/wp\/v2\/product\/723213","targetHints":{"allow":["GET"]}}],"collection":[{"href":"https:\/\/roveyayinevi.com.tr\/index.php\/wp-json\/wp\/v2\/product"}],"about":[{"href":"https:\/\/roveyayinevi.com.tr\/index.php\/wp-json\/wp\/v2\/types\/product"}],"wp:attachment":[{"href":"https:\/\/roveyayinevi.com.tr\/index.php\/wp-json\/wp\/v2\/media?parent=723213"}],"wp:term":[{"taxonomy":"product_brand","embeddable":true,"href":"https:\/\/roveyayinevi.com.tr\/index.php\/wp-json\/wp\/v2\/product_brand?post=723213"},{"taxonomy":"product_cat","embeddable":true,"href":"https:\/\/roveyayinevi.com.tr\/index.php\/wp-json\/wp\/v2\/product_cat?post=723213"},{"taxonomy":"product_tag","embeddable":true,"href":"https:\/\/roveyayinevi.com.tr\/index.php\/wp-json\/wp\/v2\/product_tag?post=723213"}],"curies":[{"name":"wp","href":"https:\/\/api.w.org\/{rel}","templated":true}]}}