{"id":723211,"date":"2025-08-27T19:15:08","date_gmt":"2025-08-27T16:15:08","guid":{"rendered":"https:\/\/roveyayinevi.com.tr\/index.php\/urun\/genc-tanrilar-gerdekkaya-ii\/"},"modified":"2026-04-16T02:31:03","modified_gmt":"2026-04-15T23:31:03","slug":"genc-tanrilar-gerdekkaya-ii","status":"publish","type":"product","link":"https:\/\/roveyayinevi.com.tr\/index.php\/urun\/genc-tanrilar-gerdekkaya-ii\/","title":{"rendered":"Gen\u00e7 Tanr\u0131lar &#8211; Gerdekkaya II"},"content":{"rendered":"<p>Hattililerin a\u015f\u0131 derttedir ve yery\u00fcz\u00fcnde ya\u015fayan k\u00fc\u00e7\u00fck dostlar\u0131m\u0131zdan yard\u0131m istemek zorunda kal\u0131rlar. \u00c7a\u011f\u0131m\u0131zda ya\u015fayan bir arkeolog olan Tar\u0131k, Hattilerin gere\u00e7lerini ele ge\u00e7irmi\u015f, d\u00f6rt bin y\u0131l \u00f6ncesine giderek orada kendisini \u201cTanr\u0131 Tarok\u201d olarak kabul ettirmi\u015ftir. Amac\u0131 kendisini o d\u00f6nemin efendisi ilan etmektir. Bu olay Hattilerin atalar\u0131n\u0131 tehdit etmektedir. Bu tehlike ortadan kald\u0131r\u0131lmazsa \u00e7a\u011f\u0131m\u0131zdaki Hattiler de yok olacakt\u0131r. Dostlar\u0131m\u0131z kollar\u0131 s\u0131var, ancak d\u00f6rt bin y\u0131l \u00f6ncesinin insan\u0131, dostlar\u0131m\u0131z\u0131 \u201cGen\u00e7 Tanr\u0131lar\u201d olarak kabul eder. B\u00f6ylece Hattilerin \u00f6l\u00fcm kal\u0131m m\u00fccadelesi ba\u015flar. <\/p>\n","protected":false},"excerpt":{"rendered":"<p>Hattililerin a\u015f\u0131 derttedir ve yery\u00fcz\u00fcnde ya\u015fayan k\u00fc\u00e7\u00fck dostlar\u0131m\u0131zdan yard\u0131m istemek zorunda kal\u0131rlar. \u00c7a\u011f\u0131m\u0131zda ya\u015fayan bir arkeolog olan Tar\u0131k, Hattilerin gere\u00e7lerini ele ge\u00e7irmi\u015f, d\u00f6rt bin y\u0131l \u00f6ncesine<span class=\"excerpt-hellip\"> [\u2026]<\/span><\/p>\n","protected":false},"featured_media":0,"template":"","meta":{"_monsterinsights_skip_tracking":false,"_monsterinsights_sitenote_active":false,"_monsterinsights_sitenote_note":"","_monsterinsights_sitenote_category":0},"product_brand":[],"product_cat":[12291,12711],"product_tag":[],"class_list":{"0":"post-723211","1":"product","2":"type-product","3":"status-publish","5":"product_cat-edebiyat","6":"product_cat-roman-oyku","7":"pa_cilt-ciltsiz","8":"pa_tur-kitap","9":"pa_yayinevi-la-kitap-yayinlari","10":"pa_yazar-zafer-sonmez","12":"first","13":"instock","14":"sale","15":"shipping-taxable","16":"purchasable","17":"product-type-simple"},"_links":{"self":[{"href":"https:\/\/roveyayinevi.com.tr\/index.php\/wp-json\/wp\/v2\/product\/723211","targetHints":{"allow":["GET"]}}],"collection":[{"href":"https:\/\/roveyayinevi.com.tr\/index.php\/wp-json\/wp\/v2\/product"}],"about":[{"href":"https:\/\/roveyayinevi.com.tr\/index.php\/wp-json\/wp\/v2\/types\/product"}],"wp:attachment":[{"href":"https:\/\/roveyayinevi.com.tr\/index.php\/wp-json\/wp\/v2\/media?parent=723211"}],"wp:term":[{"taxonomy":"product_brand","embeddable":true,"href":"https:\/\/roveyayinevi.com.tr\/index.php\/wp-json\/wp\/v2\/product_brand?post=723211"},{"taxonomy":"product_cat","embeddable":true,"href":"https:\/\/roveyayinevi.com.tr\/index.php\/wp-json\/wp\/v2\/product_cat?post=723211"},{"taxonomy":"product_tag","embeddable":true,"href":"https:\/\/roveyayinevi.com.tr\/index.php\/wp-json\/wp\/v2\/product_tag?post=723211"}],"curies":[{"name":"wp","href":"https:\/\/api.w.org\/{rel}","templated":true}]}}