{"id":723206,"date":"2025-08-27T19:15:04","date_gmt":"2025-08-27T16:15:04","guid":{"rendered":"https:\/\/roveyayinevi.com.tr\/index.php\/urun\/kentler-ve-izler\/"},"modified":"2026-04-16T02:31:03","modified_gmt":"2026-04-15T23:31:03","slug":"kentler-ve-izler","status":"publish","type":"product","link":"https:\/\/roveyayinevi.com.tr\/index.php\/urun\/kentler-ve-izler\/","title":{"rendered":"Kentler ve \u0130zler"},"content":{"rendered":"<p>\u201cA. Celal Binzet, \u201cKentler ve \u0130zler\u201dde b\u00fcy\u00fck oranda Ankara \u00f6zelinde, kurucu ad\u0131mlar\u0131n ard\u0131ndan, ileri ve geri y\u00f6netimlerin kent alan\u0131 \u00fczerindeki estetiksel izlerini okurlarla payla\u015f\u0131yor. \u00d6te yandan bu tan\u0131kl\u0131k, okurlar\u0131 g\u00fcndelik ya\u015famda, politika ve k\u00fclt\u00fcrel alanda kar\u015f\u0131 kar\u015f\u0131ya kald\u0131\u011f\u0131 geri gidi\u015fin, her an i\u00e7inde ya\u015fad\u0131\u011f\u0131 kentlerdeki bir ba\u015fka izd\u00fc\u015f\u00fcm\u00fc \u00fczerine d\u00fc\u015f\u00fcnmeye itiyor. \u201cBa\u015f\u0131ndan beri izlendi\u011finde kent (kentler) \u00fczerinde s\u00fcrekli bir de\u011fi\u015fkenli\u011fin ger\u00e7ekle\u015fti\u011fi dikkatlerden ka\u00e7mam\u0131\u015ft\u0131r. Her g\u00fcn artan insanlarla birlikte geni\u015fleyen konut say\u0131s\u0131 kentsel alanlar\u0131 da geni\u015fletmekten geri durmaz. A\u00e7\u0131lan sokak ve caddeler yan\u0131nda alanlara konulan heykeller ya da do\u011frudan binalar\u0131n yap\u0131s\u0131n\u0131 toplumsal bir r\u00f6ntgen alt\u0131nda inceledi\u011fimizde ortaya \u00e7\u0131kan g\u00f6r\u00fcnt\u00fc \u00e7ok y\u00f6nl\u00fc bir tablodan farks\u0131z olur. Hareketlili\u011fin gerisinde politik se\u00e7enekler oldu\u011fu denli ekonomik g\u00f6stergelerin de bulundu\u011funu g\u00f6z ard\u0131 edemeyiz. Sonu\u00e7ta bir oyun alan\u0131d\u0131r kent. Kimi kez oradaki baz\u0131lar\u0131n\u0131n ya\u015fam\u0131nda onulmaz izler b\u0131rak\u0131r. Bir d\u00f6nemin kal\u0131c\u0131 s\u00f6ylemlerini somutla\u015ft\u0131rd\u0131\u011f\u0131 da g\u00f6r\u00fcl\u00fcr. Daha da ilginci burada dillendirilmeye \u00e7al\u0131\u015f\u0131lan hareketlerin sosyo-k\u00fclt\u00fcrel analizi yap\u0131ld\u0131\u011f\u0131nda \u00fczerinde ya\u015fayanlarla ilgili \u00e7arp\u0131c\u0131 sonu\u00e7lara ula\u015fmam\u0131z i\u015ften bile de\u011fildir.\u201d <\/p>\n","protected":false},"excerpt":{"rendered":"<p>\u201cA. Celal Binzet, \u201cKentler ve \u0130zler\u201dde b\u00fcy\u00fck oranda Ankara \u00f6zelinde, kurucu ad\u0131mlar\u0131n ard\u0131ndan, ileri ve geri y\u00f6netimlerin kent alan\u0131 \u00fczerindeki estetiksel izlerini okurlarla payla\u015f\u0131yor. \u00d6te yandan<span class=\"excerpt-hellip\"> [\u2026]<\/span><\/p>\n","protected":false},"featured_media":0,"template":"","meta":{"_monsterinsights_skip_tracking":false,"_monsterinsights_sitenote_active":false,"_monsterinsights_sitenote_note":"","_monsterinsights_sitenote_category":0},"product_brand":[],"product_cat":[12408,14197],"product_tag":[],"class_list":{"0":"post-723206","1":"product","2":"type-product","3":"status-publish","5":"product_cat-sanat","6":"product_cat-sanat-tarihi","7":"pa_cilt-ciltsiz","8":"pa_tur-kitap","9":"pa_yayinevi-telgrafhane-yayinlari","10":"pa_yazar-a-celal-binzet","12":"first","13":"instock","14":"sale","15":"shipping-taxable","16":"purchasable","17":"product-type-simple"},"_links":{"self":[{"href":"https:\/\/roveyayinevi.com.tr\/index.php\/wp-json\/wp\/v2\/product\/723206","targetHints":{"allow":["GET"]}}],"collection":[{"href":"https:\/\/roveyayinevi.com.tr\/index.php\/wp-json\/wp\/v2\/product"}],"about":[{"href":"https:\/\/roveyayinevi.com.tr\/index.php\/wp-json\/wp\/v2\/types\/product"}],"wp:attachment":[{"href":"https:\/\/roveyayinevi.com.tr\/index.php\/wp-json\/wp\/v2\/media?parent=723206"}],"wp:term":[{"taxonomy":"product_brand","embeddable":true,"href":"https:\/\/roveyayinevi.com.tr\/index.php\/wp-json\/wp\/v2\/product_brand?post=723206"},{"taxonomy":"product_cat","embeddable":true,"href":"https:\/\/roveyayinevi.com.tr\/index.php\/wp-json\/wp\/v2\/product_cat?post=723206"},{"taxonomy":"product_tag","embeddable":true,"href":"https:\/\/roveyayinevi.com.tr\/index.php\/wp-json\/wp\/v2\/product_tag?post=723206"}],"curies":[{"name":"wp","href":"https:\/\/api.w.org\/{rel}","templated":true}]}}