{"id":723204,"date":"2025-08-27T19:15:02","date_gmt":"2025-08-27T16:15:02","guid":{"rendered":"https:\/\/roveyayinevi.com.tr\/index.php\/urun\/basari-hazinesi-ciltli\/"},"modified":"2026-04-16T02:31:03","modified_gmt":"2026-04-15T23:31:03","slug":"basari-hazinesi-ciltli","status":"publish","type":"product","link":"https:\/\/roveyayinevi.com.tr\/index.php\/urun\/basari-hazinesi-ciltli\/","title":{"rendered":"Ba\u015far\u0131 Hazinesi (Ciltli)"},"content":{"rendered":"<p>Sevgili \u00d6\u011frenciler,Bu kitap, e\u011fitimde ba\u015far\u0131 i\u00e7in hepinize b\u00fcy\u00fck bir hazine k\u0131ymetindedir.Ba\u015far\u0131 Hazinesi, \u00e7a\u011fda\u015f e\u011fitimcilerin \u00f6\u011frenmede b\u00fcy\u00fck \u00f6nem verdikleri \u201c5N1K\u2019\u2019 kural\u0131 ile ba\u011fda\u015ft\u0131r\u0131larak sizin i\u00e7in yaz\u0131ld\u0131.\u201c5N1K\u2019\u2019 yani \u201cNe, Ne zaman, Nas\u0131l, Neden, Kim\u2019\u2019 sorular\u0131na verilen m\u00fckemmel cevaplarla d\u00fc\u015f\u00fcnmenizi ve kendinizi ke\u015ffetmenizi sa\u011flay\u0131p hayat\u0131n\u0131zdaki ba\u015far\u0131lar\u0131n\u0131z\u0131n artmas\u0131 hedeflenmi\u015ftir.Kitapta i\u015flenen konular kolay anla\u015f\u0131l\u0131r bir \u00fcslupla, ya\u015fanm\u0131\u015f \u00f6rnekler verilerek anlat\u0131l\u0131yor.\u0130\u00e7eri\u011findeki etkinliklerle de kitap, zevkle okunur ve uygulanabilir bir eser h\u00e2line geliyor.E\u011fitim hayat\u0131n\u0131zda elde edece\u011finiz b\u00fcy\u00fck ba\u015far\u0131lar i\u00e7in rehber niteli\u011finde olan bu g\u00fczel kitap ile sizleri ba\u015f ba\u015fa b\u0131rak\u0131yoruz.<\/p>\n","protected":false},"excerpt":{"rendered":"<p>Sevgili \u00d6\u011frenciler,Bu kitap, e\u011fitimde ba\u015far\u0131 i\u00e7in hepinize b\u00fcy\u00fck bir hazine k\u0131ymetindedir.Ba\u015far\u0131 Hazinesi, \u00e7a\u011fda\u015f e\u011fitimcilerin \u00f6\u011frenmede b\u00fcy\u00fck \u00f6nem verdikleri \u201c5N1K\u2019\u2019 kural\u0131 ile ba\u011fda\u015ft\u0131r\u0131larak sizin i\u00e7in yaz\u0131ld\u0131.\u201c5N1K\u2019\u2019 yani<span class=\"excerpt-hellip\"> [\u2026]<\/span><\/p>\n","protected":false},"featured_media":0,"template":"","meta":{"_monsterinsights_skip_tracking":false,"_monsterinsights_sitenote_active":false,"_monsterinsights_sitenote_note":"","_monsterinsights_sitenote_category":0},"product_brand":[],"product_cat":[12291,15117],"product_tag":[],"class_list":{"0":"post-723204","1":"product","2":"type-product","3":"status-publish","5":"product_cat-edebiyat","6":"product_cat-genclik-edebiyati","7":"pa_cilt-ciltli","8":"pa_tur-kitap","9":"pa_yayinevi-genc-hayat","10":"pa_yazar-yilmaz-yenidinc","12":"first","13":"instock","14":"sale","15":"shipping-taxable","16":"purchasable","17":"product-type-simple"},"_links":{"self":[{"href":"https:\/\/roveyayinevi.com.tr\/index.php\/wp-json\/wp\/v2\/product\/723204","targetHints":{"allow":["GET"]}}],"collection":[{"href":"https:\/\/roveyayinevi.com.tr\/index.php\/wp-json\/wp\/v2\/product"}],"about":[{"href":"https:\/\/roveyayinevi.com.tr\/index.php\/wp-json\/wp\/v2\/types\/product"}],"wp:attachment":[{"href":"https:\/\/roveyayinevi.com.tr\/index.php\/wp-json\/wp\/v2\/media?parent=723204"}],"wp:term":[{"taxonomy":"product_brand","embeddable":true,"href":"https:\/\/roveyayinevi.com.tr\/index.php\/wp-json\/wp\/v2\/product_brand?post=723204"},{"taxonomy":"product_cat","embeddable":true,"href":"https:\/\/roveyayinevi.com.tr\/index.php\/wp-json\/wp\/v2\/product_cat?post=723204"},{"taxonomy":"product_tag","embeddable":true,"href":"https:\/\/roveyayinevi.com.tr\/index.php\/wp-json\/wp\/v2\/product_tag?post=723204"}],"curies":[{"name":"wp","href":"https:\/\/api.w.org\/{rel}","templated":true}]}}