{"id":723203,"date":"2025-08-27T19:15:02","date_gmt":"2025-08-27T16:15:02","guid":{"rendered":"https:\/\/roveyayinevi.com.tr\/index.php\/urun\/matematigi-sevenler-ulkesi\/"},"modified":"2026-04-16T02:31:03","modified_gmt":"2026-04-15T23:31:03","slug":"matematigi-sevenler-ulkesi","status":"publish","type":"product","link":"https:\/\/roveyayinevi.com.tr\/index.php\/urun\/matematigi-sevenler-ulkesi\/","title":{"rendered":"Matemati\u011fi Sevenler \u00dclkesi"},"content":{"rendered":"<p>\u2013 Herkes niye matemati\u011fi seviyor burada?\u2013 Niye sevmesinler ki\u2013 \u00c7\u00fcnk\u00fc matematik \u00e7ok zor!\u2013 Evet, buraya ilk kez geldiklerinde hep \u00f6yle s\u00f6yler \u00e7ocuklar.\u2013 Ya sonra?\u2013 Sonra d\u00fc\u015f\u00fcnd\u00fckleri gibi olmad\u0131\u011f\u0131n\u0131 anl\u0131yorlar.\u2013 Nas\u0131l yani?\u2013 Yani, art\u0131k matemati\u011fin kolay ve e\u011flenceli oldu\u011funu d\u00fc\u015f\u00fcn\u00fcyorlar.Bu kitapla karma\u015f\u0131k gibi g\u00f6r\u00fcnen matemati\u011fin asl\u0131nda ne kadar kolay oldu\u011funu ve hayat\u0131n i\u00e7inde \u00e7ok\u00e7a yer ald\u0131\u011f\u0131n\u0131 g\u00f6receksiniz.Kitab\u0131n i\u00e7indeki bulmacalar\u0131 \u00e7\u00f6z\u00fcp ipu\u00e7lar\u0131n\u0131 yakalayacak, e\u011flenerek \u00f6\u011frenmenin tad\u0131na varacaks\u0131n\u0131z.B\u00f6ylece, siz de matemati\u011fi sevenlerden olacaks\u0131n\u0131z&#8230;<\/p>\n","protected":false},"excerpt":{"rendered":"<p>\u2013 Herkes niye matemati\u011fi seviyor burada?\u2013 Niye sevmesinler ki\u2013 \u00c7\u00fcnk\u00fc matematik \u00e7ok zor!\u2013 Evet, buraya ilk kez geldiklerinde hep \u00f6yle s\u00f6yler \u00e7ocuklar.\u2013 Ya sonra?\u2013 Sonra d\u00fc\u015f\u00fcnd\u00fckleri<span class=\"excerpt-hellip\"> [\u2026]<\/span><\/p>\n","protected":false},"featured_media":0,"template":"","meta":{"_monsterinsights_skip_tracking":false,"_monsterinsights_sitenote_active":false,"_monsterinsights_sitenote_note":"","_monsterinsights_sitenote_category":0},"product_brand":[],"product_cat":[12274,14573],"product_tag":[],"class_list":{"0":"post-723203","1":"product","2":"type-product","3":"status-publish","5":"product_cat-cocuk-ve-genclik-kitaplari","6":"product_cat-referans-kitaplar-cocuk-ve-genclik-kitaplari","7":"pa_cilt-ciltsiz","8":"pa_tur-kitap","9":"pa_yayinevi-hayat-okul-yayinlari","10":"pa_yazar-feyza-binbir","12":"first","13":"instock","14":"sale","15":"shipping-taxable","16":"purchasable","17":"product-type-simple"},"_links":{"self":[{"href":"https:\/\/roveyayinevi.com.tr\/index.php\/wp-json\/wp\/v2\/product\/723203","targetHints":{"allow":["GET"]}}],"collection":[{"href":"https:\/\/roveyayinevi.com.tr\/index.php\/wp-json\/wp\/v2\/product"}],"about":[{"href":"https:\/\/roveyayinevi.com.tr\/index.php\/wp-json\/wp\/v2\/types\/product"}],"wp:attachment":[{"href":"https:\/\/roveyayinevi.com.tr\/index.php\/wp-json\/wp\/v2\/media?parent=723203"}],"wp:term":[{"taxonomy":"product_brand","embeddable":true,"href":"https:\/\/roveyayinevi.com.tr\/index.php\/wp-json\/wp\/v2\/product_brand?post=723203"},{"taxonomy":"product_cat","embeddable":true,"href":"https:\/\/roveyayinevi.com.tr\/index.php\/wp-json\/wp\/v2\/product_cat?post=723203"},{"taxonomy":"product_tag","embeddable":true,"href":"https:\/\/roveyayinevi.com.tr\/index.php\/wp-json\/wp\/v2\/product_tag?post=723203"}],"curies":[{"name":"wp","href":"https:\/\/api.w.org\/{rel}","templated":true}]}}