{"id":723201,"date":"2025-08-27T19:15:00","date_gmt":"2025-08-27T16:15:00","guid":{"rendered":"https:\/\/roveyayinevi.com.tr\/index.php\/urun\/bir-gurmenin-kapitalizm-rehberi\/"},"modified":"2026-04-16T02:31:03","modified_gmt":"2026-04-15T23:31:03","slug":"bir-gurmenin-kapitalizm-rehberi","status":"publish","type":"product","link":"https:\/\/roveyayinevi.com.tr\/index.php\/urun\/bir-gurmenin-kapitalizm-rehberi\/","title":{"rendered":"Bir Gurmenin Kapitalizm Rehberi"},"content":{"rendered":"<p>Bu kitap, kapitalist g\u0131da sistemine dikkat \u00e7ekerek sistemin olu\u015fumundan, g\u0131dan\u0131n metala\u015ft\u0131r\u0131lmas\u0131na uzanan tarihsel a\u015f\u0131nmay\u0131 ele al\u0131yor.Tar\u0131msal kapitalizmle meydana gelen g\u0131da g\u00fcvensizli\u011fi ve beslenmeye ba\u011fl\u0131 olu\u015fan hastal\u0131klar\u0131 a\u015fmak ad\u0131na herkesi \u00fczerine d\u00fc\u015fen g\u00f6revi yapmaya \u00e7a\u011f\u0131r\u0131yor. Kitap, g\u0131da sisteminin de\u011fi\u015fiminin ger\u00e7ekle\u015febilmesi i\u00e7in ilk olarak ekonomik sistemin de\u011fi\u015fmesi gere\u011fine vurgu yap\u0131yor.Kamu, \u00f6zel ve ortak m\u00fclkiyetin g\u0131da sistemlerinin yap\u0131m\u0131nda oynad\u0131\u011f\u0131 birbiriyle ili\u015fkili rol\u00fc inceliyor.Beyaz olmayan, kad\u0131n ve yoksullar\u0131n s\u00f6m\u00fcr\u00fclmesinin ortak k\u00f6kenlerini analiz ederek, ataerkillik, \u0131rk\u00e7\u0131l\u0131k ve s\u0131n\u0131f\u00e7\u0131l\u0131\u011f\u0131n g\u0131da sistemindeki politik ekonomik ge\u00e7mi\u015fine bak\u0131yor.Bir Gurmenin Kapitalizm Rehberi, g\u0131da sistemimiz hakk\u0131ndaki ger\u00e7ekleri g\u00f6zler \u00f6n\u00fcne seriyor\u2026<\/p>\n","protected":false},"excerpt":{"rendered":"<p>Bu kitap, kapitalist g\u0131da sistemine dikkat \u00e7ekerek sistemin olu\u015fumundan, g\u0131dan\u0131n metala\u015ft\u0131r\u0131lmas\u0131na uzanan tarihsel a\u015f\u0131nmay\u0131 ele al\u0131yor.Tar\u0131msal kapitalizmle meydana gelen g\u0131da g\u00fcvensizli\u011fi ve beslenmeye ba\u011fl\u0131 olu\u015fan hastal\u0131klar\u0131<span class=\"excerpt-hellip\"> [\u2026]<\/span><\/p>\n","protected":false},"featured_media":0,"template":"","meta":{"_monsterinsights_skip_tracking":false,"_monsterinsights_sitenote_active":false,"_monsterinsights_sitenote_note":"","_monsterinsights_sitenote_category":0},"product_brand":[],"product_cat":[13059,12337],"product_tag":[],"class_list":{"0":"post-723201","1":"product","2":"type-product","3":"status-publish","5":"product_cat-diger-politika-siyaset","6":"product_cat-politika-siyaset","7":"pa_cilt-ciltsiz","8":"pa_tur-kitap","9":"pa_yayinevi-efil-yayinevi","10":"pa_yazar-eric-holt-gimenez","12":"first","13":"instock","14":"sale","15":"shipping-taxable","16":"purchasable","17":"product-type-simple"},"_links":{"self":[{"href":"https:\/\/roveyayinevi.com.tr\/index.php\/wp-json\/wp\/v2\/product\/723201","targetHints":{"allow":["GET"]}}],"collection":[{"href":"https:\/\/roveyayinevi.com.tr\/index.php\/wp-json\/wp\/v2\/product"}],"about":[{"href":"https:\/\/roveyayinevi.com.tr\/index.php\/wp-json\/wp\/v2\/types\/product"}],"wp:attachment":[{"href":"https:\/\/roveyayinevi.com.tr\/index.php\/wp-json\/wp\/v2\/media?parent=723201"}],"wp:term":[{"taxonomy":"product_brand","embeddable":true,"href":"https:\/\/roveyayinevi.com.tr\/index.php\/wp-json\/wp\/v2\/product_brand?post=723201"},{"taxonomy":"product_cat","embeddable":true,"href":"https:\/\/roveyayinevi.com.tr\/index.php\/wp-json\/wp\/v2\/product_cat?post=723201"},{"taxonomy":"product_tag","embeddable":true,"href":"https:\/\/roveyayinevi.com.tr\/index.php\/wp-json\/wp\/v2\/product_tag?post=723201"}],"curies":[{"name":"wp","href":"https:\/\/api.w.org\/{rel}","templated":true}]}}