{"id":723200,"date":"2025-08-27T19:14:59","date_gmt":"2025-08-27T16:14:59","guid":{"rendered":"https:\/\/roveyayinevi.com.tr\/index.php\/urun\/benim-yolum-benim-oyunum\/"},"modified":"2026-04-16T02:31:03","modified_gmt":"2026-04-15T23:31:03","slug":"benim-yolum-benim-oyunum","status":"publish","type":"product","link":"https:\/\/roveyayinevi.com.tr\/index.php\/urun\/benim-yolum-benim-oyunum\/","title":{"rendered":"Benim Yolum Benim Oyunum"},"content":{"rendered":"<p>Luigi Datome\u2019den farkl\u0131 bir ba\u015far\u0131 \u00f6yk\u00fcs\u00fc&#8230;\u00dcnl\u00fc \u0130talyan basketbolcu Luigi \u2013Gigi\u2013 Datome, amat\u00f6r basketbol liginden \u0130talya milli tak\u0131m\u0131na, NBA\u2019e ve sonunda Fenerbah\u00e7e\u2019ye uzanan hik\u00e2yesini onu t\u00fcm d\u00fcnyada \u00fcnl\u00fc yapan kendine has \u00f6zellikleriyle ortaya koyuyor.Basketbol oynama \u015fekli, ya\u015fam tarz\u0131, hobileri, an\u0131lar\u0131 ve Gigi\u2019yi bir insan olarak g\u00f6rmemizi sa\u011flayan bir\u00e7ok ayr\u0131nt\u0131, onun i\u00e7in \u00f6nemli olan e\u015fyalar\u0131n etraf\u0131nda \u015fekillenip bir araya geliyor ve ortaya Gigi\u2019nin kendisi gibi s\u0131rad\u0131\u015f\u0131 bir biyografi \u00e7\u0131k\u0131yor. Minyat\u00fcr bir EuroLeague kupas\u0131, \u00e7ok sevdi\u011fi gitar\u0131 ya da u\u011furuna inand\u0131\u011f\u0131 sar\u0131 ayakkab\u0131lar\u0131 onun tan\u0131may\u0131 isteyece\u011finiz ilgin\u00e7 yanlar\u0131n\u0131 ke\u015ffetmenizi sa\u011fl\u0131yor.Benim Yolum Benim Oyunum bir basketbolcunun spor kariyerinden \u00e7ok daha fazlas\u0131&#8230; Ba\u015far\u0131y\u0131 da ba\u015far\u0131s\u0131zl\u0131\u011f\u0131 da tatman\u0131n, \u00f6\u011frenmenin, zorluklar\u0131 a\u015fman\u0131n ya da bazen sadece kabullenmenin, hayatta nefes alacak alanlar a\u00e7man\u0131n \u00f6nemini vurgulayan bir hayat hik\u00e2yesi. Sadece basketbol merakl\u0131lar\u0131 i\u00e7in de\u011fil,yediden yetmi\u015fe herkes i\u00e7in ilham verici bir okuma deneyimi.Zeljko Obradovic\u2019in \u00f6ns\u00f6z\u00fcyle&#8230; <\/p>\n","protected":false},"excerpt":{"rendered":"<p>Luigi Datome\u2019den farkl\u0131 bir ba\u015far\u0131 \u00f6yk\u00fcs\u00fc&#8230;\u00dcnl\u00fc \u0130talyan basketbolcu Luigi \u2013Gigi\u2013 Datome, amat\u00f6r basketbol liginden \u0130talya milli tak\u0131m\u0131na, NBA\u2019e ve sonunda Fenerbah\u00e7e\u2019ye uzanan hik\u00e2yesini onu t\u00fcm d\u00fcnyada<span class=\"excerpt-hellip\"> [\u2026]<\/span><\/p>\n","protected":false},"featured_media":0,"template":"","meta":{"_monsterinsights_skip_tracking":false,"_monsterinsights_sitenote_active":false,"_monsterinsights_sitenote_note":"","_monsterinsights_sitenote_category":0},"product_brand":[],"product_cat":[14009,12291],"product_tag":[],"class_list":{"0":"post-723200","1":"product","2":"type-product","3":"status-publish","5":"product_cat-biyografi-otobiyografi-edebiyat","6":"product_cat-edebiyat","7":"pa_cilt-ciltsiz","8":"pa_tur-kitap","9":"pa_yayinevi-nemesis-kitap","10":"pa_yazar-luigi-datome-francesco-carotti","12":"first","13":"instock","14":"sale","15":"shipping-taxable","16":"purchasable","17":"product-type-simple"},"_links":{"self":[{"href":"https:\/\/roveyayinevi.com.tr\/index.php\/wp-json\/wp\/v2\/product\/723200","targetHints":{"allow":["GET"]}}],"collection":[{"href":"https:\/\/roveyayinevi.com.tr\/index.php\/wp-json\/wp\/v2\/product"}],"about":[{"href":"https:\/\/roveyayinevi.com.tr\/index.php\/wp-json\/wp\/v2\/types\/product"}],"wp:attachment":[{"href":"https:\/\/roveyayinevi.com.tr\/index.php\/wp-json\/wp\/v2\/media?parent=723200"}],"wp:term":[{"taxonomy":"product_brand","embeddable":true,"href":"https:\/\/roveyayinevi.com.tr\/index.php\/wp-json\/wp\/v2\/product_brand?post=723200"},{"taxonomy":"product_cat","embeddable":true,"href":"https:\/\/roveyayinevi.com.tr\/index.php\/wp-json\/wp\/v2\/product_cat?post=723200"},{"taxonomy":"product_tag","embeddable":true,"href":"https:\/\/roveyayinevi.com.tr\/index.php\/wp-json\/wp\/v2\/product_tag?post=723200"}],"curies":[{"name":"wp","href":"https:\/\/api.w.org\/{rel}","templated":true}]}}